{"id":422,"date":"2014-07-14T14:40:17","date_gmt":"2014-07-14T14:40:17","guid":{"rendered":"http:\/\/www.falkner-radler.at\/?page_id=422"},"modified":"2025-03-13T18:37:54","modified_gmt":"2025-03-13T17:37:54","slug":"forschung","status":"publish","type":"page","link":"https:\/\/augenchirurgie.org\/ru\/kompetenz\/forschung\/","title":{"rendered":"Forschung"},"content":{"rendered":"<p><img decoding=\"async\" class=\"lazyload alignleft wp-image-12374 size-medium\" title=\"Dr. Falkner-Radler\" src=\"https:\/\/augenchirurgie.org\/wp-content\/uploads\/2014\/07\/Augenforschung-Falkner-Radler-300x300.jpg\" data-orig-src=\"https:\/\/augenchirurgie.org\/wp-content\/uploads\/2014\/07\/Augenforschung-Falkner-Radler-300x300.jpg\" alt=\"Augen\u00e4rztin, Forschung, Wissenschaftliche Arbeit Augen\" width=\"300\" height=\"300\" srcset=\"data:image\/svg+xml,%3Csvg%20xmlns%3D%27http%3A%2F%2Fwww.w3.org%2F2000%2Fsvg%27%20width%3D%27300%27%20height%3D%27300%27%20viewBox%3D%270%200%20300%20300%27%3E%3Crect%20width%3D%27300%27%20height%3D%27300%27%20fill-opacity%3D%220%22%2F%3E%3C%2Fsvg%3E\" data-srcset=\"https:\/\/augenchirurgie.org\/wp-content\/uploads\/2014\/07\/Augenforschung-Falkner-Radler-66x66.jpg 66w, https:\/\/augenchirurgie.org\/wp-content\/uploads\/2014\/07\/Augenforschung-Falkner-Radler-150x150.jpg 150w, https:\/\/augenchirurgie.org\/wp-content\/uploads\/2014\/07\/Augenforschung-Falkner-Radler-300x300.jpg 300w, https:\/\/augenchirurgie.org\/wp-content\/uploads\/2014\/07\/Augenforschung-Falkner-Radler.jpg 400w\" data-sizes=\"auto\" data-orig-sizes=\"(max-width: 300px) 100vw, 300px\" \/><\/p>\n<h2>Wissenschaftliche Arbeiten und Forschung Dr. Falkner-Radler<\/h2>\n<p>Meine wissenschaftliche T\u00e4tigkeit mit dem Schwerpunkt hinterer Augenabschnitt (Netzhaut und Makula) begannen bereist w\u00e4hrend meiner Ausbildung an der Krankenanstalt Rudolfstiftung (Klinik Landstra\u00dfe).<\/p>\n<p>Neben Arbeiten zu den bis dato etablierten Operationsverfahren zur Behandlung von Netzhautabhebungen (<a href=\"http:\/\/www.ncbi.nlm.nih.gov\/pubmed\/19085785\">Buckelchirurgie<\/a>, Prim\u00e4re Vitrektomie und\u00a0<a href=\"http:\/\/www.ncbi.nlm.nih.gov\/pubmed\/11673299\">Silikon\u00f6lchirurgie<\/a>) habe ich unterschiedliche Operationsverfahren bei Endstadien der altersbedingten Makuladegeneration (AMD) erforscht:\u00a0<a href=\"http:\/\/www.ncbi.nlm.nih.gov\/pubmed\/16673139\">Submakul\u00e4re Chirurgie<\/a>,\u00a0<a href=\"http:\/\/www.ncbi.nlm.nih.gov\/pubmed\/20610478\">Transplantation von Pigmentepithelzellen<\/a> (Suspension) und Pigmentepithelteilen (Flap) der Netzhaut. Siehe dazu auch den\u00a0<a href=\"https:\/\/www.springermedizin.at\/das-alternde-auge\/14916968\" target=\"_blank\" rel=\"noopener noreferrer\">Buchtipp und das Interview: \u201eDas alternde Auge\u201d.<\/a><\/p>\n<p>Es folgten Forschungen zu neuesten Untersuchungsmethoden, der\u00a0<a href=\"http:\/\/www.ncbi.nlm.nih.gov\/pubmed\/19320301\">Optischen Koh\u00e4renztomographie (OCT)<\/a>, die eine \u00e4u\u00dferst detailgetreue Darstellung der einzelnen Schichten und Ver\u00e4nderungen der Netzhautmitte (Makula) erlaubt und somit unverzichtbar bei der Diagnosestellung der altersbedingten\u00a0<a href=\"http:\/\/www.ncbi.nlm.nih.gov\/pubmed\/19029035\">Makuladegeneration (AMD)<\/a>, von\u00a0<a href=\"http:\/\/www.ncbi.nlm.nih.gov\/pubmed\/20045567\">epiretinalen Membranen <\/a><a href=\"http:\/\/www.ncbi.nlm.nih.gov\/pubmed\/17867800\">(siehe auch: Verweis 2)<\/a> und Makulaforamen wurde.<\/p>\n<p>Zus\u00e4tzlich wurden Studien \u00fcber Operationsergebnisse dieser Patienten durchgef\u00fchrt und \u00fcber viel versprechende Ergebnisse nach kombinierter Chirurgie (<a href=\"http:\/\/www.ncbi.nlm.nih.gov\/pubmed\/18812129\">Kataraktoperation kombiniert mit Vitrektomie<\/a>, siehe auch\u00a0<a href=\"http:\/\/www.ncbi.nlm.nih.gov\/pubmed\/19485291\">Verweis 2<\/a>), auch unter Verwendung neuester Technologien, berichtet.<\/p>\n<p>Die Verleihung der Lehrbefugnis f\u00fcr Augenheilkunde und Optometrie als Privatdozentin erfolgte auf der Grundlage meiner Habilitationsschrift \u00fcber \u201eNeueste Erkenntnisse in der Behandlung der Netzhautabhebung und der Makulachirurgie\u201c und meiner zahlreichen wissenschaftlichen Arbeiten. Aufgrund meiner Forschung und Erfahrung bin ich zum Adjunct Associate Professor of Clinical Ophthalmology der\u00a0<a href=\"https:\/\/eye.weillcornell.org\" target=\"_blank\" rel=\"noopener noreferrer\">Cornell University<\/a>\u00a0berufen worden.<\/p>\n<p><strong>Erstautorschaften:<\/strong><\/p>\n<p class=\"p1\"><strong><em>Falkner-Radler C.I.<\/em><\/strong> Vollst\u00e4ndige Visuserholung trotz Maklua-off-Amotio. Augenspiegel 2020, J\u00e4nner: 26-27.<\/p>\n<p><strong><em>Falkner-Radler C.I.<\/em><\/strong>, Glittenberg C, Gabriel M, Binder S. Intrasurgical\u00a0Micropscope-Integrated Spectral-Domain Optical Coherence Tomography\u00a0assisted Membrane Peeling. Retina\u00a02015;35(10):2100-6<span class=\"s1\">.<\/span><\/p>\n<p><em><strong>Falkner-Radler C.I.,<\/strong><\/em> Graf A, Binder S. Vitrectomy combined with endolaser or\u00a0an encircling scleral buckle in primary retinal detachment surgery: a pilot study. Acta Ophthalmol. 2015; 93(5):464-9.<\/p>\n<p><strong><em>Falkner-Radler C.I.<\/em><\/strong><em>,<\/em> Gabriel M., Binder S. Spontaneous closure of an idiopathic macular hole 9 months after unsuccessful vitreoretinal surgery. Retinal Cases &amp; Brief Reports 2014;8(3):157-60.<\/p>\n<p><strong><em>Falkner-Radler CI<\/em><\/strong>, Smretschnig E, Graf A, Binder S. Outcome after silicone oil Removal and simultaneous 360\u00b0 endolaser treatment. Acta Ophthalmol. 2011; 89(1):e46-51.<\/p>\n<p><strong><em>Falkner-Radler CI<\/em><\/strong>, Myung JS, Moussa S, Chan RVP, Smretschnig E, Kiss S, Graf A, D\u2019Amico DJ, Binder S. Trends in Primary Retinal Detachment Surgery: Results of a Bicenter Study. Retina 2011; 31(5):928-36.<\/p>\n<p><strong><em>Falkner-Radler CI<\/em><\/strong>, Krebs I, Glittenberg C, Povazay B, Drexler W, Graf A, Binder S. Human retinal pigment epithelium (RPE) transplantation: outcome after autologous RPE-choroid sheet and RPE cell-suspension in a randomised clinical study. Br J Ophthalmol 2010; 95(3):370-5.<\/p>\n<p><strong><em>Falkner-Radler CI<\/em><\/strong>, Glittenberg C, Hagen S, Benesch T, Binder S. Spectral-Domain Optical Coherence Tomography for Monitoring Epiretinal Membrane Surgery; Ophthalmology 2010; 117(4): 789-805.<\/p>\n<p><strong><em>Falkner-Radler CI<\/em><\/strong>, Benesch T, Binder S. Accuracy of Preoperative Biometry in Vitrectomy Combined with Cataract Surgery for Patients with Epiretinal Membranes and Macular Holes: Results of a Prospective Controlled Clinical Trial. J Cataract Refract Surg 2008; 34(10):1754-1760.<\/p>\n<p><strong><em>Falkner-Radler CI<\/em><\/strong>, Binder S. Langzeitresultate nach mikrochirurgischer skleraeindellender Ablatiochirurgie, Klinisches Monatsblatt f\u00fcr Augenheilkunde 2008; 225(12):1055-1061.<\/p>\n<p><strong><em>Falkner-Radler CI<\/em><\/strong>, Glittenberg C, Binder S. Spectral Domain High-definition Optical Coherence Tomography in Patients Undergoing Epiretinal Membrane Surgery. Ophthalmic Surgery, Lasers and Imaging 2008; 29:S50-S56.<\/p>\n<p><strong><em>Falkner-Radler CI<\/em><\/strong>, Benesch T, Binder S. Blue light-Filter intraocular lenses in vitrectomy combined with cataract surgery: Results of a randomized controlled clinical trial. Am J Ophthalmol 2008; 145(3):499-503.<\/p>\n<p><strong><em>Falkner CI<\/em><\/strong>, Leitich H, Frommlet F; Bauer P, Binder S. The end of submacular surgery for age related macular degeneration: A meta\u2013analysis. Graefe\u2019s Archive for Clinical and Experimental Ophthalmology 2007; 245(4): 490-501.<\/p>\n<p><em><strong>Falkner CI<\/strong><\/em>, Binder S, Leitich H: Systematischer Review der submakul\u00e4ren Chirurgie bei altersabh\u00e4ngiger Makuladegeneration (AMD). Spektrum der Augenheilkunde 2003;17(1):15-20.<\/p>\n<p><strong><em>Falkner CI<\/em><\/strong>, Binder S, Kruger A. Outcome after silicone oil removal. Br J Ophthalmol 2001;85(11):1324-1327.<\/p>\n<p><strong><em>Falkner CI<\/em><\/strong>, Binder S, Kruger A. Resultate nach Silikon\u00f6lentfernung bei PVR-F\u00e4llen. Spektrum der Augenheilkunde 2001;15\/3:101-106.<\/p>\n<p><strong><em>Falkner CI<\/em><\/strong>, Binder S. Mikrochirurgisch versorgte Netzhautabl\u00f6sungen. Spektrum der Augenheilkunde 2001;15\/6:233-237.<\/p>\n<p><strong>Koautorschaften:<\/strong><\/p>\n<p>Lytvynchuk LM, <strong><em>Falkner-Radler CI,<\/em><\/strong> Grzybowski A et.al Influence of optic media of the human eye on the imaging of Argus\u00ae II retinal prosthesis with intraoperative spectral-domain optical coherence tomography \u2013 Einfluss der optischen Medien des menschlichen Auges auf die Bildgebung einer Argus\u00ae-II-Retinaprothese mit intraoperativer Spectral-Domain optischer Koh\u00e4renztomografie. Spektrum der Augenheilkunde 2020;34:1-9<\/p>\n<p>Lytvynchuk LM, <strong><em>Falkner-Radler<\/em><\/strong> <strong><em>CI<\/em><\/strong>, Krepler K et.al. Dynamic intraoperative optical coherence tomography for inverted internal limiting membrane flap technique in large macular hole surgery, Graefe\u2019s Archive for Clinical and Experimental Ophthalmology 2019<\/p>\n<p>Lytvynchuk LM, <strong><em>Falkner-Radler<\/em><\/strong> <strong><em>CI<\/em><\/strong>, Grzybowski A et.al Influence of optic media of the human eye on the imaging of Argus\u00ae II retinal prosthesis with intraoperative spectral-domain optical coherence tomographyEinfluss der optischen Medien des menschlichen Auges auf die Bildgebung einer Argus\u00ae-II-Retinaprothese mit intraoperativer Spectral-Domain optischer Koh\u00e4renztomografie. Spektrum der Augenheilkunde 2019 [Epub ahead of print].<\/p>\n<p>Smretschnig E, <strong><em>Falkner-Radler CI<\/em><\/strong>, Sp\u00f6rl J, Kivaranovic D, Binder S, Krepler K. Primary Retinal Detachment Surgery: Changes in Treatment and Outcome in an Austrian Tertiary Eye Center, Ophthalmologica 2017; 237:55-62.<\/p>\n<p class=\"p1\">Lytvynchuk LM, Glittenberg CG,<em><strong> Falkner-Radler CI<\/strong> <\/em>et al. Evaluation of intraocular lens position during phacoemulsification using intraoperative spectral-domain optical\u00a0coherence\u00a0tomography.\u00a0J Cataract Refract Surg. 2016;42(5):694-702.<\/p>\n<p>Haas P, <strong><em>Falkner-Radler CI<\/em><\/strong>, Wimpissinger B, Zebrowska M, Binder S. Needle Size in intravitreal injections- pain evaluation of a randomized clinical. trial.\u00a0<span class=\"s1\">Acta Ophthalmol <\/span>2016;94(2):198-202.<\/p>\n<p>Smretschnig S,\u00a0 <strong><em>Falkner-Radler CI,<\/em><\/strong> Binder S, Sp\u00f6rl J, Ristl R, Glittenberg C,\u00a0 Krepler K. Vision-related Quality of Life and Visual Function after Retinal Detachment Surgery,\u00a0<span class=\"s1\">Retina <\/span>2016;36(5):967-73<span class=\"s1\">. <\/span><\/p>\n<p>Gabriel M, <strong><em>Falkner-Radler CI<\/em><\/strong> und\u00a0 Binder S. Subretinal migration of Membrane Blue-Dual during epiretinal membrane peeling.\u00a0Spektrum Augenheilkunde 2015;29,(4):156-158.<\/p>\n<p>Lee S, <strong><em>Falkner-Radler CI<\/em><\/strong> und Binder S. The course of lamellar macular holes: assessment by Cirrus and Stratus OCT. Spektrum der Augenheilkunde, 2014, 28: 142<\/p>\n<p>Brunner S, Mora A, Fonseca J, Weber T, <strong><em>Falkner-Radler CI<\/em><\/strong>, Oeser R, Binder S. Monitoring of Drusen and Geographic Atrophy Area Size after Cataract Surgery Using the MD3RI Tool for Computer-Aided Contour Drawing. Ophthalmologica 2013; 229 (7):86-93.<\/p>\n<p>Binder S, <strong><em>Falkner-Radler CI<\/em><\/strong>; Hauger C, Matz H, Glittenberg C. \u201eFeasibility of intrasurgical spectral-domain-optical coherence tomography. Retina 2011; 31(7):1332-6.<\/p>\n<p>Hagen S, Krebs I, Haas P, Glittenberg C, <strong><em>Falkner-Radler CI<\/em><\/strong>, Graf A, Ansari Shahrezaei S, Binder S. Reproducibility and comparison of retinal thickness and volume measurements in normal eyes determined with two different Cirrus OCT scanning protocols. Retina 2011;31(1):41-47.<\/p>\n<p>Glittenberg C, Krebs I, <strong><em>Falkner-Radler C<\/em><\/strong>, Zeiler F, Haas P, Hagen S, Binder S. Advantages of using a ray-traced, three-dimensional rendering system for spectral domain Cirrus HD-OCT to visualize subtle structures of the vitreoretinal interface. Ophthalmic Surg Lasers Imaging. 2009;40:127-34.<\/p>\n<p>Krebs I, <strong><em>Falkner-Radler C<\/em><\/strong>; Hagen S; Haas P; Brannath W; Lie S; Ansari-Shahrezaei S; Binder S. Qualitiy of Threshold Algorithm in Age-related Macular Degeneration: Stratus versus Cirrus OCT; Invest Ophthalmol Vis Sci 2009; 50(3):995-1000.<\/p>\n<p>Glittenberg C, Krebs I, <strong><em>Falkner-Radler C<\/em><\/strong>, Zeiler F, Haas P, Hagen S, Binder S. Advantages of Using a Ray-traced, Three-dimensional Rendering System for Spectral Domain Cirrus HD-OCT to Visualize Subtle Structures of the Vitreoretinal Interface. Ophthalmic Surgery, Lasers and Imaging 2008; 39:S21-S29.<\/p>\n<p>Povazay B, Hermann B, Unterhuber A, Hofer B, Sattmann H, Zeiler F,Morgan JE, <strong><em>Falkner-Radler C<\/em><\/strong>, Glittenberg C, Blinder S, Drexler W. Three-dimensional optical coherence tomography at 1050 nm versus 800 nm in retinal pathologies: Enhanced performance and choroidal penetration in cataract patients. J Biomed Opt 2007;12(4):041211.<\/p>\n<p>C. Glittenberg, B. Povaczay, B. Hermann, F. Zeiler, <strong><em>C. Falkner<\/em><\/strong>, W. Drexler, S. Binder. Dreidimensionale Rekonstruktion von Schichtbildaufnahmen der Netzhaut. Spektrum Augenheilkd 2007; 21:13-16.<\/p>\n<p><strong>Buchbeitr\u00e4ge:<\/strong><\/p>\n<p>Susanne Binder and <strong><em>Christiane Falkner-Radler<\/em><\/strong>: Chapter XII: Age related changes in the Macula Lutea: I Types and future directions, <strong><em>Christiane Falkner-Radle<\/em><\/strong><strong><em>r<\/em><\/strong> and Susanne Binder. Chapter XIII: Age related changes in the Macula Lutea: II Idiopathic Macular Holes, <strong><em>Christiane Falkner-Radler<\/em><\/strong> and Susanne Binder. Chapter XIV: Age related changes in the Macula Lutea: Epiretinal Membranes; Age-Related Changes of the Human Eye, Series: Aging Medicine by Carlo Cavallotti, Springer Verlag 2008<\/p>\n<p><strong><em>Falkner CI<\/em><\/strong>, Binder S, Leitich H. Submacular Surgery for Age &#8211; Related Macular Degeneration: A Systematic Review; The Macula- Diagnosis, Treatment and Future Trends by Binder S, Springer Verlag, 2004<\/p>\n<p>Binder S, Glittenberg C, <strong><em>Falkner-Radler C<\/em><\/strong>, Krebs I. Influence of vitreous Traction on AMD. Anomalous posterior vitreous detachment is associated with dry AMD, and vitreomacular attachment with wet AMD. Retina Today 2009.<\/p>\n<p><strong>Interview:<\/strong><\/p>\n<p>\u201eDas alternde Auge\u201d (\u201cThe Aging Eye\u201c) \u2013 an interview with<em> <strong>Christiane I. Falkner-Radler, M.D. <\/strong><\/em>by Inge Smolek, Spektrum der Augenheilkunde 2008 22\/6: 393\u2013395.<\/p>\n<p><strong>Abstracts: <\/strong><\/p>\n<p><em><strong>Falkner CI<\/strong><\/em>, Bukaty E, Krebs I. 27-Gauge vitrectomy &#8211; the smaller the better? 2017, Acta Ophthalmologica<\/p>\n<p>Smretschnig S, Krepler K, <strong><em>Falkner-Radler CI<\/em><\/strong>, Sp\u00f6rl J, Binder S. Surgery for primary rhegmatogenous retinal detachment- Anatomical and visual outcome. Invest Ophthalmol Vis Sci 2014; <em>55<\/em><em>:<\/em><em>1086.<\/em><\/p>\n<p><strong><em>Falkner-Radler CI<\/em><\/strong><em>, Binder S. <\/em>Refractive Outcome after Combined Microincision Cataract Surgery and 23-Gauge Vitrectomy. Invest Ophthalmol Vis Sci 2014; <em>55<\/em><em>:<\/em><em>2344.<\/em><\/p>\n<p>Bukaty E, <strong><em>Falkner-Radler CI<\/em><\/strong>, Smretschnig K, Krepler K, Sp\u00f6rl J, Binder S. Refractive Outcome after Combined Cataract Surgery and Vitrectomy in Patients with Retinal Detachments. <cite>ARVO Meeting Abstracts <\/cite><em>April 30, 2014 <\/em><em>55<\/em><em>:<\/em><em>1116.<\/em><\/p>\n<p><strong><em>Falkner Radler CI, <\/em><\/strong><em>Cho M, Graf A, Orlin A, Chan RVP, Kiss S, D\u00b4Amico D, <\/em>Binder S. Symptomatic Posterior Vitreous Detachment: The predictive value of the posterior hyaloid face and symptomatology Invest Ophthalmol Vis Sci <em>2013 54:2842<\/em><\/p>\n<p><strong><em>Falkner-Radler CI<\/em><\/strong>, Wimpissinger B, Glittenberg C; Graf A, Binder S. Needle Size in Intravitreal Injections-Preliminary Results of a Randomized Clinical Trial. Invest Ophthalmol Vis Sci 2012; 53: E-Abstract 884.<\/p>\n<p>Glittenberg C, De Lamar P, Esmaeelpour M, Zeiler F, <strong><em>Falkner Radler CI<\/em><\/strong>, Binder S. The Use of Triamcinolone as a Contrast Agent for Intrasurgical OCT. Invest Ophthalmol Vis Sci 2012; 53: E-Abstract 2095<\/p>\n<p>Lie S, <strong><em>Falkner Radler CI<\/em><\/strong>, Hochwarter A, Smretschnig E, Binder S. The Course of Lamellar Macular Holes assessed with Cirrus and Stratus OCT. Invest Ophthalmol Vis Sci 2012; 53: E-Abstract 5214<\/p>\n<p><strong><em>Falkner-Radler CI<\/em><\/strong>, Myung JS, Moussa S, Chan RVP, Smretschnig E, Kiss S,Graf A, D\u2019Amico DJ, Binder S. Trends in Primary Rhegmatogenous Retinal Detachment Surgery Based on a Bicenter Study. Invest Ophthalmol Vis Sci 2011; 52: E-Abstract 6175.<\/p>\n<p>S Binder, <strong><em>C. I.<\/em><\/strong> <strong><em>Falkner-Radler<\/em><\/strong> , C Hauger, H Matz, C Glittenberg.Clinical Applications of Intrasurgical SD-Optical Coherence Tomography. Invest Ophthalmol Vis Sci 2011; 52: E-Abstract 268.<\/p>\n<p>S Binder, C Glittenberg, C Hauger, H Matz, <strong><em>CI<\/em><\/strong> <strong><em>Falkner-Radler. <\/em><\/strong>The value of an intrasurgical SD-Optical Coherence Tomography. Invest Ophthalmol Vis Sci 2011; 52: E-Abstract 1325.<\/p>\n<p><strong><em>C. I. Falkner-Radler<\/em><\/strong>, C. Glittenberg, S. Hagen, S. Binder. \u201eSpectral-domain optical coherence tomography in epiretinal membrane surgery. Invest Ophthalmol Vis Sci 2010; 51: E-Abstract 2555.<\/p>\n<p>S Binder, <strong><em>C. I.<\/em><\/strong> <strong><em>Falkner-Radler<\/em><\/strong> , C Hauger, H Matz, C Glittenberg.Clinical Applications of Intrasurgical SD-Optical Coherence Tomography. Invest Ophthalmol Vis Sci 2010; 52: E-Abstract 268.<\/p>\n<p><strong><em>C. I. Falkner-Radler<\/em><\/strong> and S. Binder. Primary Vitrectomy Combined With 360\u00b0 Endolaser or Encircling Band for Rhegmatogenous Retinal Detachment (V.E.E. Study): Intermediate Results. Invest Ophthalmol Vis Sci 2009; 50: E-Abstract 2064.<\/p>\n<p>S. Binder, C. Glittenberg, <strong><em>C. I. Falkner-Radler<\/em><\/strong> and I. Krebs. 3-D SD- OCT for Higher Precision in the Evaluation of Vitreoretinal Adhesions in Exudative AMD. Invest Ophthalmol Vis Sci 2009;50<em>: <\/em>E-Abstract 5245.<\/p>\n<p><strong><em>C. I. Falkner-Radler<\/em><\/strong>, C. Glittenberg, P. Haas, and S. Binder. Cirrus HD-OCT for Evaluation of Epiretinal Membranes. Invest Ophthalmol Vis Sci 2008; 49: E-Abstract 4685.<\/p>\n<p>C. G. Glittenberg, <strong><em>C. Falkner<\/em><\/strong>, F. Zeiler, S. Hagen, H. Paulina, I. Krebs, and S. Binder. A Raytraced Three Dimensional Display System for Visualizing Subtle Structures of the Vitreo-Retinal Interface Using Data from the Cirrus-HD OCT. Invest Ophthalmol Vis Sci 2008; 49: E-Abstract 1836.<\/p>\n<p><strong>C. I. <em>Falkner-Radler<\/em><\/strong>, C. Glittenberg, B. Povazay, W. Drexler, and S. Binder. Correlation of UHR OCT With Standard-Resolution OCT and Visual Outcome After Autologous RPE Transplantation in AMD. Invest Ophthalmol Vis Sci 2007; 48: E-Abstract 5083.<\/p>\n<p>B. Povazay, B. Hermann, A. Unterhuber, H. Sattmann, F. Zeiler, J. E. Morgan, C. <strong><em>Falkner-Radler<\/em><\/strong>, C. Glittenberg, S. Binder, and W. Drexler. Three-Dimensional High Speed OCT at 1050 nm vs. 800 nm: Enhanced Penetration Into Choroidal Tissue and Through Cataracts. Invest Ophthalmol Vis Sci 2007; 48: E-Abstract 4264.<\/p>\n<p>C. G. Glittenberg, B. Povazay, B. Hermann, Z. Florian, <strong><em>C. Falkner<\/em><\/strong>, S. Harald, W. Drexler, and S. Binder<strong>. <\/strong>A Quantitative Analysis System for UHR-OCT. Invest Ophthalmol Vis Sci 2007; 48: E-Abstract 2760.<\/p>\n<p>S. Binder, <strong><em>C. I. Falkner-Radler<\/em><\/strong>, C. Glittenberg, B. Povazay, W. Drexler, and I. Krebs. Autologous Retinal Pigment Epithelium (RPE)-Choroid Sheet Transplantation versus Autologous RPE Cell-Suspension Transplantation in Patients with Age-Related Macular Degeneration (AMD) &#8211; Clinical Results. Invest. Ophthalmol Vis Sci 2007; 48: E-Abstract 6027.<\/p>\n<p>S. Binder, I. Krebs, B.V. Stanzel, C. Glittenberg, <strong><em>Ch.I. Falkner<\/em><\/strong>. \u201cRPE Repair and Regeneration\u201c, Abstract Summary-Mini Symposia, ARVO 2007 Fort Lauderdale, Florida, USA.<\/p>\n<p><strong><em>C.I. Falkner<\/em><\/strong> and S. Binder. UV\u2013Filter IOL versus Yellow Blue Light\u2013Filter IOL in Combined Cataract Surgery With Vitrectomy: A Prospective Randomized Clinical Trial. Invest Ophthalmol Vis Sci 2006; 47: E-Abstract 1484.<\/p>\n<p><strong><em>C.I. Falkner<\/em><\/strong>, S. Binder, H. Leitich, F. Frommlet, and P. Bauer. Removal of Subfoveal Choroidal Neovascularization versus Macular Translocation for Age\u2013Related Macular Degeneration: A Meta\u2013Analysis. Invest Ophthalmol Vis Sci 2005; 46: E-Abstract 197.<\/p>\n<p>Brunner, I. Krebs, U. Stolba, <strong><em>C.I. Falkner<\/em><\/strong>, S. Binder, and P. Bauer<strong>. <\/strong>Cataract Surgery in Nonexsudative Age\u2013Related Macular \u2013First Results of a Prospective, Randomized, Multicenter Trial (ECAM\u20131). Invest Ophthalmol Vis Sci 2005; 46: E-Abstract 195.<\/p>\n","protected":false},"excerpt":{"rendered":"<p>Wissenschaftliche Arbeiten und Forschung Dr. Falkner-Radler Meine wissenschaftliche T\u00e4tigkeit mit dem Schwerpunkt hinterer Augenabschnitt (Netzhaut und Makula) begannen bereist w\u00e4hrend meiner Ausbildung an der Krankenanstalt Rudolfstiftung (Klinik Landstra\u00dfe). Neben Arbeiten zu den bis dato etablierten Operationsverfahren zur Behandlung von Netzhautabhebungen (Buckelchirurgie, Prim\u00e4re Vitrektomie und\u00a0Silikon\u00f6lchirurgie) habe ich unterschiedliche Operationsverfahren bei Endstadien der altersbedingten Makuladegeneration (AMD) erforscht:\u00a0Submakul\u00e4re  [&#8230;]<\/p>\n","protected":false},"author":1,"featured_media":0,"parent":6,"menu_order":3,"comment_status":"closed","ping_status":"open","template":"","meta":{"footnotes":""},"class_list":["post-422","page","type-page","status-publish","hentry"],"translation":{"provider":"WPGlobus","version":"3.0.2","language":"ru","enabled_languages":["de","en","ru"],"languages":{"de":{"title":true,"content":true,"excerpt":false},"en":{"title":true,"content":true,"excerpt":false},"ru":{"title":false,"content":false,"excerpt":false}}},"_links":{"self":[{"href":"https:\/\/augenchirurgie.org\/ru\/wp-json\/wp\/v2\/pages\/422","targetHints":{"allow":["GET"]}}],"collection":[{"href":"https:\/\/augenchirurgie.org\/ru\/wp-json\/wp\/v2\/pages"}],"about":[{"href":"https:\/\/augenchirurgie.org\/ru\/wp-json\/wp\/v2\/types\/page"}],"author":[{"embeddable":true,"href":"https:\/\/augenchirurgie.org\/ru\/wp-json\/wp\/v2\/users\/1"}],"replies":[{"embeddable":true,"href":"https:\/\/augenchirurgie.org\/ru\/wp-json\/wp\/v2\/comments?post=422"}],"version-history":[{"count":38,"href":"https:\/\/augenchirurgie.org\/ru\/wp-json\/wp\/v2\/pages\/422\/revisions"}],"predecessor-version":[{"id":13603,"href":"https:\/\/augenchirurgie.org\/ru\/wp-json\/wp\/v2\/pages\/422\/revisions\/13603"}],"up":[{"embeddable":true,"href":"https:\/\/augenchirurgie.org\/ru\/wp-json\/wp\/v2\/pages\/6"}],"wp:attachment":[{"href":"https:\/\/augenchirurgie.org\/ru\/wp-json\/wp\/v2\/media?parent=422"}],"curies":[{"name":"wp","href":"https:\/\/api.w.org\/{rel}","templated":true}]}}