{"id":381,"date":"2015-07-14T12:21:26","date_gmt":"2015-07-14T10:21:26","guid":{"rendered":"http:\/\/www.falkner-radler.at\/?page_id=381"},"modified":"2025-03-13T18:36:50","modified_gmt":"2025-03-13T17:36:50","slug":"haufige-fragen-operationen","status":"publish","type":"page","link":"https:\/\/augenchirurgie.org\/ru\/augenchirurgie\/haufige-fragen-operationen\/","title":{"rendered":"H\u00e4ufige Fragen (Augenoperationen)"},"content":{"rendered":"<h2>Angst vor der Augen-OP? Ist das schmerzhaft? Kann mich jemand begleiten? Hier erhalten Sie Antworten auf h\u00e4ufige Fragen.<\/h2>\n<h4><img decoding=\"async\" class=\"lazyload alignnone wp-image-595 size-full\" title=\"FAQ Operationen Augen\" src=\"https:\/\/augenchirurgie.org\/wp-content\/uploads\/2014\/07\/6.jpg\" data-orig-src=\"https:\/\/augenchirurgie.org\/wp-content\/uploads\/2014\/07\/6.jpg\" alt=\"H\u00e4ufige Fragen Operationen Augen, Augenoperation, Augen OP\" width=\"570\" height=\"250\" srcset=\"data:image\/svg+xml,%3Csvg%20xmlns%3D%27http%3A%2F%2Fwww.w3.org%2F2000%2Fsvg%27%20width%3D%27570%27%20height%3D%27250%27%20viewBox%3D%270%200%20570%20250%27%3E%3Crect%20width%3D%27570%27%20height%3D%27250%27%20fill-opacity%3D%220%22%2F%3E%3C%2Fsvg%3E\" data-srcset=\"https:\/\/augenchirurgie.org\/wp-content\/uploads\/2014\/07\/6-300x132.jpg 300w, https:\/\/augenchirurgie.org\/wp-content\/uploads\/2014\/07\/6.jpg 570w\" data-sizes=\"auto\" data-orig-sizes=\"(max-width: 570px) 100vw, 570px\" \/><\/h4>\n<h4>Ich habe Angst vor der Augenoperation, was kann ich tun?<\/h4>\n<p>Das ist ganz nat\u00fcrlich. \u00c4ngste beruhen meist auf einem Mangel an Information. Deshalb erkl\u00e4re ich Ihnen ganz genau, wie die Augenoperation abl\u00e4uft und beantworte all Ihre Fragen. Je mehr Sie \u00fcber die Operation wissen, desto weniger Angst werden sie davor haben.<\/p>\n<h4>Wird mein Auge bei der Operation herausgenommen?<\/h4>\n<p>Nein, Ihr Auge bleibt, wo es ist. Ich arbeite mit lid\u00f6ffnenden Halteapparaten, die jeglichen operativen Eingriff im vorderen und hinteren Bereich des Auges erm\u00f6glichen.<\/p>\n<h4>Wie l\u00e4uft eine Augenoperation genau ab?<\/h4>\n<p><a href=\"https:\/\/augenchirurgie.org\/augenchirurgie\/ablauf-augenoperation\/\">Lesen Sie hier den genauen Ablauf\u00a0einer Augenoperation.<\/a><\/p>\n<h4>Was passiert, wenn ich bei der Operation den Kopf bewegen m\u00f6chte?<\/h4>\n<p>Davor brauchen Sie keine Angst zu haben. Bei Operationen in \u00f6rtlicher Bet\u00e4ubung k\u00f6nnen Sie mit mir sprechen und mir sagen, wenn Sie den Kopf bewegen m\u00f6chten. Ich erkl\u00e4re Ihnen alle Schritte der Augenoperation und wir w\u00e4hlen gemeinsam das Tempo, das Ihnen recht ist.<\/p>\n<p>Bei Operationen in Vollnarkose bewegen Sie den Kopf nicht, da Sie sich in einem tiefen Schlaf befinden.<\/p>\n<hr \/>\n<p class=\"p1\"><strong>Erfahren Sie in diesem Video mehr \u00fcber h\u00e4ufige Fragen und Antworten zur Augen-OP in 3 Minuten:<\/strong><\/p>\n<div class=\"video-shortcode\"><iframe title=\"H\u00e4ufige Fragen zu Augenoperationen, Augenchirurgie, Untersuchung und Erkrankung der Augen in 3 Min.\" width=\"1100\" height=\"619\" src=\"https:\/\/www.youtube.com\/embed\/BLnKtiYl9MY?feature=oembed\" frameborder=\"0\" allow=\"accelerometer; autoplay; clipboard-write; encrypted-media; gyroscope; picture-in-picture\" allowfullscreen><\/iframe><\/div>\n<hr \/>\n<h4>Ich bin schmerzempfindlich. Tut eine Augen-Operation in \u00f6rtlicher Bet\u00e4ubung sehr weh? Muss ich mit Schmerzen bei der Augenoperation rechnen?<\/h4>\n<p>Meist sp\u00fcren Sie nur die Ber\u00fchrung, einen sanften Druck oder ein kleines Brennen. Sollte sie etwas als unangenehm empfinden, sagen Sie Bescheid und ich kann gerne zus\u00e4tzlich bet\u00e4ubende Tropfen verabreichen.<\/p>\n<h4>Was sind die Risiken oder Nebenwirkungen einer Operation? Was sind die Risiken der Kataraktoperation, der Vitrektomie oder anderer Augenoperationen?<\/h4>\n<p>Diese sind abh\u00e4ngig von der Art Ihrer Erkrankung und der Operation. Im ausf\u00fchrlichen Aufkl\u00e4rungsgespr\u00e4ch, welches ich mit Ihnen f\u00fchre, kl\u00e4ren wir gemeinsam Risiken oder m\u00f6gliche Nebenwirkungen und die beste Wahl f\u00fcr Sie ab.<\/p>\n<h4>Kann mich jemand zur Augen-Operation begleiten?<\/h4>\n<p>Nat\u00fcrlich. Wenn Sie wollen, kann eine Begleitperson sogar mit Ihnen in den Operationssaal kommen. Dies ist nicht nur als Beruhigung hilfreich, sondern kann auch bei Sprachbarrieren helfen. Ich habe das bei zahlreichen Operationen empfohlen und das hat sich sehr bew\u00e4hrt.<\/p>\n<p><img decoding=\"async\" class=\"lazyload alignnone size-full wp-image-630\" title=\"operation\" src=\"https:\/\/augenchirurgie.org\/wp-content\/uploads\/2014\/07\/operation.jpg\" data-orig-src=\"https:\/\/augenchirurgie.org\/wp-content\/uploads\/2014\/07\/operation.jpg\" alt=\"Operation Augen, Augen-OP, Augenchirurgie\" width=\"570\" height=\"250\" srcset=\"data:image\/svg+xml,%3Csvg%20xmlns%3D%27http%3A%2F%2Fwww.w3.org%2F2000%2Fsvg%27%20width%3D%27570%27%20height%3D%27250%27%20viewBox%3D%270%200%20570%20250%27%3E%3Crect%20width%3D%27570%27%20height%3D%27250%27%20fill-opacity%3D%220%22%2F%3E%3C%2Fsvg%3E\" data-srcset=\"https:\/\/augenchirurgie.org\/wp-content\/uploads\/2014\/07\/operation-300x132.jpg 300w, https:\/\/augenchirurgie.org\/wp-content\/uploads\/2014\/07\/operation.jpg 570w\" data-sizes=\"auto\" data-orig-sizes=\"(max-width: 570px) 100vw, 570px\" \/><\/p>\n<h4>Wie lange nach der Operation und wie muss ich mit Einschr\u00e4nkungen rechnen? Wie lange brauche ich zur Erholung von einer Augenoperation?<\/h4>\n<p>Dies variiert je nach Eingriff und Augenoperation. Bei <a href=\"https:\/\/de.wikipedia.org\/wiki\/Botulinumtoxin\" target=\"_blank\" rel=\"noopener noreferrer\">Botulinum<\/a>\u00a0und Filler gibt es keinerlei Einschr\u00e4nkungen. Bei <a href=\"https:\/\/augenchirurgie.org\/augenchirurgie\/lidprobleme\/\">Lidoperation<\/a> rechnen Sie mit ca. 1 Woche in der Sie ev. noch Schwellungen oder Bluterg\u00fcsse haben.<\/p>\n<p>Bei <a href=\"https:\/\/augenchirurgie.org\/katarakt-grauer-star-operation\/\">Kataraktoperationen<\/a> sollten Sie 1 bis 2 Wochen nicht schwer heben, die Sauna meiden und Ihre Augen nicht reiben. Bei <a href=\"https:\/\/augenchirurgie.org\/augenchirurgie\/netzhaut\/\">Netzhaut<\/a>&#8211; und <a href=\"https:\/\/augenchirurgie.org\/augenchirurgie\/glaskorpererkrankungen\/\">Glask\u00f6rperoperationen<\/a> sollten Sie ca. 2 bis 3 Wochen auf Sport und Sauna verzichten, nicht schwer heben, nicht reiben und unter Umst\u00e4nden haben Sie in dieser Zeit Einschr\u00e4nkung beim Lesen und bei der Computerarbeit.<\/p>\n<h4>Wie viele Operationen haben Sie erfolgreich durchgef\u00fchrt?<\/h4>\n<p>Ich habe weit \u00fcber zehntausend <a href=\"https:\/\/augenchirurgie.org\/augenchirurgie\/\">Augenoperationen<\/a> und\u00a0<a href=\"https:\/\/augenchirurgie.org\/augenchirurgie\/netzhaut\/\">Intravitreale Operative Medikamentenapplikationen<\/a> &amp; andere mikrochirurgische Eingriffe erfolgreich durchgef\u00fchrt. Mit \u00fcber 20 Jahren Operationserfahrung f\u00fchre ich jedes Jahr \u00fcber 800 Augenoperationen erfolgreich durch. Neben meiner fundierten <a href=\"https:\/\/augenchirurgie.org\/kompetenz\/erfahrung\/\">Erfahrung<\/a>, bietet Ihnen auch meine intensive <a href=\"https:\/\/augenchirurgie.org\/kompetenz\/forschung\/\">Forschung<\/a> die Sicherheit in den besten H\u00e4nden zu sein.\u00a0Ich nehme mir Zeit f\u00fcr Sie. Das bedeutet individuelle Beratung, Verst\u00e4ndnis f\u00fcr Ihre \u00c4ngste und die Beantwortung all Ihrer Fragen. Es geht um eine vertrauensvolle Beziehung, in der Sie sich sicher und gut aufgehoben f\u00fchlen. Ihr Augenlicht und Ihr Wohlbefinden stehen f\u00fcr mich an erster Stelle, und ich freue mich darauf, Sie auf Ihrem Weg zu begleiten.<\/p>\n<p>Haben Sie allgemeine Fragen? <a href=\"https:\/\/augenchirurgie.org\/leistungen\/haufige-fragen-allgemein\/\">Lesen Sie hier die h\u00e4ufigsten allgemeinen Fragen und Antworten.<\/a><\/p>\n<p>Bei weiteren Fragen zur Augenoperation rufen Sie bitte in der <a href=\"https:\/\/augenchirurgie.org\/ordination\/\">Ordination<\/a> an oder kontaktieren Sie mich per <a href=\"mailto:ordination@falkner-radler.at\">E-Mail.<\/a><\/p>\n<p><iframe id=\"ritetag-cps-check\" style=\"display: none;\" src=\"https:\/\/cdn.ritekit.com\/csp-cookie-check.html\"><\/iframe><\/p>\n","protected":false},"excerpt":{"rendered":"<p>Angst vor der Augen-OP? Ist das schmerzhaft? Kann mich jemand begleiten? Hier erhalten Sie Antworten auf h\u00e4ufige Fragen. Ich habe Angst vor der Augenoperation, was kann ich tun? Das ist ganz nat\u00fcrlich. \u00c4ngste beruhen meist auf einem Mangel an Information. Deshalb erkl\u00e4re ich Ihnen ganz genau, wie die Augenoperation abl\u00e4uft und beantworte all Ihre Fragen.  [&#8230;]<\/p>\n","protected":false},"author":1,"featured_media":0,"parent":331,"menu_order":7,"comment_status":"closed","ping_status":"open","template":"","meta":{"footnotes":""},"class_list":["post-381","page","type-page","status-publish","hentry"],"translation":{"provider":"WPGlobus","version":"3.0.2","language":"ru","enabled_languages":["de","en","ru"],"languages":{"de":{"title":true,"content":true,"excerpt":false},"en":{"title":true,"content":true,"excerpt":false},"ru":{"title":false,"content":false,"excerpt":false}}},"_links":{"self":[{"href":"https:\/\/augenchirurgie.org\/ru\/wp-json\/wp\/v2\/pages\/381","targetHints":{"allow":["GET"]}}],"collection":[{"href":"https:\/\/augenchirurgie.org\/ru\/wp-json\/wp\/v2\/pages"}],"about":[{"href":"https:\/\/augenchirurgie.org\/ru\/wp-json\/wp\/v2\/types\/page"}],"author":[{"embeddable":true,"href":"https:\/\/augenchirurgie.org\/ru\/wp-json\/wp\/v2\/users\/1"}],"replies":[{"embeddable":true,"href":"https:\/\/augenchirurgie.org\/ru\/wp-json\/wp\/v2\/comments?post=381"}],"version-history":[{"count":34,"href":"https:\/\/augenchirurgie.org\/ru\/wp-json\/wp\/v2\/pages\/381\/revisions"}],"predecessor-version":[{"id":13601,"href":"https:\/\/augenchirurgie.org\/ru\/wp-json\/wp\/v2\/pages\/381\/revisions\/13601"}],"up":[{"embeddable":true,"href":"https:\/\/augenchirurgie.org\/ru\/wp-json\/wp\/v2\/pages\/331"}],"wp:attachment":[{"href":"https:\/\/augenchirurgie.org\/ru\/wp-json\/wp\/v2\/media?parent=381"}],"curies":[{"name":"wp","href":"https:\/\/api.w.org\/{rel}","templated":true}]}}