{"id":378,"date":"2014-07-14T12:19:39","date_gmt":"2014-07-14T12:19:39","guid":{"rendered":"http:\/\/www.falkner-radler.at\/?page_id=378"},"modified":"2025-03-13T18:21:08","modified_gmt":"2025-03-13T17:21:08","slug":"lidprobleme","status":"publish","type":"page","link":"https:\/\/augenchirurgie.org\/ru\/augenchirurgie\/lidprobleme\/","title":{"rendered":"Lidprobleme"},"content":{"rendered":"<h4><img decoding=\"async\" class=\"lazyload alignnone wp-image-612 size-full\" title=\"lidprobleme, Blepharoplastik\" src=\"https:\/\/augenchirurgie.org\/wp-content\/uploads\/2014\/07\/lidprobleme.jpg\" data-orig-src=\"https:\/\/augenchirurgie.org\/wp-content\/uploads\/2014\/07\/lidprobleme.jpg\" alt=\"Probleme Lid, Liderschlaffung, Blepharoplastik, Lidprobleme\" width=\"570\" height=\"250\" srcset=\"data:image\/svg+xml,%3Csvg%20xmlns%3D%27http%3A%2F%2Fwww.w3.org%2F2000%2Fsvg%27%20width%3D%27570%27%20height%3D%27250%27%20viewBox%3D%270%200%20570%20250%27%3E%3Crect%20width%3D%27570%27%20height%3D%27250%27%20fill-opacity%3D%220%22%2F%3E%3C%2Fsvg%3E\" data-srcset=\"https:\/\/augenchirurgie.org\/wp-content\/uploads\/2014\/07\/lidprobleme-300x132.jpg 300w, https:\/\/augenchirurgie.org\/wp-content\/uploads\/2014\/07\/lidprobleme.jpg 570w\" data-sizes=\"auto\" data-orig-sizes=\"(max-width: 570px) 100vw, 570px\" \/><\/h4>\n<h4><\/h4>\n<h2>Was sind Lidprobleme? Von Schlupflidern bis zum Gerstenkorn.<\/h2>\n<p>Die Haut der Augenlider enthalten lockeres Bindegewebe, welches im Laufe der Jahre erschlaffen kann. Lidprobleme k\u00f6nnen von einfachen Reizungen bis hin zu Bedingungen reichen, die eine chirurgische Intervention erfordern, wie die <a href=\"https:\/\/flexikon.doccheck.com\/de\/Lidl%C3%A4hmung\" target=\"_blank\" rel=\"noopener\">Lidl\u00e4hmung<\/a>.<\/p>\n<p>Zu den h\u00e4ufigsten Erkrankungen geh\u00f6ren <strong>Blepharitis<\/strong>, <strong>Ptosis<\/strong> (Lidsenkung), <strong>Chalazion<\/strong> (ein verstopftes Meibom-Dr\u00fcsen), und <strong>Entropium<\/strong> oder <strong>Ektropium<\/strong>, bei denen sich das Augenlid nach innen oder au\u00dfen dreht. Diese Zust\u00e4nde k\u00f6nnen Symptome wie R\u00f6tung, Schwellung, Brennen und in einigen F\u00e4llen Sehst\u00f6rungen verursachen.<\/p>\n<p>Zu den Lidproblemen z\u00e4hlen <strong>altersbedingte Lidhauterschlaffungen <\/strong>(<a href=\"https:\/\/flexikon.doccheck.com\/de\/Dermatochalasis\" target=\"_blank\" rel=\"noopener\">Dermatochalasis<\/a>) im Oberlidbereich, aber auch <strong>Lidfehlstellungen<\/strong> (ausw\u00e4rts oder einw\u00e4rts gedrehte Unterlider) oder <strong>Gewebeneubildungen<\/strong>. Lidprobleme sind nicht nur \u00e4sthetische Probleme, sondern k\u00f6nnen zu erh\u00f6htem bzw. zu vermindertem Tr\u00e4nenfluss, oder sogar zu einer Einschr\u00e4nkung Ihres Blickfeldes f\u00fchren. Augenlidoperationen k\u00f6nnen hier einfach helfen.<\/p>\n<hr \/>\n<p class=\"p1\"><strong>Erfahren Sie in diesem Video Wissenswertes zu Lidproblemen (Gerstenkron, Hagelkorn, etc.) in 3 Minuten:<\/strong><\/p>\n<div class=\"video-shortcode\"><iframe title=\"Lidprobleme (Chalazion, etc.): Symptome, Diagnose und Therapie in 3 Minuten von augenchirurgie.org\" width=\"1100\" height=\"619\" src=\"https:\/\/www.youtube.com\/embed\/CzuioFkrQq4?feature=oembed\" frameborder=\"0\" allow=\"accelerometer; autoplay; clipboard-write; encrypted-media; gyroscope; picture-in-picture\" allowfullscreen><\/iframe><\/div>\n<hr \/>\n<h4>Wie bemerken Sie diese Erkrankungen?<\/h4>\n<p>Ihre Beschwerden, welche auf Lidprobleme hindeuten, k\u00f6nnten sich folgenderma\u00dfen \u00e4u\u00dfern:<\/p>\n<p>\u2022 Sie haben einen \u201em\u00fcden\u201c Blick.<\/p>\n<p>\u2022 Sie haben Schlupflider bzw. H\u00e4ngelider.<\/p>\n<p>\u2022 Sie haben eine Zunahme von Benetzungsst\u00f6rungen Ihrer Augen, wie zum Beispiel einen vermehrten Tr\u00e4nenfluss (Epiphora) oder ein vermehrtes Trockenheitsgef\u00fchl.<\/p>\n<p>\u2022 Sie bemerken eine Einschr\u00e4nkung Ihres Blickfeldes.<\/p>\n<p>\u2022 Sie merken eine Lidfehlstellung (ausw\u00e4rts oder einw\u00e4rts gedrehte Unterlider).<\/p>\n<p>\u2022 Sie habe eine Entz\u00fcndung der Lidr\u00e4nder.<\/p>\n<p>\u2022 Sie haben nach innen rotierende Wimpern und daher auch ein Fremdk\u00f6rpergef\u00fchl oder Schmerzen.<\/p>\n<p>\u2022 Sie haben Gewebeneubildungen an den Lidern.<\/p>\n<p>\u2022 Sie haben ein Hordeolum\u00a0(Gerstenkorn) oder Chalazion (Hagelkorn).<\/p>\n<p>Sollten Sie solche oder \u00e4hnliche Beschwerden haben, ist eine sorgf\u00e4ltige Untersuchung unbedingt erforderlich, um die genaue Ursache abzukl\u00e4ren.<\/p>\n<h4>Die Untersuchung bei Lidproblemen<\/h4>\n<p>Neben der optischen Untersuchung k\u00f6nnen weitere Augenuntersuchungen, je nach Beschwerden, f\u00fcr Lidprobleme sinnvoll sein.<\/p>\n<p>Je nach dem Ergebnis der durchgef\u00fchrten Untersuchung k\u00f6nnte zu einem sp\u00e4teren Zeitpunkt ein operativer Eingriff erforderlich sein oder nicht.<\/p>\n<p>In einem ausf\u00fchrlichen Gespr\u00e4ch berate ich Sie gerne \u00fcber die Notwendigkeit eines chirurgischen Eingriffes, die Art und Weise der Lid Chirurgie, die Erfolgsaussichten und m\u00f6gliche Nebenwirkungen. Dabei ist es mir ein wichtiges Anliegen auf all Ihre Fragen einzugehen und Ihnen genau zu erkl\u00e4ren, wie die Operation abl\u00e4uft.<\/p>\n<h4>Die lidplastische und \u00e4sthetische Operation: Lidchirurgie<\/h4>\n<p>Lidplastische Operationen werden von mir \u2013 je nach Indikation \u2013 meist ambulant in \u00f6rtlicher Bet\u00e4ubung oder tagesklinisch durchgef\u00fchrt. Mit \u00fcber 1.000 durchgef\u00fchrten Lidoperationen habe ich ein sehr breites Erfahrungsspektrum und kann Ihnen die f\u00fcr Sie beste Methode der Lidchirurgie empfehlen.<\/p>\n<p>Zu den Eingriffen z\u00e4hlt die <a href=\"https:\/\/de.wikipedia.org\/wiki\/Blepharoplastik\" target=\"_blank\" rel=\"noopener\"><strong>Blepharoplastik<\/strong><\/a>. Dies ist eine Reduktion von meist <strong>altersbedingter Lidhauterschlaffung (Dermatochalasis)<\/strong> im Oberlidbereich.<\/p>\n<p>Schlupflider sind nicht nur nur ein \u00e4sthetisches Problem. Schlupflider bzw. H\u00e4ngelider sind ein weit verbreitetes Problem, bei dem der bewegliche Teil der Lider immer weniger sichtbar wird. Nach einiger Zeit kann das Schlupflid derart stark ausgepr\u00e4gt sein, dass die Haut auf ihren Wimpern aufliegt. Dies f\u00fchrt zu einem Druck- und Fremdk\u00f6rpergef\u00fchl und auch zu einem eingeschr\u00e4nkten Gesichtsfeld nach oben.\u00a0 Wenn Ihre Lidhauterschlaffung stark ausgepr\u00e4gt ist, \u00fcbernimmt Ihre Krankenkasse und entsprechende Versicherung auch einen Teil der Operationskosten.<\/p>\n<p>Die <strong>Blepharoplastik<\/strong> kann also aus kosmetischen Gr\u00fcnden durchgef\u00fchrt werden, um das jugendliche Aussehen der Augenpartie wiederherzustellen, aber auch aus medizinischen Gr\u00fcnden, um das Sehfeld zu verbessern, das durch herabh\u00e4ngende Augenlider eingeschr\u00e4nkt sein kann. Diese Prozedur kann an den oberen und\/oder unteren Lidern durchgef\u00fchrt werden, um \u00fcbersch\u00fcssige Haut zu entfernen, Fettdepots neu zu positionieren oder zu entfernen und das allgemeine Aussehen der Augen zu verbessern. Dadurch werden die Schlupflider entfernt. Sie sehen besser und sehen besser aus.<\/p>\n<p>Diese Lid-Operation wird typischerweise ambulant unter lokaler Bet\u00e4ubung mit Sedierung durchgef\u00fchrt.<\/p>\n<p>Bei einer Blepharoplastik der oberen Lider wird einen Schnitt entlang der nat\u00fcrlichen Lidfalte durchgef\u00fchrt, um \u00fcbersch\u00fcssige Haut, Muskeln und m\u00f6glicherweise auch Fett zu entfernen oder umzuverteilen.<br \/>\nBei der unteren Lidblepharoplastik kann der Schnitt direkt unter der Wimpernlinie oder im inneren Lid (transkonjunktival) gemacht werden, je nachdem, ob Haut entfernt oder nur Fett umverteilt oder entfernt werden soll.<\/p>\n<p>Die Erholungszeit variiert je nach Umfang des Eingriffs, im Allgemeinen sollten Patienten jedoch mit Schwellungen rechnen, die einige Wochen anhalten k\u00f6nnen. Die meisten Menschen k\u00f6nnen innerhalb von ein bis zwei Wochen zu ihren normalen Aktivit\u00e4ten zur\u00fcckkehren, obwohl strenge k\u00f6rperliche Anstrengungen f\u00fcr einen l\u00e4ngeren Zeitraum vermieden werden sollten.<\/p>\n<p>Die Ergebnisse einer Blepharoplastik k\u00f6nnen eine deutlich verj\u00fcngte und erfrischte Augenpartie sein, mit weniger H\u00e4ngen der Lider und reduzierten Unterlidtaschen. Die Ergebnisse sind meist dauerhaft sind, aber nat\u00fcrlich k\u00f6nnen Alterung und Lebensstil weiterhin das Erscheinungsbild der Augen beeinflussen.<\/p>\n<div id=\"attachment_617\" style=\"width: 580px\" class=\"wp-caption alignnone\"><img decoding=\"async\" aria-describedby=\"caption-attachment-617\" class=\"lazyload wp-image-617 size-full\" title=\"lidhauterschlaffung, lidprobleme, Dermatochalasis (Altersbedingte Lidhauterschlaffung)\" src=\"https:\/\/augenchirurgie.org\/wp-content\/uploads\/2014\/07\/lidhauterschlaffung.jpg\" data-orig-src=\"https:\/\/augenchirurgie.org\/wp-content\/uploads\/2014\/07\/lidhauterschlaffung.jpg\" alt=\"Lidhauterschlaffung, Blepharoplastik, Dermatochalasis\" width=\"570\" height=\"250\" srcset=\"data:image\/svg+xml,%3Csvg%20xmlns%3D%27http%3A%2F%2Fwww.w3.org%2F2000%2Fsvg%27%20width%3D%27570%27%20height%3D%27250%27%20viewBox%3D%270%200%20570%20250%27%3E%3Crect%20width%3D%27570%27%20height%3D%27250%27%20fill-opacity%3D%220%22%2F%3E%3C%2Fsvg%3E\" data-srcset=\"https:\/\/augenchirurgie.org\/wp-content\/uploads\/2014\/07\/lidhauterschlaffung-300x132.jpg 300w, https:\/\/augenchirurgie.org\/wp-content\/uploads\/2014\/07\/lidhauterschlaffung.jpg 570w\" data-sizes=\"auto\" data-orig-sizes=\"(max-width: 570px) 100vw, 570px\" \/><p id=\"caption-attachment-617\" class=\"wp-caption-text\">Dermatochalasis (Altersbedingte Lidhauterschlaffung)<\/p><\/div>\n<p>Weiters f\u00fchre ich Operationen von Lidfehlstellungen durch.<\/p>\n<p>Hierzu z\u00e4hlen die<strong><a href=\"https:\/\/de.wikipedia.org\/wiki\/Ektropium\" target=\"_blank\" rel=\"noopener noreferrer\"> Ektropium<\/a>-Operation<\/strong>, eine Korrektur eines ausw\u00e4rts gedrehten Unterlides. Das Ektropium zeigt sich in Symptomen wie Tr\u00e4nen der Augen (Epiphora), Entz\u00fcndungen der Lidr\u00e4nder (Blepharitis), Schmerzen durch Benetzungsst\u00f6rungen.<\/p>\n<p>Die <strong><a href=\"https:\/\/de.wikipedia.org\/wiki\/Entropium\" target=\"_blank\" rel=\"noopener noreferrer\">Entropium<\/a>-Operation<\/strong> hingegen ist die Korrektur eines nach einw\u00e4rts gedrehten Unterlides. Das Entropium zeigt sich in Symptomen wie schmerzhaften Hornhautabsch\u00fcrfungen (Erosio) und nach innen rotierten Wimpern (Trichiasis).<\/p>\n<h4>Gerstenkorn (Hordeolum) und Hagelkorn (Chalizion)<\/h4>\n<p>Ebenso f\u00fchre ich Operationen von <strong>Gewebeneubildungen<\/strong> an den Lidern, der Bindehaut und\/oder der Hornhaut sowie <strong>Chalazion- bzw. Hordoleum-Operationen<\/strong> durch.<\/p>\n<p>Ein <strong>Hordeolum<\/strong> (bekannt als <strong>Gerstenkorn) <\/strong>oder ein <strong>Hordeolum<\/strong> (bekannt als <strong>Hagelkorn<\/strong>) ist eine abgekapselte chronische Lidrandentz\u00fcndung, die von der Meibom-Dr\u00fcse oder der Zeis-Dr\u00fcse ausgeht. Neben der R\u00f6tung und Schwellung kann ein Hordeolum bzw. ein Chalazion zu <strong>Schmerzen<\/strong> in der Akutphase und zu Fremdk\u00f6rpergef\u00fchl und Sehst\u00f6rungen durch Druckaus\u00fcbung auf die Hornhaut f\u00fchren. Ein Chalazion wird durch einen nichtinfekti\u00f6sen Verschluss einer Meibom-Dr\u00fcse verursacht, w\u00e4hrend ein Hordeolum meist durch eine Infektion verursacht wird.<\/p>\n<p>Manche Menschen neigen zu wiederkehrenden Gerstenk\u00f6rnern, was auf bestimmte zugrundeliegende Bedingungen wie chronische Blepharitis, allgemeine Hautprobleme oder ein geschw\u00e4chtes Immunsystem hinweisen kann. Ein unbehandeltes oder chronisch entz\u00fcndetes Gerstenkorn (Hordeolum) kann sich in ein Hagelkorn (Chalazion) verwandeln, eine schmerzlose, aber hartn\u00e4ckige Schwellung, die durch eine Verstopfung der Dr\u00fcsen\u00f6ffnungen entsteht.<\/p>\n<div id=\"attachment_615\" style=\"width: 580px\" class=\"wp-caption alignnone\"><img decoding=\"async\" aria-describedby=\"caption-attachment-615\" class=\"lazyload wp-image-615 size-full\" title=\"gerstenkorn Lidprobleme Chalazion Hagelkorn\" src=\"https:\/\/augenchirurgie.org\/wp-content\/uploads\/2014\/07\/gerstenkorn.jpg\" data-orig-src=\"https:\/\/augenchirurgie.org\/wp-content\/uploads\/2014\/07\/gerstenkorn.jpg\" alt=\"Gerstenkorn, Hagelkorn, Chalazion\" width=\"570\" height=\"250\" srcset=\"data:image\/svg+xml,%3Csvg%20xmlns%3D%27http%3A%2F%2Fwww.w3.org%2F2000%2Fsvg%27%20width%3D%27570%27%20height%3D%27250%27%20viewBox%3D%270%200%20570%20250%27%3E%3Crect%20width%3D%27570%27%20height%3D%27250%27%20fill-opacity%3D%220%22%2F%3E%3C%2Fsvg%3E\" data-srcset=\"https:\/\/augenchirurgie.org\/wp-content\/uploads\/2014\/07\/gerstenkorn-300x132.jpg 300w, https:\/\/augenchirurgie.org\/wp-content\/uploads\/2014\/07\/gerstenkorn.jpg 570w\" data-sizes=\"auto\" data-orig-sizes=\"(max-width: 570px) 100vw, 570px\" \/><p id=\"caption-attachment-615\" class=\"wp-caption-text\">Chalazion (Hagelkorn)<\/p><\/div>\n<p>Das <strong>Chalazion<\/strong> und auch das <strong>Hordeolum<\/strong>\u00a0kann ambulant unter lokaler Bet\u00e4ubung mit einem winzigen Schnitt rasch entfernt werden, sodass Sie im Regelfall bereits am n\u00e4chsten Tag Ihrer gewohnten Besch\u00e4ftigung nachgehen k\u00f6nnen.<\/p>\n<h4>\u00c4sthetische Chirurgie<\/h4>\n<p>Im Bereich der \u00e4sthetischen Chirurgie f\u00fchre ich, neben der Korrektur von Lidfehlstellungen und Lidhauterschlaffungen auch Faltenbehandlungen im Gesichtsbereich durch. Diese werden mit Botulinum und Fillern (wie Hyalurons\u00e4ure), durchgef\u00fchrt und f\u00fchren zu einer Optimierung Ihres \u00e4u\u00dferen Erscheinungsbildes.<\/p>\n<div id=\"attachment_634\" style=\"width: 580px\" class=\"wp-caption alignnone\"><img decoding=\"async\" aria-describedby=\"caption-attachment-634\" class=\"lazyload wp-image-634 size-full\" title=\"aesthetische-chirurgie Augen Lidchirurgie Lidprobleme\" src=\"https:\/\/augenchirurgie.org\/wp-content\/uploads\/2014\/07\/aesthetische-chirurgie.jpg\" data-orig-src=\"https:\/\/augenchirurgie.org\/wp-content\/uploads\/2014\/07\/aesthetische-chirurgie.jpg\" alt=\"\u00c4sthetische Chirurgie Augen Lider, OP\" width=\"570\" height=\"250\" srcset=\"data:image\/svg+xml,%3Csvg%20xmlns%3D%27http%3A%2F%2Fwww.w3.org%2F2000%2Fsvg%27%20width%3D%27570%27%20height%3D%27250%27%20viewBox%3D%270%200%20570%20250%27%3E%3Crect%20width%3D%27570%27%20height%3D%27250%27%20fill-opacity%3D%220%22%2F%3E%3C%2Fsvg%3E\" data-srcset=\"https:\/\/augenchirurgie.org\/wp-content\/uploads\/2014\/07\/aesthetische-chirurgie-300x132.jpg 300w, https:\/\/augenchirurgie.org\/wp-content\/uploads\/2014\/07\/aesthetische-chirurgie.jpg 570w\" data-sizes=\"auto\" data-orig-sizes=\"(max-width: 570px) 100vw, 570px\" \/><p id=\"caption-attachment-634\" class=\"wp-caption-text\">Optimierung Ihres Erscheinungsbilders durch \u00e4sthetische Chirurgie<\/p><\/div>\n<p>Haben Sie Fragen zu lidplastischen oder \u00e4sthetischen Operationen, <a href=\"https:\/\/augenchirurgie.org\/ordination\/\">kontaktieren Sie mich bitte.<\/a> Ich nehme mir Zeit f\u00fcr Sie. Das bedeutet individuelle Beratung, Verst\u00e4ndnis f\u00fcr Ihre Sorgen und die Beantwortung all Ihrer Fragen.<\/p>\n<p><iframe id=\"ritetag-cps-check\" style=\"display: none;\" src=\"https:\/\/cdn.ritekit.com\/csp-cookie-check.html\"><\/iframe><\/p>\n<p><iframe id=\"ritetag-cps-check\" style=\"display: none;\" src=\"https:\/\/cdn.ritekit.com\/csp-cookie-check.html\"><\/iframe><\/p>\n<p><iframe id=\"ritetag-cps-check\" style=\"display: none;\" src=\"https:\/\/cdn.ritekit.com\/csp-cookie-check.html\"><\/iframe><\/p>\n<p><iframe id=\"ritetag-cps-check\" style=\"display: none;\" src=\"https:\/\/cdn.ritekit.com\/csp-cookie-check.html\"><\/iframe><\/p>\n<p><iframe id=\"ritetag-cps-check\" style=\"display: none;\" src=\"https:\/\/cdn.ritekit.com\/csp-cookie-check.html\"><\/iframe><\/p>\n<p><iframe id=\"ritetag-cps-check\" style=\"display: none;\" src=\"https:\/\/cdn.ritekit.com\/csp-cookie-check.html\"><\/iframe><\/p>\n<p><iframe id=\"ritetag-cps-check\" style=\"display: none;\" src=\"https:\/\/cdn.ritekit.com\/csp-cookie-check.html\"><\/iframe><\/p>\n<p><iframe id=\"ritetag-cps-check\" style=\"display: none;\" src=\"https:\/\/cdn.ritekit.com\/csp-cookie-check.html\"><\/iframe><\/p>\n<p><iframe id=\"ritetag-cps-check\" style=\"display: none;\" src=\"https:\/\/cdn.ritekit.com\/csp-cookie-check.html\"><\/iframe><\/p>\n<p><iframe id=\"ritetag-cps-check\" style=\"display: none;\" src=\"https:\/\/cdn.ritekit.com\/csp-cookie-check.html\"><\/iframe><\/p>\n<p><iframe id=\"ritetag-cps-check\" style=\"display: none;\" src=\"https:\/\/cdn.ritekit.com\/csp-cookie-check.html\"><\/iframe><\/p>\n<p><iframe id=\"ritetag-cps-check\" style=\"display: none;\" src=\"https:\/\/cdn.ritekit.com\/csp-cookie-check.html\"><\/iframe><\/p>\n<p><iframe id=\"ritetag-cps-check\" style=\"display: none;\" src=\"https:\/\/cdn.ritekit.com\/csp-cookie-check.html\"><\/iframe><\/p>\n<p><iframe id=\"ritetag-cps-check\" style=\"display: none;\" src=\"https:\/\/cdn.ritekit.com\/csp-cookie-check.html\"><\/iframe><\/p>\n<p><iframe id=\"ritetag-cps-check\" style=\"display: none;\" src=\"https:\/\/cdn.ritekit.com\/csp-cookie-check.html\"><\/iframe><\/p>\n<p><iframe id=\"ritetag-cps-check\" style=\"display: none;\" src=\"https:\/\/cdn.ritekit.com\/csp-cookie-check.html\"><\/iframe><\/p>\n<p><iframe id=\"ritetag-cps-check\" style=\"display: none;\" src=\"https:\/\/cdn.ritekit.com\/csp-cookie-check.html\"><\/iframe><\/p>\n<p><iframe id=\"ritetag-cps-check\" style=\"display: none;\" src=\"https:\/\/cdn.ritekit.com\/csp-cookie-check.html\"><\/iframe><\/p>\n<p><iframe id=\"ritetag-cps-check\" style=\"display: none;\" src=\"https:\/\/cdn.ritekit.com\/csp-cookie-check.html\"><\/iframe><\/p>\n<p><iframe id=\"ritetag-cps-check\" style=\"display: none;\" src=\"https:\/\/cdn.ritekit.com\/csp-cookie-check.html\"><\/iframe><\/p>\n<p><iframe id=\"ritetag-cps-check\" style=\"display: none;\" src=\"https:\/\/cdn.ritekit.com\/csp-cookie-check.html\"><\/iframe><\/p>\n<p><iframe id=\"ritetag-cps-check\" style=\"display: none;\" src=\"https:\/\/cdn.ritekit.com\/csp-cookie-check.html\"><\/iframe><\/p>\n<p><iframe id=\"ritetag-cps-check\" style=\"display: none;\" src=\"https:\/\/cdn.ritekit.com\/csp-cookie-check.html\"><\/iframe><\/p>\n<p><iframe id=\"ritetag-cps-check\" style=\"display: none;\" src=\"https:\/\/cdn.ritekit.com\/csp-cookie-check.html\"><\/iframe><\/p>\n<p><iframe id=\"ritetag-cps-check\" style=\"display: none;\" src=\"https:\/\/cdn.ritekit.com\/csp-cookie-check.html\"><\/iframe><\/p>\n<p><iframe id=\"ritetag-cps-check\" style=\"display: none;\" src=\"https:\/\/cdn.ritekit.com\/csp-cookie-check.html\"><\/iframe><\/p>\n<p><iframe id=\"ritetag-cps-check\" style=\"display: none;\" src=\"https:\/\/cdn.ritekit.com\/csp-cookie-check.html\"><\/iframe><\/p>\n<p><iframe id=\"ritetag-cps-check\" style=\"display: none;\" src=\"https:\/\/cdn.ritekit.com\/csp-cookie-check.html\"><\/iframe><\/p>\n","protected":false},"excerpt":{"rendered":"<p>Was sind Lidprobleme? Von Schlupflidern bis zum Gerstenkorn. Die Haut der Augenlider enthalten lockeres Bindegewebe, welches im Laufe der Jahre erschlaffen kann. Lidprobleme k\u00f6nnen von einfachen Reizungen bis hin zu Bedingungen reichen, die eine chirurgische Intervention erfordern, wie die Lidl\u00e4hmung. Zu den h\u00e4ufigsten Erkrankungen geh\u00f6ren Blepharitis, Ptosis (Lidsenkung), Chalazion (ein verstopftes Meibom-Dr\u00fcsen), und Entropium oder  [&#8230;]<\/p>\n","protected":false},"author":1,"featured_media":0,"parent":331,"menu_order":5,"comment_status":"closed","ping_status":"open","template":"","meta":{"footnotes":""},"class_list":["post-378","page","type-page","status-publish","hentry"],"translation":{"provider":"WPGlobus","version":"3.0.2","language":"ru","enabled_languages":["de","en","ru"],"languages":{"de":{"title":true,"content":true,"excerpt":false},"en":{"title":true,"content":true,"excerpt":false},"ru":{"title":false,"content":false,"excerpt":false}}},"_links":{"self":[{"href":"https:\/\/augenchirurgie.org\/ru\/wp-json\/wp\/v2\/pages\/378","targetHints":{"allow":["GET"]}}],"collection":[{"href":"https:\/\/augenchirurgie.org\/ru\/wp-json\/wp\/v2\/pages"}],"about":[{"href":"https:\/\/augenchirurgie.org\/ru\/wp-json\/wp\/v2\/types\/page"}],"author":[{"embeddable":true,"href":"https:\/\/augenchirurgie.org\/ru\/wp-json\/wp\/v2\/users\/1"}],"replies":[{"embeddable":true,"href":"https:\/\/augenchirurgie.org\/ru\/wp-json\/wp\/v2\/comments?post=378"}],"version-history":[{"count":69,"href":"https:\/\/augenchirurgie.org\/ru\/wp-json\/wp\/v2\/pages\/378\/revisions"}],"predecessor-version":[{"id":13593,"href":"https:\/\/augenchirurgie.org\/ru\/wp-json\/wp\/v2\/pages\/378\/revisions\/13593"}],"up":[{"embeddable":true,"href":"https:\/\/augenchirurgie.org\/ru\/wp-json\/wp\/v2\/pages\/331"}],"wp:attachment":[{"href":"https:\/\/augenchirurgie.org\/ru\/wp-json\/wp\/v2\/media?parent=378"}],"curies":[{"name":"wp","href":"https:\/\/api.w.org\/{rel}","templated":true}]}}