{"id":375,"date":"2014-07-14T12:17:58","date_gmt":"2014-07-14T12:17:58","guid":{"rendered":"http:\/\/www.falkner-radler.at\/?page_id=375"},"modified":"2025-03-13T17:58:48","modified_gmt":"2025-03-13T16:58:48","slug":"grauer-star-katarakt","status":"publish","type":"page","link":"https:\/\/augenchirurgie.org\/ru\/augenchirurgie\/grauer-star-katarakt\/","title":{"rendered":"Grauer Star (Katarakt)"},"content":{"rendered":"<h2>Was ist der graue Star (Katarakt)?<\/h2>\n<p>Der <a href=\"https:\/\/de.wikipedia.org\/wiki\/Katarakt_(Medizin)\" target=\"_blank\" rel=\"noopener noreferrer\">graue Star (Katarakt)<\/a> ist eine meist altersabh\u00e4ngige, langsam zunehmende Tr\u00fcbung der Linse im <a href=\"https:\/\/www.netdoktor.at\/anatomie\/auge\/\" target=\"_blank\" rel=\"noopener\">Auge<\/a>. Daher spricht man auch von Alterskatarakt oder altersbedingtem grauem Star. Der Name \u201egrauer Star&#8221; beruht auf der grauen F\u00e4rbung hinter der Pupille (Linsentr\u00fcbung), die mit fortgeschrittener Erkrankung zu sehen ist. Katarakte unterbrechen den Weg des Lichtes durch die normale klare Augenlinse und f\u00fchren somit zu Sehst\u00f6rungen.<\/p>\n<p><img decoding=\"async\" class=\"lazyload alignnone wp-image-647 size-full\" title=\"Katarakt Grauer Star Auge Augenerkrankung\" src=\"https:\/\/augenchirurgie.org\/wp-content\/uploads\/2014\/07\/katarakt.jpg\" data-orig-src=\"https:\/\/augenchirurgie.org\/wp-content\/uploads\/2014\/07\/katarakt.jpg\" alt=\"Katarakt (Grauer Star) Erkl\u00e4rung, Ursachen, Operation Augen\" width=\"570\" height=\"250\" srcset=\"data:image\/svg+xml,%3Csvg%20xmlns%3D%27http%3A%2F%2Fwww.w3.org%2F2000%2Fsvg%27%20width%3D%27570%27%20height%3D%27250%27%20viewBox%3D%270%200%20570%20250%27%3E%3Crect%20width%3D%27570%27%20height%3D%27250%27%20fill-opacity%3D%220%22%2F%3E%3C%2Fsvg%3E\" data-srcset=\"https:\/\/augenchirurgie.org\/wp-content\/uploads\/2014\/07\/katarakt-300x132.jpg 300w, https:\/\/augenchirurgie.org\/wp-content\/uploads\/2014\/07\/katarakt.jpg 570w\" data-sizes=\"auto\" data-orig-sizes=\"(max-width: 570px) 100vw, 570px\" \/><\/p>\n<hr \/>\n<p><strong>Erfahren Sie in diesem Video Wissenswertes zum Grauen Star (Katarakt) in 3 Minuten:<\/strong><\/p>\n<div class=\"video-shortcode\"><iframe title=\"Grauer Star (Katarakt): Ursache, Symptome, Diagnose und Therapie in 3 Minuten. Infos Augenchirurgie.\" width=\"1100\" height=\"619\" src=\"https:\/\/www.youtube.com\/embed\/VdBHybWXphA?feature=oembed\" frameborder=\"0\" allow=\"accelerometer; autoplay; clipboard-write; encrypted-media; gyroscope; picture-in-picture\" allowfullscreen><\/iframe><\/div>\n<hr \/>\n<h4>Wie bemerken Sie den Grauen Star (Katarakt)?<\/h4>\n<p>Ihre Beschwerden k\u00f6nnten sich folgenderma\u00dfen \u00e4u\u00dfern:<\/p>\n<p>\u2022 Sie bemerken Symptome wie verschwommenes Sehen, vermehrte Blendung (vor allem nachts beim Autofahren)<\/p>\n<p>\u2022 Sie sehen Kontraste reduziert, sehen \u201ewie durch einen Nebel\u201c, haben eine schlechte Kontrastwahrnehmung<\/p>\n<p>\u2022 Abnahme Ihrer Sehkraft, reduzierte Farbwahrnehmung<\/p>\n<p>Bitte beachten Sie auch, dass der Grau Star \/ Katarakt langsam und vollkommen schmerzfrei entsteht.<\/p>\n<div id=\"attachment_656\" style=\"width: 580px\" class=\"wp-caption alignnone\"><img decoding=\"async\" aria-describedby=\"caption-attachment-656\" class=\"lazyload size-full wp-image-656 \" title=\"katarakt 3 Grauer Star\" src=\"https:\/\/augenchirurgie.org\/wp-content\/uploads\/2014\/07\/katarakt3.jpg\" data-orig-src=\"https:\/\/augenchirurgie.org\/wp-content\/uploads\/2014\/07\/katarakt3.jpg\" alt=\"Grauer Star unscharf sehen, Nebel, Schleier\" width=\"570\" height=\"250\" srcset=\"data:image\/svg+xml,%3Csvg%20xmlns%3D%27http%3A%2F%2Fwww.w3.org%2F2000%2Fsvg%27%20width%3D%27570%27%20height%3D%27250%27%20viewBox%3D%270%200%20570%20250%27%3E%3Crect%20width%3D%27570%27%20height%3D%27250%27%20fill-opacity%3D%220%22%2F%3E%3C%2Fsvg%3E\" data-srcset=\"https:\/\/augenchirurgie.org\/wp-content\/uploads\/2014\/07\/katarakt3-300x132.jpg 300w, https:\/\/augenchirurgie.org\/wp-content\/uploads\/2014\/07\/katarakt3.jpg 570w\" data-sizes=\"auto\" data-orig-sizes=\"(max-width: 570px) 100vw, 570px\" \/><p id=\"caption-attachment-656\" class=\"wp-caption-text\">Wie Sie mit (unscharf, wie durch einen Schleier) und ohne Katarakt sehen<\/p><\/div>\n<p>Sollten Sie solche oder \u00e4hnliche Beschwerden haben, ist eine sorgf\u00e4ltige Augenuntersuchung unbedingt erforderlich, um die genaue Ursache abzukl\u00e4ren. Als ersten Schritt k\u00f6nnen Sie gleich hier einen Augentest (anonym, kostenlos, ohne Registrierung) durchf\u00fchren: <a href=\"https:\/\/augenchirurgie.org\/leistungen\/augentest\/\">Online-Augentest<\/a>.<\/p>\n<h4>Die Untersuchung des Katarakts<\/h4>\n<p>Da f\u00fcr die Untersuchung des Katarakts (grauen Stars) ein Sehtest, wie auch eine (v\u00f6llig schmerzfreie) Erweiterung der Pupille n\u00f6tig ist, lassen Sie bitte Ihr Auto zu Hause. Kommen Sie \u00f6ffentlich oder nehmen Sie einen \u201eFahrer\u201d mit. Die pupillenerweiternden Tropfen beeintr\u00e4chtigen n\u00e4mlich Ihre Fahrt\u00fcchtigkeit f\u00fcr ca. 4 Stunden.<\/p>\n<p>Je nach dem Ergebnis der durchgef\u00fchrten Augenuntersuchung k\u00f6nnte zu einem sp\u00e4teren Zeitpunkt ein operativer Eingriff erforderlich sein oder nicht.<\/p>\n<p>In einem ausf\u00fchrlichen Gespr\u00e4ch berate ich Sie gerne \u00fcber die Notwendigkeit eines chirurgischen Eingriffes, die Art und Weise, die Erfolgsaussichten und m\u00f6gliche Nebenwirkungen. Dabei ist es mir ein wichtiges Anliegen auf all Ihre Fragen einzugehen und Ihnen genau zu erkl\u00e4ren, wie die Operation abl\u00e4uft.<\/p>\n<h4>Die Kataraktoperation<\/h4>\n<p>Ich f\u00fchre\u00a0die Kataraktoperation mit den aktuellsten\u00a0Kleinschnitttechniken (Mikroinzision)\u00a0und neuesten Linsenmaterialien durch. Das Linsenmaterial beinhaltet zum Schutz vor Sch\u00e4den auf der Netzhaut einen UV- oder auch Blaulichtfilter und ist zum besseren Sehen sph\u00e4risch. Weiters gibt es noch spezielle Linsen f\u00fcr die N\u00e4he und Ferne (<a href=\"https:\/\/de.wikipedia.org\/wiki\/Kontaktlinse#Kontaktlinsen_zur_Korrektur_von_Alterssichtigkeit\" target=\"_blank\" rel=\"noopener\">Multifokallinsen<\/a>) oder f\u00fcr die Korrektur einer starken Hornhautverkr\u00fcmmung (<a href=\"https:\/\/de.wikipedia.org\/wiki\/Torische_Linse\" target=\"_blank\" rel=\"noopener\">torische Linsen<\/a>). Durch die Anwendung neuester Technik genesen Sie schneller und haben ein optimales refraktives Ergebnis.<\/p>\n<p>Mittels einer relative schmerzfreien und kurzen Operation wird Ihre getr\u00fcbte Linse entfernt (<a href=\"https:\/\/flexikon.doccheck.com\/de\/Phakoemulsifikation\" target=\"_blank\" rel=\"noopener\">Phakoemulsifikation<\/a>) und durch eine Kunstlinse ersetzt. Dieser Eingriff erfolgt meist tagesklinisch (Sie gehen einige Stunden nach der Operation nach Hause) oder seltener station\u00e4r (Sie bleiben eine Nacht im Krankenhaus).<\/p>\n<div id=\"attachment_651\" style=\"width: 580px\" class=\"wp-caption alignnone\"><img decoding=\"async\" aria-describedby=\"caption-attachment-651\" class=\"lazyload size-full wp-image-651 \" title=\"katarakt2\" src=\"data:image\/svg+xml,%3Csvg%20xmlns%3D%27http%3A%2F%2Fwww.w3.org%2F2000%2Fsvg%27%20width%3D%27570%27%20height%3D%27250%27%20viewBox%3D%270%200%20570%20250%27%3E%3Crect%20width%3D%27570%27%20height%3D%27250%27%20fill-opacity%3D%220%22%2F%3E%3C%2Fsvg%3E\" data-orig-src=\"https:\/\/augenchirurgie.org\/wp-content\/uploads\/2014\/07\/katarakt31.jpg\" alt=\"Katarakt (Grauer Star) Erkl\u00e4rung, Ursachen, Operation\" width=\"570\" height=\"250\" \/><p id=\"caption-attachment-651\" class=\"wp-caption-text\">Grauer Star \/ Katarakt (vor und nach der Operation, Sim.)<\/p><\/div>\n<p>Die Katarakt Operation wird von mir in der Regel in Tropfan\u00e4sthesie durchgef\u00fchrt. Auf Wunsch biete ich Ihnen jedoch auch die Durchf\u00fchrung in <a href=\"https:\/\/flexikon.doccheck.com\/de\/Analgosedierung\" target=\"_blank\" rel=\"noopener\">Sedoanalgesie<\/a> (Kombination von Schlaf- und Schmerzmittel) oder Allgemeinan\u00e4sthesie (Vollnarkose) an. In der Regel sind Sie nach dieser Operation sofort wieder arbeitsf\u00e4hig und k\u00f6nnen, nat\u00fcrlich abh\u00e4ngig vom Sehverm\u00f6gen Ihres anderen Auges, am n\u00e4chsten Tag nach der Operation wieder Autofahren. Eine Behandlung mit Augentropfen ist f\u00fcr 3 bis 4 Wochen, und eine neue Brillenbestimmung f\u00fcr 4 bis 6 Wochen nach der Operation vorgesehen.<\/p>\n<h4>Nachstar: Behandlung mit Laser<\/h4>\n<p class=\"p1\">Nach einer Kataraktoperation, bei der die getr\u00fcbte k\u00f6rpereigene Linse durch eine klare Kunstlinse ersetzt wird, kann es bei einigen Patienten zu einer Nachstarbildung kommen. Dabei handelt es sich um eine gelegentlich auftretende Komplikation, bei der sich die hintere Linsenkapsel, die bei der Operation als Tr\u00e4ger der neuen Linse erhalten bleibt, im Laufe der Zeit eintr\u00fcbt. Die Folge ist eine erneute Verschlechterung des Sehverm\u00f6gens, die Symptome der urspr\u00fcnglichen Katarakt aufweisen kann.<\/p>\n<p class=\"p1\">Zur Behandlung des Nachstars wird oft ein spezieller Augenlaser, der YAG-Laser eingesetzt. YAG steht f\u00fcr \u201eYttrium-Aluminium-Granat\u201c, das ist das Material, aus dem der Laserkristall besteht. Der <a href=\"https:\/\/flexikon.doccheck.com\/de\/YAG-Laser\" target=\"_blank\" rel=\"noopener\">YAG-Laser<\/a> f\u00fchrt eine Prozedur namens Kapsulotomie durch. Bei dieser Prozedur verwendet der Arzt den Laser, um ein kleines Loch in die getr\u00fcbte hintere Kapsel zu schneiden. Das erzeugt eine klare zentrale \u00d6ffnung, die das Licht wieder ungehindert auf die Netzhaut passieren l\u00e4sst und somit das Sehverm\u00f6gen verbessert.<\/p>\n<p class=\"p1\">Der Eingriff mit dem YAG-Laser ist typischerweise schnell und schmerzfrei. Er wird ambulant durchgef\u00fchrt, normalerweise unter lokaler Bet\u00e4ubung und dauert nur wenige Minuten. Nach der Behandlung k\u00f6nnen Patienten fast sofort eine Verbesserung der Sehsch\u00e4rfe feststellen.<\/p>\n<h4>Angst vor Grauer Star OP?<\/h4>\n<p>Die Angst vor einer Operation ist ganz nat\u00fcrlich und die Entscheidung f\u00fcr eine OP erfordert Vertrauen. Deshalb lege ich gro\u00dfen Wert auf ausf\u00fchrliche Erkl\u00e4rungen, die Beantwortung all Ihrer Fragen, individuelle Beratung und Verst\u00e4ndnis f\u00fcr Ihre \u00c4ngste. Mein Ziel ist es, Ihnen alle Unsicherheit zu nehmen und Sie durch jeden Schritt zu begleiten. Die Operation des Katarakts geh\u00f6rt zu den sichersten Operationen und die Kataraktchirurgie erm\u00f6glicht Ihnen wieder klar zu sehen.<\/p>\n<p>Ich habe <strong>\u00fcber 6.000<\/strong><strong> Kataraktoperationen erfolgreich<\/strong> durchgef\u00fchrt, sodass Sie hier von meiner langj\u00e4hrigen <a href=\"https:\/\/augenchirurgie.org\/kompetenz\/erfahrung\/\">Erfahrung<\/a> und neuesten Forschung profitieren.<\/p>\n<p>Haben Sie Fragen zum Grauen Star oder zu der Operationen, <a href=\"https:\/\/augenchirurgie.org\/ordination\/\">kontaktieren Sie mich bitte<\/a>.<\/p>\n<p><iframe id=\"ritetag-cps-check\" style=\"display: none;\" src=\"https:\/\/cdn.ritekit.com\/csp-cookie-check.html\"><\/iframe><\/p>\n<p><iframe id=\"ritetag-cps-check\" style=\"display: none;\" src=\"https:\/\/cdn.ritekit.com\/csp-cookie-check.html\"><\/iframe><\/p>\n","protected":false},"excerpt":{"rendered":"<p>Was ist der graue Star (Katarakt)? Der graue Star (Katarakt) ist eine meist altersabh\u00e4ngige, langsam zunehmende Tr\u00fcbung der Linse im Auge. Daher spricht man auch von Alterskatarakt oder altersbedingtem grauem Star. Der Name \u201egrauer Star&#8221; beruht auf der grauen F\u00e4rbung hinter der Pupille (Linsentr\u00fcbung), die mit fortgeschrittener Erkrankung zu sehen ist. Katarakte unterbrechen den Weg  [&#8230;]<\/p>\n","protected":false},"author":1,"featured_media":0,"parent":331,"menu_order":4,"comment_status":"closed","ping_status":"open","template":"","meta":{"footnotes":""},"class_list":["post-375","page","type-page","status-publish","hentry"],"translation":{"provider":"WPGlobus","version":"3.0.2","language":"ru","enabled_languages":["de","en","ru"],"languages":{"de":{"title":true,"content":true,"excerpt":false},"en":{"title":true,"content":true,"excerpt":false},"ru":{"title":false,"content":false,"excerpt":false}}},"_links":{"self":[{"href":"https:\/\/augenchirurgie.org\/ru\/wp-json\/wp\/v2\/pages\/375","targetHints":{"allow":["GET"]}}],"collection":[{"href":"https:\/\/augenchirurgie.org\/ru\/wp-json\/wp\/v2\/pages"}],"about":[{"href":"https:\/\/augenchirurgie.org\/ru\/wp-json\/wp\/v2\/types\/page"}],"author":[{"embeddable":true,"href":"https:\/\/augenchirurgie.org\/ru\/wp-json\/wp\/v2\/users\/1"}],"replies":[{"embeddable":true,"href":"https:\/\/augenchirurgie.org\/ru\/wp-json\/wp\/v2\/comments?post=375"}],"version-history":[{"count":39,"href":"https:\/\/augenchirurgie.org\/ru\/wp-json\/wp\/v2\/pages\/375\/revisions"}],"predecessor-version":[{"id":13586,"href":"https:\/\/augenchirurgie.org\/ru\/wp-json\/wp\/v2\/pages\/375\/revisions\/13586"}],"up":[{"embeddable":true,"href":"https:\/\/augenchirurgie.org\/ru\/wp-json\/wp\/v2\/pages\/331"}],"wp:attachment":[{"href":"https:\/\/augenchirurgie.org\/ru\/wp-json\/wp\/v2\/media?parent=375"}],"curies":[{"name":"wp","href":"https:\/\/api.w.org\/{rel}","templated":true}]}}