{"id":369,"date":"2014-07-14T12:14:50","date_gmt":"2014-07-14T12:14:50","guid":{"rendered":"http:\/\/www.falkner-radler.at\/?page_id=369"},"modified":"2025-03-13T17:58:23","modified_gmt":"2025-03-13T16:58:23","slug":"netzhaut","status":"publish","type":"page","link":"https:\/\/augenchirurgie.org\/ru\/augenchirurgie\/netzhaut\/","title":{"rendered":"Netzhaut"},"content":{"rendered":"<h2>Was sind Netzhauterkrankungen?<\/h2>\n<p>Die Netzhaut ist ein mehrschichtiges Nervengewebe, welches den hinteren Augenabschnitt auskleidet. Sie ist an manchen Stellen eng mit dem Glask\u00f6rper verbunden. Aus diesem Grunde k\u00f6nnen Erkrankungen des Glask\u00f6rpers zu Erkrankungen der Netzhaut f\u00fchren. Diese Netzhautsch\u00e4den k\u00f6nnen Ihr Sehverm\u00f6gen beeintr\u00e4chtigen.<\/p>\n<p>Erkrankungen k\u00f6nnen die <strong>Netzhaut (Retina)<\/strong>, welche dem Erkennen von Hell-Dunkel und Bewegungen dient, betreffen oder auch die <strong>Netzhautmitte (Makula)<\/strong>, die mit ihrer gro\u00dfen Sehzellendichte f\u00fcr Ihr scharfes Sehen in der N\u00e4he und Ferne verantwortlich ist.<\/p>\n<p><img decoding=\"async\" class=\"lazyload alignnone wp-image-644 size-full\" title=\"netzhaut+makula\" src=\"https:\/\/augenchirurgie.org\/wp-content\/uploads\/2014\/07\/netzhaut-makula.jpg\" data-orig-src=\"https:\/\/augenchirurgie.org\/wp-content\/uploads\/2014\/07\/netzhaut-makula.jpg\" alt=\"Netzhaut und Makula Auge Erkl\u00e4rung Funktion\" width=\"570\" height=\"250\" srcset=\"data:image\/svg+xml,%3Csvg%20xmlns%3D%27http%3A%2F%2Fwww.w3.org%2F2000%2Fsvg%27%20width%3D%27570%27%20height%3D%27250%27%20viewBox%3D%270%200%20570%20250%27%3E%3Crect%20width%3D%27570%27%20height%3D%27250%27%20fill-opacity%3D%220%22%2F%3E%3C%2Fsvg%3E\" data-srcset=\"https:\/\/augenchirurgie.org\/wp-content\/uploads\/2014\/07\/netzhaut-makula-300x132.jpg 300w, https:\/\/augenchirurgie.org\/wp-content\/uploads\/2014\/07\/netzhaut-makula.jpg 570w\" data-sizes=\"auto\" data-orig-sizes=\"(max-width: 570px) 100vw, 570px\" \/><\/p>\n<p>Zur Behandlung von Erkrankungen der Netzhaut kommen Laser, IVOM, Vitrektomie und Bickelchirurgie zum Einsatz.<\/p>\n<hr \/>\n<p class=\"p1\"><strong>Erfahren Sie in diesem Video Wissenswertes zu Erkrankungen der Netzhaut\u00a0 in 3 Minuten:<\/strong><\/p>\n<div class=\"video-shortcode\"><iframe title=\"Netzhauterkrankungen: Ursache, Symptome, Diagnose und Therapie in 3 Minuten von augenchirurgie.org\" width=\"1100\" height=\"619\" src=\"https:\/\/www.youtube.com\/embed\/pKxbVSAHe8Y?feature=oembed\" frameborder=\"0\" allow=\"accelerometer; autoplay; clipboard-write; encrypted-media; gyroscope; picture-in-picture\" allowfullscreen><\/iframe><\/div>\n<hr \/>\n<h4>Wie bemerken Sie diese Erkrankungen?<\/h4>\n<p>Ihre Beschwerden k\u00f6nnten sich folgenderma\u00dfen \u00e4u\u00dfern:<\/p>\n<p>\u2022 Sie haben Lesebeschwerden, sehen im Zentrum unscharf oder sehen Wellenlinien (Makulerkrankungen wie. z.B. Membranbildungen, Lochbildungen, Makuladegeneration).<\/p>\n<p>\u2022 Sie sehen einen Schatten, haben eine Sehverschlechterung oder \u00e4hnliches (m\u00f6glicher Hinweis auf Netzhauterkrankungen wie Netzhautabhebung).<\/p>\n<p>\u2022 Sehst\u00f6rungen wie Blitze, Punkte, Ru\u00dfregen oder \u201efliegende M\u00fccken\u201c (Signale f\u00fcr die Entstehung einer Netzhautabhebung, akute Glask\u00f6rpersymptome).<\/p>\n<p>\u2022 Die Erkrankungen der Netzhaut sind schmerzfrei. Daher ist die Sehqualit\u00e4t ein erster Indikator f\u00fcr eine Erkrankung.<\/p>\n<p>Sollten Sie solche oder \u00e4hnliche Beschwerden haben, ist eine sorgf\u00e4ltige Augenuntersuchung unbedingt erforderlich, um die genaue Ursache abzukl\u00e4ren. Falls Sie m\u00f6chten, k\u00f6nnen Sie als ersten Schritt gleich jetzt einen Augentest (anonym, kostenlos, ohne Registrierung) durchf\u00fchren: <a href=\"https:\/\/augenchirurgie.org\/leistungen\/augentest\/\">Online-Augentest<\/a>.<\/p>\n<h4>Die Untersuchung der Netzhaut<\/h4>\n<p>Da f\u00fcr die Untersuchung eine (v\u00f6llig schmerzfreie) Erweiterung der Pupille n\u00f6tig ist, um Ihren hinteren Augenabschnitt sorgf\u00e4ltig zu untersuchen, lassen Sie bitte Ihr Auto zu Hause. Kommen Sie \u00f6ffentlich oder nehmen Sie einen \u201eFahrer\u201d mit. Die pupillenerweiternden Tropfen beeintr\u00e4chtigen n\u00e4mlich Ihre Fahrt\u00fcchtigkeit f\u00fcr ca. 4 Stunden.<\/p>\n<p class=\"p1\">Eventuell kann eine\u00a0<a href=\"https:\/\/augenchirurgie.org\/leistungen\/augenuntersuchung\/\">Optische Koh\u00e4renztomografie (OCT)<\/a>\u00a0sinnvoll\u00a0sein. Das OCT ist ein wichtiges diagnostisches Tool zur Fr\u00fcherkennung sowie zur Verlaufskontrolle bei Erkrankungen der Netzhautmitte (Makula) und des Sehnervenkopfes (Opticus).\u00a0Eine OCT-Untersuchung ist ber\u00fchrungslos, schmerzfrei und mit keinerlei Nebenwirkungen f\u00fcr Sie verbunden. Das OCT kann\u00a0bei mir in der Ordination ohne die im Krankenhaus \u00fcblichen Wartezeiten durchgef\u00fchrt werden.<\/p>\n<p class=\"p1\"><img decoding=\"async\" class=\"lazyload alignnone size-full wp-image-12389\" src=\"https:\/\/augenchirurgie.org\/wp-content\/uploads\/2014\/07\/untersuchung-netzhaut-oct-augenarzt.jpg\" data-orig-src=\"https:\/\/augenchirurgie.org\/wp-content\/uploads\/2014\/07\/untersuchung-netzhaut-oct-augenarzt.jpg\" alt=\"Untersuchung Netzhaut OCT Augen OP\" width=\"780\" height=\"300\" srcset=\"data:image\/svg+xml,%3Csvg%20xmlns%3D%27http%3A%2F%2Fwww.w3.org%2F2000%2Fsvg%27%20width%3D%27780%27%20height%3D%27300%27%20viewBox%3D%270%200%20780%20300%27%3E%3Crect%20width%3D%27780%27%20height%3D%27300%27%20fill-opacity%3D%220%22%2F%3E%3C%2Fsvg%3E\" data-srcset=\"https:\/\/augenchirurgie.org\/wp-content\/uploads\/2014\/07\/untersuchung-netzhaut-oct-augenarzt-300x115.jpg 300w, https:\/\/augenchirurgie.org\/wp-content\/uploads\/2014\/07\/untersuchung-netzhaut-oct-augenarzt.jpg 780w\" data-sizes=\"auto\" data-orig-sizes=\"(max-width: 780px) 100vw, 780px\" \/><\/p>\n<p>Je nach dem Ergebnis der durchgef\u00fchrten Augenuntersuchung k\u00f6nnte zu einem sp\u00e4teren Zeitpunkt ein operativer Eingriff erforderlich sein oder nicht.<\/p>\n<p>In einem ausf\u00fchrlichen Gespr\u00e4ch berate ich Sie gerne \u00fcber die Notwendigkeit eines chirurgischen Eingriffes, die Art und Weise, die Erfolgsaussichten und m\u00f6gliche Nebenwirkungen. Dabei ist es mir ein wichtiges Anliegen auf all Ihre Fragen einzugehen und Ihnen genau zu erkl\u00e4ren, wie die Operation abl\u00e4uft.<\/p>\n<h4>Die intravitreale operative Medikamentenapplikation (IVOM)<\/h4>\n<p>Sollte die Untersuchung Ihres hinteren Augenabschnittes Erkrankungen wie eine \u201efeuchte\u201c <a href=\"https:\/\/www.msdmanuals.com\/de\/profi\/augenkrankheiten\/netzhauterkrankungen\/altersbedingte-makuladegeneration-amd\" target=\"_blank\" rel=\"noopener\"><strong>altersbedingte Makluadegeneration (AMD) <\/strong><\/a>bzw. Netzhautverkalkung, diabetische Netzhauterkrankungen oder Gef\u00e4\u00dferkrankungen zeigen, k\u00f6nnte eine Behandlung mit intravitrealen Injektionen sinnvoll sein.<\/p>\n<p>Diese<strong> Intravitrealen Operativen Medikamentenapplikationen (IVOM)<\/strong> k\u00f6nnen meist ambulant und mit \u00f6rtlicher Bet\u00e4ubung durch Augentropfen durchgef\u00fchrt werden. Mit einer winzigen Injektionskan\u00fcle wird ein Medikament in den Glask\u00f6rperraum verabreicht. Ich habe dies bei tausenden\u00a0<strong>IVOMs<\/strong> erfolgreich durchgef\u00fchrt.<\/p>\n<p>Sie bekommen danach benetzende\u00a0Augentropfen, f\u00fcr wenige Stunden einen Augenverband oder \u2013 je nach Sehleistung und Wunsch \u2013 eine durchsichtige Schale.<\/p>\n<p>Erforderliche Kontrollen nach einer IVOM sind <a href=\"https:\/\/augenchirurgie.org\/leistungen\/augenuntersuchung\/\">Augendruckkontrollen<\/a> (nach 1 bis 2 Wochen) und <a href=\"https:\/\/augenchirurgie.org\/leistungen\/augenuntersuchung\/\">Sehtests inkl. OCT<\/a> (nach ca. 4 Wochen).<\/p>\n<h4>Die Operationen der Netzhaut<\/h4>\n<p>Zur Behandlung eignet sich zum Beispiel die <strong><a href=\"https:\/\/augenchirurgie.org\/augenchirurgie\/glaskorpererkrankungen\/\">Vitrektomie<\/a><\/strong>. Diese funktioniert \u00e4hnlich einer Endoskopie. Das hei\u00dft man macht winzig kleine \u00d6ffnungen in das Augeninnere und entfernt den Glask\u00f6rper. Als Ersatz hierf\u00fcr wird Fl\u00fcssigkeit ins Auge gef\u00fcllt. Hierbei k\u00f6nnen auch Laser verwendet werden, um Netzhautdefekte w\u00e4hrend oder nach der Entfernung des Glask\u00f6rpers zu behandeln.<\/p>\n<p>Die Vitrektomie wird (ebenso wie die <a href=\"https:\/\/www.gesundheitsinformation.de\/operation-bei-einer-netzhautabloesung.html\" target=\"_blank\" rel=\"noopener\">Buckelchirurgie<\/a>) in der Regel in Vollnarkose durchgef\u00fchrt. Rechnen Sie dabei bitte mit einem station\u00e4ren Aufenthalt von 1 bis 2 N\u00e4chten. Auf Wunsch ist auch ein tagesklinischer Eingriff mit Vollnarkose bzw. mit \u00f6rtlicher Bet\u00e4ubung, beides mit Abholung durch eine Begleitperson m\u00f6glich. Schwimmen, Sauna und \u00e4hnliches sind nach der Operation f\u00fcr ca. 2 bis 3 Wochen, k\u00f6rperliche Belastungen und Sport f\u00fcr ca. 3 bis 4 Wochen zu meiden.<\/p>\n<p>Bei einfacheren Vitrektomien verwende ich in der Regel ganz kleine \u00d6ffnungen und erziele damit hervorragende funktionelle und anatomische Ergebnisse. Sie eignen sich sehr gut f\u00fcr Erkrankungen der <strong>Netzhautmitte (Makulaerkrankungen)<\/strong>, wie zum Beispiel Epiretinalen Membranen oder Makulaforamen.<\/p>\n<p><strong>Epiretinale Membranen<\/strong> sind unterschiedlich stark ausgepr\u00e4gte Membranbildungen in der Makula.<\/p>\n<p><div class=\"fusion-fullwidth fullwidth-box fusion-builder-row-1 hundred-percent-fullwidth non-hundred-percent-height-scrolling\" style=\"--awb-border-radius-top-left:0px;--awb-border-radius-top-right:0px;--awb-border-radius-bottom-right:0px;--awb-border-radius-bottom-left:0px;--awb-overflow:visible;--awb-flex-wrap:wrap;\" ><\/div><div class=\"fusion-builder-row fusion-row\"><\/div><div class=\"fusion-layout-column fusion_builder_column fusion-builder-column-0 fusion_builder_column_1_1 1_1 fusion-one-full fusion-column-first fusion-column-last fusion-column-no-min-height\" style=\"--awb-bg-size:cover;--awb-margin-bottom:0px;width:100%;\"><div class=\"fusion-column-wrapper fusion-flex-column-wrapper-legacy\"><\/p>\n<div id=\"attachment_661\" style=\"width: 580px\" class=\"wp-caption alignnone\"><img decoding=\"async\" aria-describedby=\"caption-attachment-661\" class=\"lazyload wp-image-661 size-full\" title=\"epiretinale-membran laser oct foveal traktion netzthaut\" src=\"https:\/\/augenchirurgie.org\/wp-content\/uploads\/2014\/07\/epiretinale-membran.jpg\" data-orig-src=\"https:\/\/augenchirurgie.org\/wp-content\/uploads\/2014\/07\/epiretinale-membran.jpg\" alt=\"Epiretinale Membranen in der Makula\" width=\"570\" height=\"184\" srcset=\"data:image\/svg+xml,%3Csvg%20xmlns%3D%27http%3A%2F%2Fwww.w3.org%2F2000%2Fsvg%27%20width%3D%27570%27%20height%3D%27184%27%20viewBox%3D%270%200%20570%20184%27%3E%3Crect%20width%3D%27570%27%20height%3D%27184%27%20fill-opacity%3D%220%22%2F%3E%3C%2Fsvg%3E\" data-srcset=\"https:\/\/augenchirurgie.org\/wp-content\/uploads\/2014\/07\/epiretinale-membran-300x97.jpg 300w, https:\/\/augenchirurgie.org\/wp-content\/uploads\/2014\/07\/epiretinale-membran.jpg 570w\" data-sizes=\"auto\" data-orig-sizes=\"(max-width: 570px) 100vw, 570px\" \/><p id=\"caption-attachment-661\" class=\"wp-caption-text\">Epiretinale Membranen in der Makula (Netzhautmitte)<\/p><\/div>\n<p><strong>Makulaforamen <\/strong>sind Lochbildungen in der Makula.<\/p>\n<p>Beide k\u00f6nnen Ihr Sehen, vor allem beim Lesen beintr\u00e4chtigen. Zu den h\u00e4ufigsten Symptomen z\u00e4hlen verzerrtes Sehen (Linien sind nicht mehr gerade) und die Abnahme Ihres Sehverm\u00f6gens.<\/p>\n<p><div class=\"fusion-clearfix\"><\/div><\/div><\/div><div class=\"fusion-layout-column fusion_builder_column fusion-builder-column-1 fusion_builder_column_1_1 1_1 fusion-one-full fusion-column-first fusion-column-last fusion-column-no-min-height\" style=\"--awb-bg-size:cover;--awb-margin-bottom:0px;width:100%;\"><div class=\"fusion-column-wrapper fusion-flex-column-wrapper-legacy\"><div class=\"fusion-clearfix\"><\/div><\/div><\/div><\/p>\n<div id=\"attachment_555\" style=\"width: 580px\" class=\"wp-caption alignnone\"><a href=\"https:\/\/augenchirurgie.org\/wp-content\/uploads\/2014\/07\/makulaforamen2.jpg\"><img decoding=\"async\" aria-describedby=\"caption-attachment-555\" class=\"lazyload wp-image-555 size-full\" title=\"Makulaforamen laser oct netzhaut scan oct\" src=\"https:\/\/augenchirurgie.org\/wp-content\/uploads\/2014\/07\/makulaforamen2.jpg\" data-orig-src=\"https:\/\/augenchirurgie.org\/wp-content\/uploads\/2014\/07\/makulaforamen2.jpg\" alt=\"Makulaforamen, vor und nach der Operation (verschlossen)\" width=\"570\" height=\"184\" srcset=\"data:image\/svg+xml,%3Csvg%20xmlns%3D%27http%3A%2F%2Fwww.w3.org%2F2000%2Fsvg%27%20width%3D%27570%27%20height%3D%27184%27%20viewBox%3D%270%200%20570%20184%27%3E%3Crect%20width%3D%27570%27%20height%3D%27184%27%20fill-opacity%3D%220%22%2F%3E%3C%2Fsvg%3E\" data-srcset=\"https:\/\/augenchirurgie.org\/wp-content\/uploads\/2014\/07\/makulaforamen2-300x97.jpg 300w, https:\/\/augenchirurgie.org\/wp-content\/uploads\/2014\/07\/makulaforamen2.jpg 570w\" data-sizes=\"auto\" data-orig-sizes=\"(max-width: 570px) 100vw, 570px\" \/><\/a><p id=\"caption-attachment-555\" class=\"wp-caption-text\">Makulaforamen, vor und nach der Operation (verschlossen)<\/p><\/div>\n<p>Bei diesen Makulaerkrankungen wird zus\u00e4tzlich zur Vitrektomie auch eine <strong>Makulachirurgie<\/strong> vorgenommen (Membranpeeling). Bei Makulaforamen kann auch eine intraokul\u00e4re Tamponade sinnvoll sein. Dies ist ein Luft-Gas-Gemisch, welches der Stabilisierung des Augeninneren und\/oder dem Verschluss des Makulaforamens dient. Dieses Gemisch l\u00f6st sich in einigen Tagen bis Wochen von selbst auf und wird ganz nat\u00fcrlich durch die eigene Augen-Fl\u00fcssigkeit, das Kammerwasser, ersetzt.<\/p>\n<h4>Netzhautabhebung: Vitrektomie oder Buckelchirurgie und Laser<\/h4>\n<p>Zur Behandlung einer <strong>Netzhautabhebung (<a href=\"https:\/\/www.gesundheit.gv.at\/krankheiten\/augen\/netzhaut\/netzhautabloesung.html\" target=\"_blank\" rel=\"noopener\">Ablatio retinae<\/a>)<\/strong> wird entweder eine <strong>Vitrektomie<\/strong> (mit oder ohne Tamponade) oder eine <strong>Buckelchirurgie<\/strong> (Kunststoffplomben und\/oder B\u00e4nder) als Prim\u00e4reingriff gew\u00e4hlt. Zus\u00e4tzlich arbeite ich mit einem hochpr\u00e4zisen Laser, dies erm\u00f6glicht eine genaue und effektive Behandlung.<\/p>\n<p>Die Netzhautabhebung ist je nach Befund ein mehr oder weniger akutes Ereignis, welches auch Ihr Sehverm\u00f6gen bedrohen kann. Eine Netzhautabhebung kann nur mit einer Operation behandelt werden.<\/p>\n<p>Das funktionelle Ergebnis (Sehverm\u00f6gen) und die anatomische Heilung h\u00e4ngen vom Ausma\u00df der Netzhautabhebung und deren Dauer ab. Warnsignale vor der Entstehung einer Netzhautabhebung k\u00f6nnen Sehst\u00f6rungen wie Blitze, Punkte, Ru\u00dfregen oder \u201efliegende M\u00fccken\u201c sein.<\/p>\n<p>Bei diesen Symptomen ist eine <a href=\"https:\/\/augenchirurgie.org\/augenchirurgie\/netzhaut\/\">Netzhautuntersuchung<\/a> \u00e4u\u00dferst wichtig. Sie sollten diese innerhalb von 1 bis 2 Tagen durchf\u00fchren lassen. Nach Erweitern der Pupille mit Augentropfen, wird eine sogenannte Kontaktglasuntersuchung vorgenommen, die Ver\u00e4nderungen vom Zentrum bis in die Peripherie aufzeigen kann.<\/p>\n<p>Sollte ich bei einer solchen Untersuchung nur einen Netzhautdefekt (Lochbildung in der Netzhaut) vorfinden, kann ich diesen mittels Laser rasch wieder verschlie\u00dfen, und somit die Gefahr einer Netzhautabhebung reduzieren.<\/p>\n<p>Diese Behandlung mit dem Laser erfolgt ambulant. Dabei wird Laserlicht verwendet, um die R\u00e4nder des Defekts zu \u201everschwei\u00dfen\u201d und so ein Weiterrei\u00dfen zu verhindern. Diese Behandlung hilft auch, das Risiko einer Netzhautabl\u00f6sung zu minimieren, indem sie die behandelten Bereiche fest mit dem darunterliegenden Gewebe verbindet. Die optimale Narbenbildung nach einer Laserbehandlung stellt sich in ca. 10 Tagen ein. W\u00e4hrenddessen sollten Sie sich schonen, also Sport, Lesen und Computerarbeit meiden.<\/p>\n<p>Trotz Laserbehandlung kann eine Netzhautabhebung leider nicht g\u00e4nzlich in der Zukunft ausgeschlossen werden. Sie kann durch Zugkr\u00e4fte des Glask\u00f6rpers am bestehenden Riss oder durch neu entstehende Netzhautrisse verursacht werden. Meist sehen Sie selbst als Hinweis f\u00fcr das Entstehen einer Netzhautabhebung erst sp\u00e4t spezifische Symptome wie z.B. einen von unten aufsteigenden Schatten, einen sich von oben senkenden Vorhang oder Sie bemerken eine pl\u00f6tzliche Sehverminderung zu sp\u00e4t. Aus diesem Grund kontrolliere ich meine PatientInnen nach der Behandlung mit dem Laser h\u00e4ufiger.<\/p>\n<p>Neben der Lasertherapie von Netzhautdefekten f\u00fchre ich auch Laserbehandlungen von diabetischen Netzhautver\u00e4nderungen oder Gef\u00e4\u00dferkrankungen durch.<\/p>\n<p>Weiters werden auch Nachstarbildungen (Membranbildungen \u00fcber der Kunstlinse nach Kataraktoperationen) mittels <a href=\"https:\/\/de.wikipedia.org\/wiki\/Nd:YAG-Laser\" target=\"_blank\" rel=\"noopener\">YAG-Laser<\/a>\u00a0behandelt. All diese Lasereingriffe erfolgen ambulant und mit pupillenerweiternden Tropfen.<\/p>\n<p><span style=\"font-weight: 400;\">Als Ihre \u00c4rztin ist es mir ein Anliegen, Sie nicht nur medizinisch auf h\u00f6chstem Niveau, sondern auch menschlich einf\u00fchlsam zu betreuen. Die Wahl eines Arztes ist eine Vertrauenssache \u2013 besonders bei sensiblen Eingriffen wie einer Augen-Operation. Daher ist es mir wichtig, all Ihre Fragen zu beantworten und auf Ihre Sorgen einzugehen.<\/span><\/p>\n<p>Haben Sie Fragen zu Netzhauterkrankungen oder zu den Operationen,<a href=\"https:\/\/augenchirurgie.org\/ordination\/\"> kontaktieren Sie mich bitte<\/a>.<\/p>\n<p><iframe id=\"ritetag-cps-check\" style=\"display: none;\" src=\"https:\/\/cdn.ritekit.com\/csp-cookie-check.html\"><\/iframe><\/p>\n<p><iframe id=\"ritetag-cps-check\" style=\"display: none;\" src=\"https:\/\/cdn.ritekit.com\/csp-cookie-check.html\"><\/iframe><\/p>\n<p><iframe id=\"ritetag-cps-check\" style=\"display: none;\" src=\"https:\/\/cdn.ritekit.com\/csp-cookie-check.html\"><\/iframe><\/p>\n<p><iframe id=\"ritetag-cps-check\" style=\"display: none;\" src=\"https:\/\/cdn.ritekit.com\/csp-cookie-check.html\"><\/iframe><\/p>\n<p><iframe id=\"ritetag-cps-check\" style=\"display: none;\" src=\"https:\/\/cdn.ritekit.com\/csp-cookie-check.html\"><\/iframe><\/p>\n<p><iframe id=\"ritetag-cps-check\" style=\"display: none;\" src=\"https:\/\/cdn.ritekit.com\/csp-cookie-check.html\"><\/iframe><\/p>\n<p><iframe id=\"ritetag-cps-check\" style=\"display: none;\" src=\"https:\/\/cdn.ritekit.com\/csp-cookie-check.html\"><\/iframe><\/p>\n<p><iframe id=\"ritetag-cps-check\" style=\"display: none;\" src=\"https:\/\/cdn.ritekit.com\/csp-cookie-check.html\"><\/iframe><\/p>\n<p><iframe id=\"ritetag-cps-check\" style=\"display: none;\" src=\"https:\/\/cdn.ritekit.com\/csp-cookie-check.html\"><\/iframe><\/p>\n<p><iframe id=\"ritetag-cps-check\" style=\"display: none;\" src=\"https:\/\/cdn.ritekit.com\/csp-cookie-check.html\"><\/iframe><\/p>\n<p><iframe id=\"ritetag-cps-check\" style=\"display: none;\" src=\"https:\/\/cdn.ritekit.com\/csp-cookie-check.html\"><\/iframe><\/p>\n<p><iframe id=\"ritetag-cps-check\" style=\"display: none;\" src=\"https:\/\/cdn.ritekit.com\/csp-cookie-check.html\"><\/iframe><\/p>\n<p><iframe id=\"ritetag-cps-check\" style=\"display: none;\" src=\"https:\/\/cdn.ritekit.com\/csp-cookie-check.html\"><\/iframe><\/p>\n<p><iframe id=\"ritetag-cps-check\" style=\"display: none;\" src=\"https:\/\/cdn.ritekit.com\/csp-cookie-check.html\"><\/iframe><\/p>\n<p><iframe id=\"ritetag-cps-check\" style=\"display: none;\" src=\"https:\/\/cdn.ritekit.com\/csp-cookie-check.html\"><\/iframe><\/p>\n<p><iframe id=\"ritetag-cps-check\" style=\"display: none;\" src=\"https:\/\/cdn.ritekit.com\/csp-cookie-check.html\"><\/iframe><\/p>\n<p><iframe id=\"ritetag-cps-check\" style=\"display: none;\" src=\"https:\/\/cdn.ritekit.com\/csp-cookie-check.html\"><\/iframe><\/p>\n<p><iframe id=\"ritetag-cps-check\" style=\"display: none;\" src=\"https:\/\/cdn.ritekit.com\/csp-cookie-check.html\"><\/iframe><\/p>\n<p><iframe id=\"ritetag-cps-check\" style=\"display: none;\" src=\"https:\/\/cdn.ritekit.com\/csp-cookie-check.html\"><\/iframe><\/p>\n<p><iframe id=\"ritetag-cps-check\" style=\"display: none;\" src=\"https:\/\/cdn.ritekit.com\/csp-cookie-check.html\"><\/iframe><\/p>\n","protected":false},"excerpt":{"rendered":"<p>Was sind Netzhauterkrankungen? Die Netzhaut ist ein mehrschichtiges Nervengewebe, welches den hinteren Augenabschnitt auskleidet. Sie ist an manchen Stellen eng mit dem Glask\u00f6rper verbunden. Aus diesem Grunde k\u00f6nnen Erkrankungen des Glask\u00f6rpers zu Erkrankungen der Netzhaut f\u00fchren. Diese Netzhautsch\u00e4den k\u00f6nnen Ihr Sehverm\u00f6gen beeintr\u00e4chtigen. Erkrankungen k\u00f6nnen die Netzhaut (Retina), welche dem Erkennen von Hell-Dunkel und Bewegungen dient,  [&#8230;]<\/p>\n","protected":false},"author":1,"featured_media":0,"parent":331,"menu_order":3,"comment_status":"closed","ping_status":"open","template":"","meta":{"footnotes":""},"class_list":["post-369","page","type-page","status-publish","hentry"],"translation":{"provider":"WPGlobus","version":"3.0.2","language":"ru","enabled_languages":["de","en","ru"],"languages":{"de":{"title":true,"content":true,"excerpt":false},"en":{"title":true,"content":true,"excerpt":false},"ru":{"title":false,"content":false,"excerpt":false}}},"_links":{"self":[{"href":"https:\/\/augenchirurgie.org\/ru\/wp-json\/wp\/v2\/pages\/369","targetHints":{"allow":["GET"]}}],"collection":[{"href":"https:\/\/augenchirurgie.org\/ru\/wp-json\/wp\/v2\/pages"}],"about":[{"href":"https:\/\/augenchirurgie.org\/ru\/wp-json\/wp\/v2\/types\/page"}],"author":[{"embeddable":true,"href":"https:\/\/augenchirurgie.org\/ru\/wp-json\/wp\/v2\/users\/1"}],"replies":[{"embeddable":true,"href":"https:\/\/augenchirurgie.org\/ru\/wp-json\/wp\/v2\/comments?post=369"}],"version-history":[{"count":51,"href":"https:\/\/augenchirurgie.org\/ru\/wp-json\/wp\/v2\/pages\/369\/revisions"}],"predecessor-version":[{"id":13585,"href":"https:\/\/augenchirurgie.org\/ru\/wp-json\/wp\/v2\/pages\/369\/revisions\/13585"}],"up":[{"embeddable":true,"href":"https:\/\/augenchirurgie.org\/ru\/wp-json\/wp\/v2\/pages\/331"}],"wp:attachment":[{"href":"https:\/\/augenchirurgie.org\/ru\/wp-json\/wp\/v2\/media?parent=369"}],"curies":[{"name":"wp","href":"https:\/\/api.w.org\/{rel}","templated":true}]}}