{"id":363,"date":"2014-07-14T12:11:54","date_gmt":"2014-07-14T12:11:54","guid":{"rendered":"http:\/\/www.falkner-radler.at\/?page_id=363"},"modified":"2025-03-13T17:31:26","modified_gmt":"2025-03-13T16:31:26","slug":"glaskorpererkrankungen","status":"publish","type":"page","link":"https:\/\/augenchirurgie.org\/ru\/augenchirurgie\/glaskorpererkrankungen\/","title":{"rendered":"Glask\u00f6rper"},"content":{"rendered":"<h2>Was ist der Glask\u00f6rper und was sind Glask\u00f6rpererkrankungen?<\/h2>\n<p>Erkrankungen dieser Art betreffen den hinteren Augenabschnitt, also den Glask\u00f6rper (<em>Corpus vitreum)<\/em>. Diese gelartige, durchsichtige Substanz hat die Aufgabe den hinteren Augenabschnitt zu \u201estabilisieren\u201d.<\/p>\n<p><img decoding=\"async\" class=\"lazyload alignnone wp-image-640\" title=\"glaskoerper\" src=\"https:\/\/augenchirurgie.org\/wp-content\/uploads\/2014\/07\/glaskoerper.jpg\" data-orig-src=\"https:\/\/augenchirurgie.org\/wp-content\/uploads\/2014\/07\/glaskoerper.jpg\" alt=\"Glask\u00f6rper Erkl\u00e4rung Auge (Glask\u00f6rpertr\u00fcbung, Abhebung Glask\u00f6rper)\" width=\"720\" height=\"316\" srcset=\"data:image\/svg+xml,%3Csvg%20xmlns%3D%27http%3A%2F%2Fwww.w3.org%2F2000%2Fsvg%27%20width%3D%27720%27%20height%3D%27316%27%20viewBox%3D%270%200%20720%20316%27%3E%3Crect%20width%3D%27720%27%20height%3D%27316%27%20fill-opacity%3D%220%22%2F%3E%3C%2Fsvg%3E\" data-srcset=\"https:\/\/augenchirurgie.org\/wp-content\/uploads\/2014\/07\/glaskoerper-300x132.jpg 300w, https:\/\/augenchirurgie.org\/wp-content\/uploads\/2014\/07\/glaskoerper.jpg 570w\" data-sizes=\"auto\" data-orig-sizes=\"(max-width: 720px) 100vw, 720px\" \/><\/p>\n<hr \/>\n<p class=\"p1\"><strong>Erfahren Sie in diesem Video Wissenswertes zu Erkrankungen des Glask\u00f6rpers in 3 Minuten:<\/strong><\/p>\n<div class=\"video-shortcode\"><iframe title=\"Glask\u00f6rpererkrankungen: Ursache, Symptome, Diagnose und Therapie in 3 Minuten von augenchirurgie.org\" width=\"1100\" height=\"619\" src=\"https:\/\/www.youtube.com\/embed\/54kjDDBslOs?feature=oembed\" frameborder=\"0\" allow=\"accelerometer; autoplay; clipboard-write; encrypted-media; gyroscope; picture-in-picture\" allowfullscreen><\/iframe><\/div>\n<hr \/>\n<h4>Wie bemerken Sie diese Erkrankungen?<\/h4>\n<p>Ihre Beschwerden k\u00f6nnten sich folgenderma\u00dfen \u00e4u\u00dfern:<\/p>\n<p>\u2022 Sie sehen Schleier, Schlieren, Blitze, fliegende M\u00fccken (Mouches volantes) oder Regen (m\u00f6gliche Hinweise auf Glask\u00f6rpersymptome wie Glask\u00f6rperabhebung oder Glask\u00f6rperdestruktion).<\/p>\n<p class=\"p1\">\u2022 Sie leiden unter vermehrter Lichtempfindlichkeit und Blendung, sehen einen Schein\u00a0oder einen Schatten.<\/p>\n<p>\u2022 Sie sehen einen Schatten, haben eine Sehverschlechterung oder \u00e4hnliches (Hinweis auf m\u00f6gliche Glask\u00f6rpertr\u00fcbungen und -blutungen, Netzhautl\u00f6cher oder eine beginnende Netzhautabhebung).<\/p>\n<p>Sollten Sie solche oder \u00e4hnliche Beschwerden haben, ist eine baldige sorgf\u00e4ltige Augenuntersuchung unbedingt erforderlich, um die genaue Ursache abzukl\u00e4ren. Als ersten Schritt k\u00f6nnen Sie gleich jetzt einen Augentest (anonym, kostenlos, ohne Registrierung) durchf\u00fchren: <a href=\"https:\/\/augenchirurgie.org\/leistungen\/augentest\/\">Online-Augentest<\/a>.<\/p>\n<h4><\/h4>\n<h4>Die Untersuchung des Glask\u00f6rpers<\/h4>\n<p>Da f\u00fcr die Untersuchung eine (v\u00f6llig schmerzfreie) Erweiterung der Pupille n\u00f6tig ist, um Ihren hinteren Augenabschnitt sorgf\u00e4ltig zu untersuchen, lassen Sie bitte Ihr Auto zu Hause. Kommen Sie \u00f6ffentlich oder nehmen Sie einen \u201eFahrer\u201d mit. Die pupillenerweiternden Tropfen beeintr\u00e4chtigen n\u00e4mlich Ihre Fahrt\u00fcchtigkeit f\u00fcr ca. 4 Stunden.<\/p>\n<p>Je nach dem Ergebnis der durchgef\u00fchrten Augenuntersuchung k\u00f6nnte zu einem sp\u00e4teren Zeitpunkt ein operativer Eingriff erforderlich sein oder nicht.<\/p>\n<p>In einem ausf\u00fchrlichen Gespr\u00e4ch berate ich Sie gerne \u00fcber die Notwendigkeit eines chirurgischen Eingriffes, die Art und Weise, die Erfolgsaussichten und m\u00f6gliche Nebenwirkungen. Dabei ist es mir ein wichtiges Anliegen auf all Ihre Fragen einzugehen und Ihnen genau zu erkl\u00e4ren, wie die Operation des Glask\u00f6rpers abl\u00e4uft.<\/p>\n<p>Auch die Behandlung von sehbeeintr\u00e4chtigenden und oder auch subjektiv st\u00f6renden Glask\u00f6rpertr\u00fcbungen (wie zum Beispiel eine Synchisis) sind durch operative Eingriffe m\u00f6glich.<\/p>\n<h4><\/h4>\n<h4>Die Vitrektomie (Glask\u00f6rperoperation)<\/h4>\n<p>Vitrektomien funktionieren \u00e4hnlich einer Endoskopie. Das hei\u00dft, man macht winzig kleine \u00d6ffnungen in das Augeninnere und entfernt den Glask\u00f6rper. Als Ersatz f\u00fcr den Glask\u00f6rper wird das Auge mit Fl\u00fcssigkeit oder bei Bedarf einer Tamponade gef\u00fcllt. Je nach Diagnose wird eventuell auch gleich die Netzhaut behandelt.<\/p>\n<p>Bei schwereren Erkrankungen wird dabei eventuell auch das Verfahren der Buckelchirurgie verwendet. Dabei n\u00e4ht man auf den Augapfel eine eindellende Kunststoffplombe, welche die \u00e4u\u00dfere Wand der Netzhaut \u201eentgegenbeult\u201c.<\/p>\n<p>Sollten Sie bereits Anzeichen eines grauen Stars (Katarakt) haben, f\u00fchre ich die Vitrektomie mit einer Operation des grauen Stars (Kataraktoperation) kombiniert durch. F\u00fchrt man n\u00e4mlich nur eine Vitrektomie alleine durch, wird sich ihre Augenlinse in den n\u00e4chsten 5 Jahren vermehrt tr\u00fcben, und der graue Star (Katarakt) f\u00fchrt wieder zu einer Sehverschlechterung. So w\u00e4re eine erneute Operation erforderlich.<\/p>\n<p>Die <strong>kombinierte Chirurgie<\/strong> (Vitrektomie und OP Grauer Star) jedoch erspart Ihnen einen Zweiteingriff in den n\u00e4chsten 1 bis 5 Jahren. Hier haben internationale und auch meine intensiven Forschungen sichere und hervorragende Ergebnisse gezeigt.<\/p>\n<p><strong>Erfolgsaussichten der Vitrektomie und neueste Technik:<\/strong><\/p>\n<p>Die Vitrektomie wird (ebenso wie die <a href=\"https:\/\/de.wikipedia.org\/wiki\/Cerclage_(Augenheilkunde)\" target=\"_blank\" rel=\"noopener noreferrer\">Buckelchirurgie<\/a>) in der Regel in Vollnarkose durchgef\u00fchrt. Rechnen Sie dabei bitte mit einem station\u00e4ren Aufenthalt von 1 bis 2 N\u00e4chten. Auf Wunsch ist auch ein tagesklinischer Eingriff mit Vollnarkose bzw. mit \u00f6rtlicher Bet\u00e4ubung, beides mit Abholung durch eine Begleitperson m\u00f6glich. Schwimmen, Sauna und \u00e4hnliches sind nach der Operation f\u00fcr ca. 2 bis 3 Wochen, k\u00f6rperliche Belastungen und Sport f\u00fcr ca. 3 bis 4 Wochen zu meiden.<\/p>\n<p>Die Vitrektomie f\u00fchre ich nach neuestem Stand mit nahtlosen Kleinschnittsystemen durch. Die Kan\u00fclen sind dabei \u00e4u\u00dferst d\u00fcnn, sie reichen von 25 Gauge (\u2248 0,5 mm) bis 27 Gauge (\u2248 0,4 mm). Die Ergebnisse der Vitrektomie sind hervorragend und die verwendete Technik habe ich auch in zahlreichen Forschungsarbeiten gr\u00fcndlich untersucht: Sie ist die sicherste Methode, die es weltweit gibt.<\/p>\n<p>Diese \u00d6ffnungen sind mittlerweile so klein, dass sie selbstheilend sind und meist keine N\u00e4hte zum Wundverschluss mehr n\u00f6tig sind.<\/p>\n<p>F\u00fcr Sie bedeutet das: kaum Schmerzen, weniger Kratzen oder Fremdk\u00f6rpergef\u00fchl, weniger R\u00f6tung, sowie einen k\u00fcrzeren station\u00e4ren Aufenthalt und eine schnellere Genesung.<\/p>\n<p>W\u00e4hrend der Vitrektomie verwende ich auch gelegentlich zus\u00e4tzlich einen YAG-Laser. YAG steht f\u00fcr \u201eYttrium-Aluminium-Granat\u201c, das ist das Material, aus dem der Laserkristall besteht. Der Einsatz des Lasers erm\u00f6glicht punktgenau Netzhautl\u00f6cher oder -risse zu \u201everschwei\u00dfen\u201c. Der Laser erzeugt winziges Narbengewebe rund um die L\u00e4sion und dieses hilft, die Netzhaut an ihren Untergrund zu fixieren und eine weitere Abl\u00f6sung zu verhindern.<\/p>\n<p>Sie sehen: Die Erfolgsaussichten der Vitrektomie sind sehr gut. Ich habe inzwischen<strong> zig hunderte Vitrektomien erfolgreich<\/strong> durchgef\u00fchrt, sodass Sie hier von meiner langj\u00e4hrigen Erfahrung profitieren.<\/p>\n<p>Haben Sie Fragen zu Glask\u00f6rpererkrankungen oder zu den Operationen, so <a href=\"https:\/\/augenchirurgie.org\/?page_id=10\">kontaktieren Sie mich bitte.<\/a><\/p>\n<p><iframe id=\"ritetag-cps-check\" style=\"display: none;\" src=\"https:\/\/cdn.ritekit.com\/csp-cookie-check.html\"><\/iframe><\/p>\n<p><iframe id=\"ritetag-cps-check\" style=\"display: none;\" src=\"https:\/\/cdn.ritekit.com\/csp-cookie-check.html\"><\/iframe><\/p>\n<p><iframe id=\"ritetag-cps-check\" style=\"display: none;\" src=\"https:\/\/cdn.ritekit.com\/csp-cookie-check.html\"><\/iframe><\/p>\n","protected":false},"excerpt":{"rendered":"<p>Was ist der Glask\u00f6rper und was sind Glask\u00f6rpererkrankungen? Erkrankungen dieser Art betreffen den hinteren Augenabschnitt, also den Glask\u00f6rper (Corpus vitreum). Diese gelartige, durchsichtige Substanz hat die Aufgabe den hinteren Augenabschnitt zu \u201estabilisieren\u201d. Erfahren Sie in diesem Video Wissenswertes zu Erkrankungen des Glask\u00f6rpers in 3 Minuten: Wie bemerken Sie diese Erkrankungen? Ihre Beschwerden k\u00f6nnten sich folgenderma\u00dfen  [&#8230;]<\/p>\n","protected":false},"author":1,"featured_media":0,"parent":331,"menu_order":2,"comment_status":"closed","ping_status":"open","template":"","meta":{"footnotes":""},"class_list":["post-363","page","type-page","status-publish","hentry"],"translation":{"provider":"WPGlobus","version":"3.0.2","language":"ru","enabled_languages":["de","en","ru"],"languages":{"de":{"title":true,"content":true,"excerpt":false},"en":{"title":true,"content":true,"excerpt":false},"ru":{"title":false,"content":false,"excerpt":false}}},"_links":{"self":[{"href":"https:\/\/augenchirurgie.org\/ru\/wp-json\/wp\/v2\/pages\/363","targetHints":{"allow":["GET"]}}],"collection":[{"href":"https:\/\/augenchirurgie.org\/ru\/wp-json\/wp\/v2\/pages"}],"about":[{"href":"https:\/\/augenchirurgie.org\/ru\/wp-json\/wp\/v2\/types\/page"}],"author":[{"embeddable":true,"href":"https:\/\/augenchirurgie.org\/ru\/wp-json\/wp\/v2\/users\/1"}],"replies":[{"embeddable":true,"href":"https:\/\/augenchirurgie.org\/ru\/wp-json\/wp\/v2\/comments?post=363"}],"version-history":[{"count":42,"href":"https:\/\/augenchirurgie.org\/ru\/wp-json\/wp\/v2\/pages\/363\/revisions"}],"predecessor-version":[{"id":13578,"href":"https:\/\/augenchirurgie.org\/ru\/wp-json\/wp\/v2\/pages\/363\/revisions\/13578"}],"up":[{"embeddable":true,"href":"https:\/\/augenchirurgie.org\/ru\/wp-json\/wp\/v2\/pages\/331"}],"wp:attachment":[{"href":"https:\/\/augenchirurgie.org\/ru\/wp-json\/wp\/v2\/media?parent=363"}],"curies":[{"name":"wp","href":"https:\/\/api.w.org\/{rel}","templated":true}]}}