{"id":318,"date":"2014-07-14T11:17:59","date_gmt":"2014-07-14T11:17:59","guid":{"rendered":"http:\/\/www.falkner-radler.at\/?page_id=318"},"modified":"2023-04-26T15:16:02","modified_gmt":"2023-04-26T13:16:02","slug":"haufige-fragen-allgemein","status":"publish","type":"page","link":"https:\/\/augenchirurgie.org\/ru\/leistungen\/haufige-fragen-allgemein\/","title":{"rendered":"H\u00e4ufige Fragen (Allgemein)"},"content":{"rendered":"<h4><img decoding=\"async\" class=\"lazyload alignnone\" title=\"FAQ Augenuntersuchung\" src=\"data:image\/svg+xml,%3Csvg%20xmlns%3D%27http%3A%2F%2Fwww.w3.org%2F2000%2Fsvg%27%20width%3D%27570%27%20height%3D%27250%27%20viewBox%3D%270%200%20570%20250%27%3E%3Crect%20width%3D%27570%27%20height%3D%27250%27%20fill-opacity%3D%220%22%2F%3E%3C%2Fsvg%3E\" data-orig-src=\"https:\/\/augenchirurgie.org\/wp-content\/uploads\/2010\/08\/2.jpg\" alt=\"H\u00e4ufige Fragen zur Augenuntersuchung\" width=\"570\" height=\"250\" \/><\/h4>\n<p>&nbsp;<\/p>\n<h4>Wie oft sollte ich zur Augenuntersuchung?<\/h4>\n<p>Sie sollten vor dem 40. Lebensjahr alle 2 Jahre, ab dem 40. Lebensjahr j\u00e4hrlich zum Augenarzt. Bei Beschwerden, bei bestimmten Erkrankungen und nach Operationen ist eine h\u00e4ufigere Untersuchung ratsam.<\/p>\n<h4>Es gibt viele Augen\u00e4rzte, wieso sollte ich zu Ihnen kommen?<\/h4>\n<p>Weil ich aufgrund meiner <a href=\"https:\/\/augenchirurgie.org\/?page_id=422\">wissenschaftlichen Forschung<\/a>, meiner Praxis in Spezialambulanzen und intensiven Spezialisierung mit den neuesten Techniken \u00fcber hohes Fachwissen und <a href=\"https:\/\/augenchirurgie.org\/?page_id=434\">Erfahrung<\/a> im Bereich der Augen und der Augenchirurgie verf\u00fcge. Und weil ich mir Zeit f\u00fcr Sie, Ihre individuellen Anliegen und die Beantwortung all Ihrer Fragen zum Thema Augen nehme.<br \/>\nW\u00e4hrend andere Augen\u00e4rzte nur die Diagnose stellen k\u00f6nnen, biete ich Ihnen auch die\u00a0<a href=\"https:\/\/augenchirurgie.org\/?page_id=331\">chirurgische Versorgung<\/a> an. So sind Sie rundum betreut.<\/p>\n<h4>Ich brauche einen raschen Termin, ist das m\u00f6glich?<\/h4>\n<p>Ja, bitte rufen Sie an.<\/p>\n<h4>Wie lange dauert ein Brillenrezept?<\/h4>\n<p>Die Untersuchung dauert ca. 15 Minuten und Sie erhalten Ihr Brillenrezept sofort nach der Brillenbestimmung.<\/p>\n<h4>Kann ich nach der Untersuchung mit dem Auto fahren?<\/h4>\n<p>Bei Brillenbestimmung, Untersuchungen des vorderen Augenabschnittes, Augendruckmessung oder nur zentralen Untersuchungen des hinteren Augenabschnittes sind keine pupillenerweiternden Augentropfen n\u00f6tig und Sie k\u00f6nnen ruhig mit dem Auto fahren.<\/p>\n<h4>F\u00fcr welche Untersuchungen ist eine Pupillenerweiterung n\u00f6tig und weshalb?<\/h4>\n<p>F\u00fcr Sehst\u00f6rungen wie Blendungsgef\u00fchl, Schleiersehen, Blitzen, Verschwommensehen oder \u00e4hnliches. Hier ist eine sorgf\u00e4ltige Untersuchung des hinteren Augenabschnittes erforderlich und daf\u00fcr sind pupillenerweiternde Augentropfen notwendig.<\/p>\n<h4>Ich m\u00f6chte gerne <a href=\"https:\/\/de.wikipedia.org\/wiki\/Kontaktlinse\" target=\"_blank\" rel=\"noopener noreferrer\">Kontaktlinsen<\/a>, aber ich wei\u00df nicht, ob ich diese vertrage \u2013 was raten Sie mir?<\/h4>\n<p>Ich rate Ihnen zu Probelinsen (1-Tages-Linsen), die Sie einfach ausprobieren k\u00f6nnen. So k\u00f6nnen Sie testen, wie Sie diese vertragen.<\/p>\n<p><img decoding=\"async\" class=\"lazyload alignnone size-full wp-image-610\" title=\"Kontaktlinse\" src=\"https:\/\/augenchirurgie.org\/wp-content\/uploads\/2014\/07\/kontaktlinse.jpg\" data-orig-src=\"https:\/\/augenchirurgie.org\/wp-content\/uploads\/2014\/07\/kontaktlinse.jpg\" alt=\"Kontaktlinsen weich oder hart besser\" width=\"570\" height=\"250\" srcset=\"data:image\/svg+xml,%3Csvg%20xmlns%3D%27http%3A%2F%2Fwww.w3.org%2F2000%2Fsvg%27%20width%3D%27570%27%20height%3D%27250%27%20viewBox%3D%270%200%20570%20250%27%3E%3Crect%20width%3D%27570%27%20height%3D%27250%27%20fill-opacity%3D%220%22%2F%3E%3C%2Fsvg%3E\" data-srcset=\"https:\/\/augenchirurgie.org\/wp-content\/uploads\/2014\/07\/kontaktlinse-300x132.jpg 300w, https:\/\/augenchirurgie.org\/wp-content\/uploads\/2014\/07\/kontaktlinse.jpg 570w\" data-sizes=\"auto\" data-orig-sizes=\"(max-width: 570px) 100vw, 570px\" \/><\/p>\n<h4>Sind weiche oder harte Kontaktlinsen besser?<\/h4>\n<p>Generell sind harte Kontaktlinsen zu empfehlen. Diese k\u00f6nnen auch Astigmatismen (Hornhautverkr\u00fcmmungen) ausgleichen. In den letzte Jahren wurden jedoch auch weiche Kontaktlinsen hinsichtlich Materalien und Sitz deutlich verbessert. Bei guter Pflege und Vertr\u00e4glichkeit spricht demnach nichts mehr gegen weiche Linsen.<\/p>\n<h4>Kann ich sowohl Kontaktlinsen, wie auch manchmal eine Brille tragen?<\/h4>\n<p>Ja, das ist sogar unbedingt empfehlenswert. Sowohl bei harten, wie auch weichen Kontaktlinsen sollte die Tragedauer 6 bis 8 Stunden pro Tag nicht \u00fcberschreiten. Daher sollten Sie auch eine Brille als Ausgleich tragen.<\/p>\n<h4>Kann ich bei trockenen Augen auch weiche Kontaktlinsen tragen?<\/h4>\n<p>Ja, das k\u00f6nnen Sie. Wichtig daf\u00fcr sind gute Materialien, ein guter Sitz der Kontaktlinse und hochwertige Pflegeprodukte. Ich berate Sie gerne dazu.<\/p>\n<h4>Meine Augen brennen und sind in der Fr\u00fch ganz verschwollen, was kann das bedeuten?<\/h4>\n<p>Es k\u00f6nnte sich um ein trockenes Auge handeln.\u200e Befeuchtende Augentropfen k\u00f6nnen solche Symptome lindern. Wichtig daf\u00fcr ist eine Begutachtung und eine kurze Abkl\u00e4rung anderer Ursachen (wie Allergie, Schilddr\u00fcse, etc.)<\/p>\n<h4><img decoding=\"async\" class=\"lazyload alignnone size-full wp-image-628\" title=\"allergie Augen\" src=\"https:\/\/augenchirurgie.org\/wp-content\/uploads\/2014\/07\/allergie.jpg\" data-orig-src=\"https:\/\/augenchirurgie.org\/wp-content\/uploads\/2014\/07\/allergie.jpg\" alt=\"Allergie, Trockene Augen, Linderung\" width=\"570\" height=\"250\" srcset=\"data:image\/svg+xml,%3Csvg%20xmlns%3D%27http%3A%2F%2Fwww.w3.org%2F2000%2Fsvg%27%20width%3D%27570%27%20height%3D%27250%27%20viewBox%3D%270%200%20570%20250%27%3E%3Crect%20width%3D%27570%27%20height%3D%27250%27%20fill-opacity%3D%220%22%2F%3E%3C%2Fsvg%3E\" data-srcset=\"https:\/\/augenchirurgie.org\/wp-content\/uploads\/2014\/07\/allergie-300x132.jpg 300w, https:\/\/augenchirurgie.org\/wp-content\/uploads\/2014\/07\/allergie.jpg 570w\" data-sizes=\"auto\" data-orig-sizes=\"(max-width: 570px) 100vw, 570px\" \/><\/h4>\n<h4>Ich bin Allergiker, kann sich das auch auf die Augen auswirken?<\/h4>\n<p>Ja, antiallergische Augentropfen k\u00f6nnen Ihre Symptome lindern.<\/p>\n<h4>Was ist der Vorteil einer Wahlarztordination?<\/h4>\n<p>Eine <a href=\"https:\/\/augenchirurgie.org\/?page_id=138\">Wahlarztordination<\/a> bietet viele Vorz\u00fcge f\u00fcr Sie: Kurze Voranmeldezeiten, rasche Terminvergabe und kurze Wartezeiten in der Ordination. Dar\u00fcber hinaus ein ruhiges Ambiente: weder \u00fcberf\u00fcllte Wartebereichen, noch gestresstes Personal. Dieses Plus spart Ihnen Zeit, erm\u00f6glicht eine individuellere Betreuung und eine Steigerung der Behandlungsqualit\u00e4t.<\/p>\n<h4>Wo kann ich parken?<\/h4>\n<p>Eine Parkgarage befindet sich direkt neben der Ordination und ein Lift ist vorhanden.<\/p>\n<h4>Kann ich bei Ihnen mit Karte zahlen?<\/h4>\n<p>Ja, Sie k\u00f6nnen sowohl mit Bankomat- wie auch mit Kreditkarte bezahlen.<\/p>\n<p>Haben Sie Fragen zu den Operationen? <a href=\"https:\/\/augenchirurgie.org\/?page_id=381\">Lesen Sie hier die h\u00e4ufigsten Fragen und Antworten dazu.<\/a><\/p>\n<p>Bei weiteren Fragen rufen Sie bitte in der Ordination unter (01) 406 11 21-155 an oder kontaktieren Sie mich per <a href=\"mailto:ordination@falkner-radler.at\">E-Mail.<\/a><\/p>\n","protected":false},"excerpt":{"rendered":"<p>&nbsp; Wie oft sollte ich zur Augenuntersuchung? Sie sollten vor dem 40. Lebensjahr alle 2 Jahre, ab dem 40. Lebensjahr j\u00e4hrlich zum Augenarzt. Bei Beschwerden, bei bestimmten Erkrankungen und nach Operationen ist eine h\u00e4ufigere Untersuchung ratsam. Es gibt viele Augen\u00e4rzte, wieso sollte ich zu Ihnen kommen? Weil ich aufgrund meiner wissenschaftlichen Forschung, meiner Praxis in  [&#8230;]<\/p>\n","protected":false},"author":1,"featured_media":0,"parent":240,"menu_order":5,"comment_status":"closed","ping_status":"open","template":"","meta":{"footnotes":""},"class_list":["post-318","page","type-page","status-publish","hentry"],"translation":{"provider":"WPGlobus","version":"3.0.2","language":"ru","enabled_languages":["de","en","ru"],"languages":{"de":{"title":true,"content":true,"excerpt":false},"en":{"title":true,"content":true,"excerpt":false},"ru":{"title":false,"content":false,"excerpt":false}}},"_links":{"self":[{"href":"https:\/\/augenchirurgie.org\/ru\/wp-json\/wp\/v2\/pages\/318","targetHints":{"allow":["GET"]}}],"collection":[{"href":"https:\/\/augenchirurgie.org\/ru\/wp-json\/wp\/v2\/pages"}],"about":[{"href":"https:\/\/augenchirurgie.org\/ru\/wp-json\/wp\/v2\/types\/page"}],"author":[{"embeddable":true,"href":"https:\/\/augenchirurgie.org\/ru\/wp-json\/wp\/v2\/users\/1"}],"replies":[{"embeddable":true,"href":"https:\/\/augenchirurgie.org\/ru\/wp-json\/wp\/v2\/comments?post=318"}],"version-history":[{"count":13,"href":"https:\/\/augenchirurgie.org\/ru\/wp-json\/wp\/v2\/pages\/318\/revisions"}],"predecessor-version":[{"id":13092,"href":"https:\/\/augenchirurgie.org\/ru\/wp-json\/wp\/v2\/pages\/318\/revisions\/13092"}],"up":[{"embeddable":true,"href":"https:\/\/augenchirurgie.org\/ru\/wp-json\/wp\/v2\/pages\/240"}],"wp:attachment":[{"href":"https:\/\/augenchirurgie.org\/ru\/wp-json\/wp\/v2\/media?parent=318"}],"curies":[{"name":"wp","href":"https:\/\/api.w.org\/{rel}","templated":true}]}}