{"id":30,"date":"2010-08-12T08:26:50","date_gmt":"2010-08-12T08:26:50","guid":{"rendered":"http:\/\/www.falkner-radler.at\/?page_id=30"},"modified":"2023-04-26T15:16:02","modified_gmt":"2023-04-26T13:16:02","slug":"akutbehandlungen","status":"publish","type":"page","link":"https:\/\/augenchirurgie.org\/ru\/leistungen\/akutbehandlungen\/","title":{"rendered":"Akutbehandlungen"},"content":{"rendered":"<p><img decoding=\"async\" class=\"lazyload alignnone wp-image-591 size-full\" title=\"Augenbehandlung Akut\" src=\"https:\/\/augenchirurgie.org\/wp-content\/uploads\/2010\/08\/4.jpg\" data-orig-src=\"https:\/\/augenchirurgie.org\/wp-content\/uploads\/2010\/08\/4.jpg\" alt=\"Akutbehandlung Augenarzt Wien\" width=\"570\" height=\"250\" srcset=\"data:image\/svg+xml,%3Csvg%20xmlns%3D%27http%3A%2F%2Fwww.w3.org%2F2000%2Fsvg%27%20width%3D%27570%27%20height%3D%27250%27%20viewBox%3D%270%200%20570%20250%27%3E%3Crect%20width%3D%27570%27%20height%3D%27250%27%20fill-opacity%3D%220%22%2F%3E%3C%2Fsvg%3E\" data-srcset=\"https:\/\/augenchirurgie.org\/wp-content\/uploads\/2010\/08\/4-300x132.jpg 300w, https:\/\/augenchirurgie.org\/wp-content\/uploads\/2010\/08\/4.jpg 570w\" data-sizes=\"auto\" data-orig-sizes=\"(max-width: 570px) 100vw, 570px\" \/><\/p>\n<p>Bei folgenden Symptomen ist eine Akutbehandlung durch den Augenarzt dringend ratsam:<\/p>\n<ul>\n<li>Sehverschlechterung<\/li>\n<\/ul>\n<ul>\n<li>Sehverlust<\/li>\n<\/ul>\n<ul>\n<li>Augenverletzungen<\/li>\n<\/ul>\n<ul>\n<li>Augenentz\u00fcndungen<\/li>\n<\/ul>\n<ul>\n<li>Fremdk\u00f6rperentfernung<\/li>\n<\/ul>\n<ul>\n<li>Starke Augenschmerzen<\/li>\n<\/ul>\n<p>In Notf\u00e4llen oder bei Fragen k\u00f6nnen Sie mich \u00fcber meine Ordination (auch au\u00dferhalb der Ordinationszeiten) <a href=\"https:\/\/augenchirurgie.org\/?page_id=10\">kontaktieren<\/a>, diese leitet Anfragen rasch an mich pers\u00f6nlich weiter. Weiters stehe ich Ihnen gerne auch per<a href=\"mailto:ordination@falkner-radler.at\"> E-Mail<\/a> zur Verf\u00fcgung.<\/p>\n","protected":false},"excerpt":{"rendered":"<p>Bei folgenden Symptomen ist eine Akutbehandlung durch den Augenarzt dringend ratsam: Sehverschlechterung Sehverlust Augenverletzungen Augenentz\u00fcndungen Fremdk\u00f6rperentfernung Starke Augenschmerzen In Notf\u00e4llen oder bei Fragen k\u00f6nnen Sie mich \u00fcber meine Ordination (auch au\u00dferhalb der Ordinationszeiten) kontaktieren, diese leitet Anfragen rasch an mich pers\u00f6nlich weiter. Weiters stehe ich Ihnen gerne auch per E-Mail zur Verf\u00fcgung.<\/p>\n","protected":false},"author":1,"featured_media":0,"parent":240,"menu_order":1,"comment_status":"closed","ping_status":"open","template":"","meta":{"footnotes":""},"class_list":["post-30","page","type-page","status-publish","hentry"],"translation":{"provider":"WPGlobus","version":"3.0.2","language":"ru","enabled_languages":["de","en","ru"],"languages":{"de":{"title":true,"content":true,"excerpt":false},"en":{"title":true,"content":true,"excerpt":false},"ru":{"title":false,"content":false,"excerpt":false}}},"_links":{"self":[{"href":"https:\/\/augenchirurgie.org\/ru\/wp-json\/wp\/v2\/pages\/30","targetHints":{"allow":["GET"]}}],"collection":[{"href":"https:\/\/augenchirurgie.org\/ru\/wp-json\/wp\/v2\/pages"}],"about":[{"href":"https:\/\/augenchirurgie.org\/ru\/wp-json\/wp\/v2\/types\/page"}],"author":[{"embeddable":true,"href":"https:\/\/augenchirurgie.org\/ru\/wp-json\/wp\/v2\/users\/1"}],"replies":[{"embeddable":true,"href":"https:\/\/augenchirurgie.org\/ru\/wp-json\/wp\/v2\/comments?post=30"}],"version-history":[{"count":7,"href":"https:\/\/augenchirurgie.org\/ru\/wp-json\/wp\/v2\/pages\/30\/revisions"}],"predecessor-version":[{"id":12250,"href":"https:\/\/augenchirurgie.org\/ru\/wp-json\/wp\/v2\/pages\/30\/revisions\/12250"}],"up":[{"embeddable":true,"href":"https:\/\/augenchirurgie.org\/ru\/wp-json\/wp\/v2\/pages\/240"}],"wp:attachment":[{"href":"https:\/\/augenchirurgie.org\/ru\/wp-json\/wp\/v2\/media?parent=30"}],"curies":[{"name":"wp","href":"https:\/\/api.w.org\/{rel}","templated":true}]}}