{"id":27,"date":"2010-08-12T08:25:50","date_gmt":"2010-08-12T08:25:50","guid":{"rendered":"http:\/\/www.falkner-radler.at\/?page_id=27"},"modified":"2025-03-13T17:29:36","modified_gmt":"2025-03-13T16:29:36","slug":"vorsorgeuntersuchung","status":"publish","type":"page","link":"https:\/\/augenchirurgie.org\/ru\/leistungen\/vorsorgeuntersuchung\/","title":{"rendered":"Vorsorgeuntersuchung"},"content":{"rendered":"<p><img decoding=\"async\" class=\"lazyload alignnone wp-image-12383 size-full\" title=\"Vorsorgeuntersuchung Augenarzt\" src=\"https:\/\/augenchirurgie.org\/wp-content\/uploads\/2010\/08\/vorsorgeuntersuchung-Augen-Augenarzt.jpg\" data-orig-src=\"https:\/\/augenchirurgie.org\/wp-content\/uploads\/2010\/08\/vorsorgeuntersuchung-Augen-Augenarzt.jpg\" alt=\"Vorsorgeuntersuchung Augen Augenarzt in Wien\" width=\"780\" height=\"300\" srcset=\"data:image\/svg+xml,%3Csvg%20xmlns%3D%27http%3A%2F%2Fwww.w3.org%2F2000%2Fsvg%27%20width%3D%27780%27%20height%3D%27300%27%20viewBox%3D%270%200%20780%20300%27%3E%3Crect%20width%3D%27780%27%20height%3D%27300%27%20fill-opacity%3D%220%22%2F%3E%3C%2Fsvg%3E\" data-srcset=\"https:\/\/augenchirurgie.org\/wp-content\/uploads\/2010\/08\/vorsorgeuntersuchung-Augen-Augenarzt-300x115.jpg 300w, https:\/\/augenchirurgie.org\/wp-content\/uploads\/2010\/08\/vorsorgeuntersuchung-Augen-Augenarzt.jpg 780w\" data-sizes=\"auto\" data-orig-sizes=\"(max-width: 780px) 100vw, 780px\" \/><\/p>\n<p>Regelm\u00e4\u00dfige Vorsorgeuntersuchungen Ihrer Augen helfen unter anderem folgende Erkrankungen zeitgerecht zu erkennen:<\/p>\n<ul>\n<li>Alterbedingte Makuladegeneratin (AMD)<\/li>\n<\/ul>\n<ul>\n<li>Glaukom (Gr\u00fcner Star)<\/li>\n<\/ul>\n<ul>\n<li>Diabetische Augenerkrankungen<\/li>\n<\/ul>\n<ul>\n<li>Gef\u00e4\u00dferkrankungen<\/li>\n<\/ul>\n<ul>\n<li>Sicca Syndrom (Trockenes Auge)<\/li>\n<\/ul>\n<ul>\n<li>Myopie (Kurzsichtigkeit)<\/li>\n<\/ul>\n<ul>\n<li>Hyperopie (Weitsichtigkeit)<\/li>\n<\/ul>\n<p>Die Vorsorgeuntersuchungen dauern nicht lange, und geben Ihnen die Gewissheit, dass alles in Ordnung ist bzw. rechtzeitig handeln zu k\u00f6nnen.<\/p>\n<p>Bitte rufen Sie bei Fragen zu Vorsorgeuntersuchungen in der <a href=\"https:\/\/augenchirurgie.org\/?page_id=10\">Ordination<\/a> an oder kontaktieren Sie mich per <a href=\"mailto:ordination@falkner-radler.at\">E-Mail<\/a>.<\/p>\n","protected":false},"excerpt":{"rendered":"<p>Regelm\u00e4\u00dfige Vorsorgeuntersuchungen Ihrer Augen helfen unter anderem folgende Erkrankungen zeitgerecht zu erkennen: Alterbedingte Makuladegeneratin (AMD) Glaukom (Gr\u00fcner Star) Diabetische Augenerkrankungen Gef\u00e4\u00dferkrankungen Sicca Syndrom (Trockenes Auge) Myopie (Kurzsichtigkeit) Hyperopie (Weitsichtigkeit) Die Vorsorgeuntersuchungen dauern nicht lange, und geben Ihnen die Gewissheit, dass alles in Ordnung ist bzw. rechtzeitig handeln zu k\u00f6nnen. Bitte rufen Sie bei Fragen zu  [&#8230;]<\/p>\n","protected":false},"author":1,"featured_media":0,"parent":240,"menu_order":4,"comment_status":"closed","ping_status":"open","template":"","meta":{"footnotes":""},"class_list":["post-27","page","type-page","status-publish","hentry"],"translation":{"provider":"WPGlobus","version":"3.0.2","language":"ru","enabled_languages":["de","en","ru"],"languages":{"de":{"title":true,"content":true,"excerpt":false},"en":{"title":true,"content":true,"excerpt":false},"ru":{"title":false,"content":false,"excerpt":false}}},"_links":{"self":[{"href":"https:\/\/augenchirurgie.org\/ru\/wp-json\/wp\/v2\/pages\/27","targetHints":{"allow":["GET"]}}],"collection":[{"href":"https:\/\/augenchirurgie.org\/ru\/wp-json\/wp\/v2\/pages"}],"about":[{"href":"https:\/\/augenchirurgie.org\/ru\/wp-json\/wp\/v2\/types\/page"}],"author":[{"embeddable":true,"href":"https:\/\/augenchirurgie.org\/ru\/wp-json\/wp\/v2\/users\/1"}],"replies":[{"embeddable":true,"href":"https:\/\/augenchirurgie.org\/ru\/wp-json\/wp\/v2\/comments?post=27"}],"version-history":[{"count":14,"href":"https:\/\/augenchirurgie.org\/ru\/wp-json\/wp\/v2\/pages\/27\/revisions"}],"predecessor-version":[{"id":13576,"href":"https:\/\/augenchirurgie.org\/ru\/wp-json\/wp\/v2\/pages\/27\/revisions\/13576"}],"up":[{"embeddable":true,"href":"https:\/\/augenchirurgie.org\/ru\/wp-json\/wp\/v2\/pages\/240"}],"wp:attachment":[{"href":"https:\/\/augenchirurgie.org\/ru\/wp-json\/wp\/v2\/media?parent=27"}],"curies":[{"name":"wp","href":"https:\/\/api.w.org\/{rel}","templated":true}]}}