{"id":23,"date":"2010-08-12T08:24:51","date_gmt":"2010-08-12T08:24:51","guid":{"rendered":"http:\/\/www.falkner-radler.at\/?page_id=23"},"modified":"2023-04-26T15:16:02","modified_gmt":"2023-04-26T13:16:02","slug":"augenuntersuchung","status":"publish","type":"page","link":"https:\/\/augenchirurgie.org\/ru\/leistungen\/augenuntersuchung\/","title":{"rendered":"Augenuntersuchungen"},"content":{"rendered":"<p><strong><a href=\"https:\/\/augenchirurgie.org\/wp-content\/uploads\/2010\/08\/1.jpg\"><img decoding=\"async\" class=\"lazyload alignnone wp-image-12379 size-full\" title=\"Augenuntersuchung Augenarzt\" src=\"https:\/\/augenchirurgie.org\/wp-content\/uploads\/2010\/08\/Augenuntersuchung-Augenarzt.jpg\" data-orig-src=\"https:\/\/augenchirurgie.org\/wp-content\/uploads\/2010\/08\/Augenuntersuchung-Augenarzt.jpg\" alt=\"Augenuntersuchung Augenarzt Wien Kontrolle\" width=\"780\" height=\"300\" srcset=\"data:image\/svg+xml,%3Csvg%20xmlns%3D%27http%3A%2F%2Fwww.w3.org%2F2000%2Fsvg%27%20width%3D%27780%27%20height%3D%27300%27%20viewBox%3D%270%200%20780%20300%27%3E%3Crect%20width%3D%27780%27%20height%3D%27300%27%20fill-opacity%3D%220%22%2F%3E%3C%2Fsvg%3E\" data-srcset=\"https:\/\/augenchirurgie.org\/wp-content\/uploads\/2010\/08\/Augenuntersuchung-Augenarzt-300x115.jpg 300w, https:\/\/augenchirurgie.org\/wp-content\/uploads\/2010\/08\/Augenuntersuchung-Augenarzt.jpg 780w\" data-sizes=\"auto\" data-orig-sizes=\"(max-width: 780px) 100vw, 780px\" \/><\/a><\/strong><\/p>\n<p>Ich f\u00fchre folgende&nbsp;Augenuntersuchungen als Erst- und Folgeuntersuchung durch:<\/p>\n<p>\u2022 Sehst\u00e4rkenbestimmung<\/p>\n<p>\u2022 Brillenbestimmung (Refraktion), inklusive Bestimmung der Hornhautbrechkraft und der Hornhautdicke (Refraktometrie).<\/p>\n<p>\u2022 Augendruckmessung (Tonometrie), als <a href=\"https:\/\/augenchirurgie.org\/leistungen\/vorsorgeuntersuchung\/\">Vorsorgeuntersuchung<\/a> ab dem 40. Lebensjahr empfohlen.<\/p>\n<p>\u2022 Untersuchung des vorderen und hinteren Augenabschnittes.<\/p>\n<p>\u2022 Bei Bedarf eine Gesichtsfelduntersuchung.<\/p>\n<p>\u2022 Bei einer Sehverschlechterung bzw. Sehst\u00f6rung kann es n\u00f6tig sein, Ihre Pupillen mit Augentropfen zu erweitern (Mydriasis), damit man den hinteren Augenabschnitt genau untersuchen kann (Netzhautuntersuchung)<\/p>\n<p class=\"p1\">\u2022 Optische Koh\u00e4renztomografie (OCT)<br \/>\nDie Optische Koh\u00e4renztomografie (OCT) ist ein wichtiges diagnostisches Tool zur Fr\u00fcherkennung sowie zur Verlaufskontrolle bei Erkrankungen der <a href=\"https:\/\/augenchirurgie.org\/augenchirurgie\/netzhaut\/\">Netzhautmitte (Makula) <\/a>und des Sehnervenkopfes (Opticus). Anhand des OCT kann man fr\u00fchzeitig Erkrankungen wie die <a href=\"https:\/\/augenchirurgie.org\/augenchirurgie\/netzhaut\">Makuladegeneration (AMD)<\/a>, <a href=\"https:\/\/augenchirurgie.org\/augenchirurgie\/netzhaut\">epiretinale Membranen<\/a>, vitreomakul\u00e4re Traktionen (VMT) oder Makulaforamen sowie Ver\u00e4nderungen des Sehnervenkopfes bei Glaukom erkennen und ein Voranschreiten entsprechend verhindern bzw. behandeln. Eine OCT-Untersuchung ist ber\u00fchrungslos, schmerzfrei und mit keinerlei Nebenwirkungen f\u00fcr Sie verbunden.<\/p>\n<p class=\"p1\"><a href=\"https:\/\/augenchirurgie.org\/augenchirurgie\/grauer-star-katarakt\/\"><img decoding=\"async\" class=\"lazyload alignnone size-full wp-image-12381\" src=\"https:\/\/augenchirurgie.org\/wp-content\/uploads\/2010\/08\/oct-Augenuntersuchung-Augenarzt.jpg\" data-orig-src=\"https:\/\/augenchirurgie.org\/wp-content\/uploads\/2010\/08\/oct-Augenuntersuchung-Augenarzt.jpg\" alt=\"OCT Augenuntersuchung Augenarzt\" width=\"780\" height=\"300\" srcset=\"data:image\/svg+xml,%3Csvg%20xmlns%3D%27http%3A%2F%2Fwww.w3.org%2F2000%2Fsvg%27%20width%3D%27780%27%20height%3D%27300%27%20viewBox%3D%270%200%20780%20300%27%3E%3Crect%20width%3D%27780%27%20height%3D%27300%27%20fill-opacity%3D%220%22%2F%3E%3C%2Fsvg%3E\" data-srcset=\"https:\/\/augenchirurgie.org\/wp-content\/uploads\/2010\/08\/oct-Augenuntersuchung-Augenarzt-300x115.jpg 300w, https:\/\/augenchirurgie.org\/wp-content\/uploads\/2010\/08\/oct-Augenuntersuchung-Augenarzt.jpg 780w\" data-sizes=\"auto\" data-orig-sizes=\"(max-width: 780px) 100vw, 780px\" \/><\/a><\/p>\n<p class=\"p1\">Neben dem OCT zur Screeninguntersuchung sowie Verlaufskontrolle des Gr\u00fcnen Stars (Glaukom), biete ich auch die hierf\u00fcr erforderliche Gesichtsfelduntersuchung in meiner Ordination an. Ebenso ber\u00fchrungslos und schmerzfrei k\u00f6nnen damit Glaukomsch\u00e4den oder auch andere Ursachen f\u00fcr eine Gesichtsfeldeinschr\u00e4nkung fr\u00fchzeitig erkannt oder kontrolliert werden. Weiters ist eine Gesichtsfelduntersuchung f\u00fcr geplante Lidoperationen (Blepharoplastik) bei Oberliderschlaffung f\u00fcr die Bewilligung dieses Eingriffes erforderlich. Die Befundung erfolgt direkt und ist mit keinem zus\u00e4tzlichem Zeitaufwand oder Wartezeiten wie im Krankenhaus verbunden.<\/p>\n<p class=\"p1\">Bitte erw\u00e4hnen Sie bei der Terminvereinbarung zur Augenuntersuchung, wenn Sie eine OCT und eine Gesichtsfelduntersuchung f\u00fcr die Glaukomdiagnostik ben\u00f6tigen. Diese Untersuchungen nehmen etwas mehr Zeit in Anspruch und dies kalkulieren wir mit ein, um Wartezeiten zu vermeiden.<\/p>\n<hr>\n<p>Bitte planen Sie sich f\u00fcr eine Erstuntersuchung ungef\u00e4hr 45 Minuten Zeitaufwand ein.<\/p>\n<p>Da meist eine Erweiterung der Pupille (<em>Mydriasis<\/em>) bei der Erstuntersuchung erforderlich ist, bitten wir Sie sich f\u00fcr die Dauer dieser Erweiterung (meist 4 Stunden anhaltend) nicht aktiv am Stra\u00dfenverkehr zu beteiligen.<\/p>\n<p><a href=\"https:\/\/augenchirurgie.org\/leistungen\/augentest\/\">Sie k\u00f6nnen hier einen kostenlosen schnellen Online-Augentest machen.<\/a><\/p>\n<p>In <a href=\"https:\/\/augenchirurgie.org\/leistungen\/akutbehandlungen\/\">Notf\u00e4llen<\/a> oder bei Fragen k\u00f6nnen Sie mich \u00fcber meine Ordination (auch au\u00dferhalb der Ordinationszeiten)&nbsp;<a href=\"https:\/\/augenchirurgie.org\/ordination\/\">kontaktieren<\/a>, diese leitet Anfragen rasch an mich pers\u00f6nlich weiter. Weiters stehe ich Ihnen gerne auch per<a href=\"mailto:ordination@falkner-radler.at\"> E-Mail<\/a> zur Verf\u00fcgung.<\/p>\n","protected":false},"excerpt":{"rendered":"<p>Ich f\u00fchre folgende&nbsp;Augenuntersuchungen als Erst- und Folgeuntersuchung durch: \u2022 Sehst\u00e4rkenbestimmung \u2022 Brillenbestimmung (Refraktion), inklusive Bestimmung der Hornhautbrechkraft und der Hornhautdicke (Refraktometrie). \u2022 Augendruckmessung (Tonometrie), als Vorsorgeuntersuchung ab dem 40. Lebensjahr empfohlen. \u2022 Untersuchung des vorderen und hinteren Augenabschnittes. \u2022 Bei Bedarf eine Gesichtsfelduntersuchung. \u2022 Bei einer Sehverschlechterung bzw. Sehst\u00f6rung kann es n\u00f6tig sein, Ihre Pupillen  [&#8230;]<\/p>\n","protected":false},"author":1,"featured_media":0,"parent":240,"menu_order":2,"comment_status":"closed","ping_status":"open","template":"","meta":{"footnotes":""},"class_list":["post-23","page","type-page","status-publish","hentry"],"translation":{"provider":"WPGlobus","version":"3.0.2","language":"ru","enabled_languages":["de","en","ru"],"languages":{"de":{"title":true,"content":true,"excerpt":false},"en":{"title":true,"content":true,"excerpt":false},"ru":{"title":false,"content":false,"excerpt":false}}},"_links":{"self":[{"href":"https:\/\/augenchirurgie.org\/ru\/wp-json\/wp\/v2\/pages\/23","targetHints":{"allow":["GET"]}}],"collection":[{"href":"https:\/\/augenchirurgie.org\/ru\/wp-json\/wp\/v2\/pages"}],"about":[{"href":"https:\/\/augenchirurgie.org\/ru\/wp-json\/wp\/v2\/types\/page"}],"author":[{"embeddable":true,"href":"https:\/\/augenchirurgie.org\/ru\/wp-json\/wp\/v2\/users\/1"}],"replies":[{"embeddable":true,"href":"https:\/\/augenchirurgie.org\/ru\/wp-json\/wp\/v2\/comments?post=23"}],"version-history":[{"count":17,"href":"https:\/\/augenchirurgie.org\/ru\/wp-json\/wp\/v2\/pages\/23\/revisions"}],"predecessor-version":[{"id":12407,"href":"https:\/\/augenchirurgie.org\/ru\/wp-json\/wp\/v2\/pages\/23\/revisions\/12407"}],"up":[{"embeddable":true,"href":"https:\/\/augenchirurgie.org\/ru\/wp-json\/wp\/v2\/pages\/240"}],"wp:attachment":[{"href":"https:\/\/augenchirurgie.org\/ru\/wp-json\/wp\/v2\/media?parent=23"}],"curies":[{"name":"wp","href":"https:\/\/api.w.org\/{rel}","templated":true}]}}