{"id":138,"date":"2012-01-13T11:13:00","date_gmt":"2012-01-13T11:13:00","guid":{"rendered":"http:\/\/www.falkner-radler.at\/?page_id=138"},"modified":"2023-04-26T15:16:03","modified_gmt":"2023-04-26T13:16:03","slug":"wahlarztordination","status":"publish","type":"page","link":"https:\/\/augenchirurgie.org\/ru\/ordination\/wahlarztordination\/","title":{"rendered":"Wahlarztordination"},"content":{"rendered":"<div id=\"_mcePaste\">\n<p class=\"p1\"><img decoding=\"async\" class=\"lazyload alignnone wp-image-12397 size-full\" title=\"Ordination1\" src=\"https:\/\/augenchirurgie.org\/wp-content\/uploads\/2012\/01\/augenordination-wien.jpg\" data-orig-src=\"https:\/\/augenchirurgie.org\/wp-content\/uploads\/2012\/01\/augenordination-wien.jpg\" alt=\"Ordination Augenarzt Wahlarzt 1090\" width=\"780\" height=\"300\" srcset=\"data:image\/svg+xml,%3Csvg%20xmlns%3D%27http%3A%2F%2Fwww.w3.org%2F2000%2Fsvg%27%20width%3D%27780%27%20height%3D%27300%27%20viewBox%3D%270%200%20780%20300%27%3E%3Crect%20width%3D%27780%27%20height%3D%27300%27%20fill-opacity%3D%220%22%2F%3E%3C%2Fsvg%3E\" data-srcset=\"https:\/\/augenchirurgie.org\/wp-content\/uploads\/2012\/01\/augenordination-wien-300x115.jpg 300w, https:\/\/augenchirurgie.org\/wp-content\/uploads\/2012\/01\/augenordination-wien.jpg 780w\" data-sizes=\"auto\" data-orig-sizes=\"(max-width: 780px) 100vw, 780px\" \/><\/p>\n<p class=\"p1\">Eine Wahlarztordination ist eine Ordination ohne Kassenvertrag.<\/p>\n<p class=\"p1\">Dies bedeutet, dass die \u00e4rztlichen Leistungen nicht direkt mit der Krankenkasse, sondern per&nbsp;Honorarnote&nbsp;direkt mit Ihnen verrechnet werden. Sie haben jedoch ein Recht auf R\u00fcckerstattung eines Teils des Honorars durch Ihre (beliebige) Krankenkasse.<\/p>\n<p class=\"p1\">Haben Sie eine Zusatzversicherung, werden sogar alle oder der Gro\u00dfteil der Kosten von dieser \u00fcbernommen.<\/p>\n<p class=\"p1\">Eine Wahlarztordination bietet&nbsp;<strong>viele Vorz\u00fcge <\/strong>f\u00fcr Sie:<\/p>\n<p class=\"p1\"><strong>Zeitfaktor: <\/strong>Kurze Voranmeldezeiten, rasche Terminvergabe und keine oder kaum Wartezeiten in der Ordination (maximal 15 bis 20 Minuten).<\/p>\n<p class=\"p1\"><strong>Ruhiges Ambiente: <\/strong>Kein \u00fcberf\u00fcllter Wartebereich, kein gestresstes Personal bedeuten weniger Stress f\u00fcr Sie.<\/p>\n<p class=\"p1\"><div class=\"fusion-fullwidth fullwidth-box fusion-builder-row-1 hundred-percent-fullwidth non-hundred-percent-height-scrolling\" style=\"--awb-border-radius-top-left:0px;--awb-border-radius-top-right:0px;--awb-border-radius-bottom-right:0px;--awb-border-radius-bottom-left:0px;--awb-overflow:visible;--awb-flex-wrap:wrap;\" ><\/div><div class=\"fusion-builder-row fusion-row\"><\/div><div class=\"fusion-layout-column fusion_builder_column fusion-builder-column-0 fusion_builder_column_1_1 1_1 fusion-one-full fusion-column-first fusion-column-last fusion-column-no-min-height\" style=\"--awb-bg-size:cover;--awb-margin-bottom:0px;width:100%;\"><div class=\"fusion-column-wrapper fusion-flex-column-wrapper-legacy\"><div class=\"fusion-clearfix\"><\/div><\/div><\/div><div class=\"fusion-alignleft\"><a class=\"fusion-button button-flat fusion-button-default-size button-custom fusion-button-default button-1 fusion-button-default-span fusion-has-button-gradient\" style=\"--button_accent_color:#105378;--button_accent_hover_color:#105378;--button_border_hover_color:#ffffff;--button_border_width-top:1px;--button_border_width-right:1px;--button_border_width-bottom:1px;--button_border_width-left:1px;--button_gradient_top_color:#90c9e8;--button_gradient_bottom_color:#5aabd6;--button_gradient_top_color_hover:#5aabd6;--button_gradient_bottom_color_hover:#90c9e8;\" target=\"_self\" href=\"https:\/\/augenchirurgie.org\/ordination\/\"><span class=\"fusion-button-icon-divider button-icon-divider-left\"><i class=\" fa fa-eye\" aria-hidden=\"true\"><\/i><\/span><span class=\"fusion-button-text fusion-button-text-left\">Ordinationen, Adressen &#038; Terminvereinbarung<\/span><\/a><\/div><\/p>\n<p class=\"p1\">&nbsp;<\/p>\n<\/div>\n","protected":false},"excerpt":{"rendered":"<p>Eine Wahlarztordination ist eine Ordination ohne Kassenvertrag. Dies bedeutet, dass die \u00e4rztlichen Leistungen nicht direkt mit der Krankenkasse, sondern per&nbsp;Honorarnote&nbsp;direkt mit Ihnen verrechnet werden. Sie haben jedoch ein Recht auf R\u00fcckerstattung eines Teils des Honorars durch Ihre (beliebige) Krankenkasse. Haben Sie eine Zusatzversicherung, werden sogar alle oder der Gro\u00dfteil der Kosten von dieser \u00fcbernommen. Eine  [&#8230;]<\/p>\n","protected":false},"author":1,"featured_media":0,"parent":10,"menu_order":0,"comment_status":"closed","ping_status":"open","template":"","meta":{"footnotes":""},"class_list":["post-138","page","type-page","status-publish","hentry"],"translation":{"provider":"WPGlobus","version":"3.0.2","language":"ru","enabled_languages":["de","en","ru"],"languages":{"de":{"title":true,"content":true,"excerpt":false},"en":{"title":true,"content":true,"excerpt":false},"ru":{"title":false,"content":false,"excerpt":false}}},"_links":{"self":[{"href":"https:\/\/augenchirurgie.org\/ru\/wp-json\/wp\/v2\/pages\/138","targetHints":{"allow":["GET"]}}],"collection":[{"href":"https:\/\/augenchirurgie.org\/ru\/wp-json\/wp\/v2\/pages"}],"about":[{"href":"https:\/\/augenchirurgie.org\/ru\/wp-json\/wp\/v2\/types\/page"}],"author":[{"embeddable":true,"href":"https:\/\/augenchirurgie.org\/ru\/wp-json\/wp\/v2\/users\/1"}],"replies":[{"embeddable":true,"href":"https:\/\/augenchirurgie.org\/ru\/wp-json\/wp\/v2\/comments?post=138"}],"version-history":[{"count":28,"href":"https:\/\/augenchirurgie.org\/ru\/wp-json\/wp\/v2\/pages\/138\/revisions"}],"predecessor-version":[{"id":13226,"href":"https:\/\/augenchirurgie.org\/ru\/wp-json\/wp\/v2\/pages\/138\/revisions\/13226"}],"up":[{"embeddable":true,"href":"https:\/\/augenchirurgie.org\/ru\/wp-json\/wp\/v2\/pages\/10"}],"wp:attachment":[{"href":"https:\/\/augenchirurgie.org\/ru\/wp-json\/wp\/v2\/media?parent=138"}],"curies":[{"name":"wp","href":"https:\/\/api.w.org\/{rel}","templated":true}]}}