{"id":12703,"date":"2018-05-18T21:01:42","date_gmt":"2018-05-18T19:01:42","guid":{"rendered":"https:\/\/augenchirurgie.org\/?page_id=12703"},"modified":"2025-03-13T17:32:40","modified_gmt":"2025-03-13T16:32:40","slug":"augenchirurgie-ubersicht","status":"publish","type":"page","link":"https:\/\/augenchirurgie.org\/ru\/augenchirurgie\/augenchirurgie-ubersicht\/","title":{"rendered":"Augenchirurgie \u00dcbersicht"},"content":{"rendered":"<h2><a href=\"https:\/\/augenchirurgie.org\/wp-content\/uploads\/2018\/05\/augenoperation.jpg\"><img decoding=\"async\" class=\"lazyload alignnone size-full wp-image-12679\" src=\"https:\/\/augenchirurgie.org\/wp-content\/uploads\/2018\/05\/augenoperation.jpg\" data-orig-src=\"https:\/\/augenchirurgie.org\/wp-content\/uploads\/2018\/05\/augenoperation.jpg\" alt=\"Ablauf Augenoperation\" width=\"780\" height=\"300\" srcset=\"data:image\/svg+xml,%3Csvg%20xmlns%3D%27http%3A%2F%2Fwww.w3.org%2F2000%2Fsvg%27%20width%3D%27780%27%20height%3D%27300%27%20viewBox%3D%270%200%20780%20300%27%3E%3Crect%20width%3D%27780%27%20height%3D%27300%27%20fill-opacity%3D%220%22%2F%3E%3C%2Fsvg%3E\" data-srcset=\"https:\/\/augenchirurgie.org\/wp-content\/uploads\/2018\/05\/augenoperation-300x115.jpg 300w, https:\/\/augenchirurgie.org\/wp-content\/uploads\/2018\/05\/augenoperation.jpg 780w\" data-sizes=\"auto\" data-orig-sizes=\"(max-width: 780px) 100vw, 780px\" \/><\/a><\/h2>\n<h2>Augenchirurgie: Kurze \u00dcbersicht \u00fcber wichtige Augenerkrankungen<\/h2>\n<p>Mit \u00fcber 20 Jahren Operationserfahrung habe ich \u00fcber 10.000 Augenoperationen erfolgreich durchgef\u00fchrt. Meine Kompetenz, basierend auf <a href=\"https:\/\/augenchirurgie.org\/kompetenz\/forschung\/\">intensiver Forschung<\/a>, jahrelanger Erfahrung in\u00a0<a href=\"https:\/\/augenchirurgie.org\/kompetenz\/\">Spezialambulanzen und tausenden Operationen<\/a> in verschiedenen Bereichen der Augenchirurgie bedeutet, dass Sie in besten H\u00e4nden sind.<\/p>\n<p>Hier Sehen Sie eine Kurz\u00fcbersicht \u00fcber den Bereich Augenchirurgie (eine tiefergehende \u00dcbersicht finden Sie\u00a0<a href=\"https:\/\/augenchirurgie.org\/augenchirurgie\/\">hier<\/a>):<\/p>\n<h4><a href=\"https:\/\/augenchirurgie.org\/augenchirurgie\/glaskorpererkrankungen\/\">Glask\u00f6rpererkrankungen: Diagnose und Therapie<\/a><\/h4>\n<p>Erkrankungen dieser Art betreffen den hinteren Augenabschnitt, also den Glask\u00f6rper. Diese gelartige, durchsichtige Substanz hat die Aufgabe den hinteren Augenabschnitt zu \u201estabilisieren\u201d.\u00a0<a href=\"https:\/\/augenchirurgie.org\/augenchirurgie\/glaskorpererkrankungen\/\">Lesen Sie hier mehr.<\/a><\/p>\n<h4><\/h4>\n<h4><a href=\"https:\/\/augenchirurgie.org\/augenchirurgie\/netzhaut\/\">Netzhauterkrankungen: Diagnose und Therapie<\/a><\/h4>\n<p>Die Netzhaut ist ein mehrschichtiges Nervengewebe, die den hinteren Augenabschnitt auskleidet. <a href=\"https:\/\/augenchirurgie.org\/augenchirurgie\/netzhaut\/\">Lesen Sie hier mehr.<\/a><\/p>\n<h4><\/h4>\n<h4><a href=\"https:\/\/augenchirurgie.org\/augenchirurgie\/grauer-star-katarakt\/\">Grauer Star (Katarakt): Diagnose und Therapie<\/a><\/h4>\n<p>Der\u00a0Katarakt (Grauer Star) ist eine meist altersabh\u00e4ngige, langsam zunehmende Tr\u00fcbung der Linse im Auge. Der Name beruht auf der grauen F\u00e4rbung. Katarakte unterbrechen den Weg des Lichtes durch die normale klare Augenlinse und f\u00fchren somit zu Sehst\u00f6rungen oder einer Sehverschlechterung.\u00a0<a href=\"https:\/\/augenchirurgie.org\/augenchirurgie\/grauer-star-katarakt\/\">Lesen Sie\u00a0hier mehr.<\/a><\/p>\n<h4><\/h4>\n<h4><a href=\"https:\/\/augenchirurgie.org\/augenchirurgie\/lidprobleme\/\">Lidprobleme: Diagnose und Therapie<\/a><\/h4>\n<p>Altersbedingte Lidhauterschlaffungen im Oberlidbereich, Lidfehlstellungen und Gewebeneubildungen. Lidprobleme sind nicht nur \u00e4sthetische Probleme, sondern k\u00f6nnen zu Problemen beim Tr\u00e4nenfluss oder auch zu einer Einschr\u00e4nkung Ihres Blickfeldes f\u00fchren.\u00a0<a href=\"https:\/\/augenchirurgie.org\/augenchirurgie\/lidprobleme\/\">Lesen Sie hier mehr.<\/a><\/p>\n<h4><\/h4>\n<h4>Wie bemerken Sie diese Erkrankungen?<\/h4>\n<p><a href=\"https:\/\/augenchirurgie.org\/leistungen\/augentest\/\">Sie k\u00f6nnen hier einen kostenlosen schnellen Online-Augentest machen, der erste Hinweise auf eine Augenerkrankung liefern kann.<\/a><\/p>\n<p>Um detailliertere Informationen \u00fcber Augenchirurgie zu erfahren, lesen Sie bitte <a href=\"https:\/\/augenchirurgie.org\/augenchirurgie\/\">hier weiter<\/a>.<\/p>\n<p>In\u00a0<a href=\"https:\/\/augenchirurgie.org\/leistungen\/akutbehandlungen\/\">Notf\u00e4llen<\/a>\u00a0oder bei Fragen k\u00f6nnen Sie mich \u00fcber meine\u00a0<a href=\"https:\/\/augenchirurgie.org\/ordination\/\">Ordination<\/a>\u00a0(auch au\u00dferhalb der Ordinationszeiten) kontaktieren, diese leitet Anfragen rasch an mich pers\u00f6nlich weiter. Weiters stehe ich Ihnen gerne auch per\u00a0<a href=\"mailto:ordination@falkner-radler.at\">E-Mail\u00a0<\/a>zur Verf\u00fcgung.<\/p>\n<p><iframe id=\"ritetag-cps-check\" style=\"display: none;\" src=\"https:\/\/cdn.ritekit.com\/csp-cookie-check.html\"><\/iframe><\/p>\n<p><iframe id=\"ritetag-cps-check\" style=\"display: none;\" src=\"https:\/\/cdn.ritekit.com\/csp-cookie-check.html\"><\/iframe><\/p>\n","protected":false},"excerpt":{"rendered":"<p>Augenchirurgie: Kurze \u00dcbersicht \u00fcber wichtige Augenerkrankungen Mit \u00fcber 20 Jahren Operationserfahrung habe ich \u00fcber 10.000 Augenoperationen erfolgreich durchgef\u00fchrt. Meine Kompetenz, basierend auf intensiver Forschung, jahrelanger Erfahrung in\u00a0Spezialambulanzen und tausenden Operationen in verschiedenen Bereichen der Augenchirurgie bedeutet, dass Sie in besten H\u00e4nden sind. Hier Sehen Sie eine Kurz\u00fcbersicht \u00fcber den Bereich Augenchirurgie (eine tiefergehende \u00dcbersicht finden  [&#8230;]<\/p>\n","protected":false},"author":1,"featured_media":0,"parent":331,"menu_order":1,"comment_status":"closed","ping_status":"closed","template":"","meta":{"footnotes":""},"class_list":["post-12703","page","type-page","status-publish","hentry"],"translation":{"provider":"WPGlobus","version":"3.0.2","language":"ru","enabled_languages":["de","en","ru"],"languages":{"de":{"title":true,"content":true,"excerpt":false},"en":{"title":true,"content":true,"excerpt":false},"ru":{"title":false,"content":false,"excerpt":false}}},"_links":{"self":[{"href":"https:\/\/augenchirurgie.org\/ru\/wp-json\/wp\/v2\/pages\/12703","targetHints":{"allow":["GET"]}}],"collection":[{"href":"https:\/\/augenchirurgie.org\/ru\/wp-json\/wp\/v2\/pages"}],"about":[{"href":"https:\/\/augenchirurgie.org\/ru\/wp-json\/wp\/v2\/types\/page"}],"author":[{"embeddable":true,"href":"https:\/\/augenchirurgie.org\/ru\/wp-json\/wp\/v2\/users\/1"}],"replies":[{"embeddable":true,"href":"https:\/\/augenchirurgie.org\/ru\/wp-json\/wp\/v2\/comments?post=12703"}],"version-history":[{"count":18,"href":"https:\/\/augenchirurgie.org\/ru\/wp-json\/wp\/v2\/pages\/12703\/revisions"}],"predecessor-version":[{"id":13580,"href":"https:\/\/augenchirurgie.org\/ru\/wp-json\/wp\/v2\/pages\/12703\/revisions\/13580"}],"up":[{"embeddable":true,"href":"https:\/\/augenchirurgie.org\/ru\/wp-json\/wp\/v2\/pages\/331"}],"wp:attachment":[{"href":"https:\/\/augenchirurgie.org\/ru\/wp-json\/wp\/v2\/media?parent=12703"}],"curies":[{"name":"wp","href":"https:\/\/api.w.org\/{rel}","templated":true}]}}