{"id":12655,"date":"2018-05-15T17:07:21","date_gmt":"2018-05-15T15:07:21","guid":{"rendered":"https:\/\/augenchirurgie.org\/?page_id=12655"},"modified":"2025-03-13T18:22:46","modified_gmt":"2025-03-13T17:22:46","slug":"ablauf-augenoperation","status":"publish","type":"page","link":"https:\/\/augenchirurgie.org\/ru\/augenchirurgie\/ablauf-augenoperation\/","title":{"rendered":"Ablauf Augenoperation"},"content":{"rendered":"<h2 class=\"p1\"><a href=\"https:\/\/augenchirurgie.org\/wp-content\/uploads\/2018\/05\/augenoperation.jpg\"><img decoding=\"async\" class=\"lazyload alignnone wp-image-12679 size-full\" title=\"Ablauf einer Augenoperation, Katarakt (grauer Star), Glask\u00f6rper, Netzhaut, Lid - Operationen\" src=\"https:\/\/augenchirurgie.org\/wp-content\/uploads\/2018\/05\/augenoperation.jpg\" data-orig-src=\"https:\/\/augenchirurgie.org\/wp-content\/uploads\/2018\/05\/augenoperation.jpg\" alt=\"Ablauf Augenoperation\" width=\"780\" height=\"300\" srcset=\"data:image\/svg+xml,%3Csvg%20xmlns%3D%27http%3A%2F%2Fwww.w3.org%2F2000%2Fsvg%27%20width%3D%27780%27%20height%3D%27300%27%20viewBox%3D%270%200%20780%20300%27%3E%3Crect%20width%3D%27780%27%20height%3D%27300%27%20fill-opacity%3D%220%22%2F%3E%3C%2Fsvg%3E\" data-srcset=\"https:\/\/augenchirurgie.org\/wp-content\/uploads\/2018\/05\/augenoperation-300x115.jpg 300w, https:\/\/augenchirurgie.org\/wp-content\/uploads\/2018\/05\/augenoperation.jpg 780w\" data-sizes=\"auto\" data-orig-sizes=\"(max-width: 780px) 100vw, 780px\" \/><\/a><\/h2>\n<h2 class=\"p1\">Ablauf Augenoperation: Wie l\u00e4uft eine Augenoperation ab?<\/h2>\n<p class=\"p1\">Lesen Sie hier alles Wissenswerte zum Ablauf einer Augenoperation. Diese Informationen zu Augen-OPs k\u00f6nnen Ihnen helfen besser zu verstehen, wie die Operation abl\u00e4uft und was dabei zu beachten ist. <a href=\"https:\/\/augenchirurgie.org\/augenchirurgie\/haufige-fragen-operationen\/\">Hier k\u00f6nnen Sie auch h\u00e4ufige Fragen zu Augenoperationen lesen<\/a>.<\/p>\n<hr \/>\n<p class=\"p1\"><strong>Erfahren Sie in diesem Video Wissenswertes zum Ablauf einer Augen-OP in 3 Minuten:<\/strong><\/p>\n<div class=\"video-shortcode\"><iframe title=\"Ablauf einer Augen-Operation: Wissenswertes in 3 Minuten \u00fcber die Augen-OP von augenchirurgie.org\" width=\"1100\" height=\"619\" src=\"https:\/\/www.youtube.com\/embed\/YuYQ23yHHaQ?feature=oembed\" frameborder=\"0\" allow=\"accelerometer; autoplay; clipboard-write; encrypted-media; gyroscope; picture-in-picture\" allowfullscreen><\/iframe><\/div>\n<hr \/>\n<p class=\"p1\">Bitte w\u00e4hlen Sie die Operation, \u00fcber deren Ablauf Sie mehr lesen wollen:<\/p>\n<h3 class=\"p1\"><a href=\"#katarakt\">Ablauf einer Kataraktoperation (Grauer Star OP)<\/a><\/h3>\n<h3 class=\"p1\"><a href=\"#vitrektomie\">Ablauf einer Glask\u00f6rperoperation bzw. Netzhautoperation (Vitrektomie)<\/a><\/h3>\n<h3 class=\"p1\"><a href=\"#lid\">Ablauf einer\u00a0Lid-Operation (Dermatochalasis, Lidfehlstellungen, etc.)<\/a><\/h3>\n<hr \/>\n<h3 class=\"p1\"><\/h3>\n<h3 class=\"p1\">Ablauf einer Kataraktoperation (Grauer Star OP):<\/h3>\n<p><a name=\"katarakt\"><\/a><\/p>\n<h4>Entscheidung f\u00fcr eine Operation<\/h4>\n<p class=\"p1\">Zun\u00e4chst stelle ich in einer gr\u00fcndlichen Erstuntersuchung die genaue Diagnose. So kann ich auch Erkrankungen der <a href=\"https:\/\/augenchirurgie.org\/augenchirurgie\/netzhaut\/\">Netzhaut<\/a>, die gleichzeitig mit dem <a href=\"https:\/\/augenchirurgie.org\/augenchirurgie\/grauer-star-katarakt\/\">Grauen Star (Katarakt)<\/a> auftreten k\u00f6nnen, ausschlie\u00dfen. Meistens ist eine <a href=\"https:\/\/augenchirurgie.org\/leistungen\/augenuntersuchung\/\">OCT-Untersuchung<\/a> sinnvoll, bei der mittels Laserlicht die <a href=\"https:\/\/de.wikipedia.org\/wiki\/Netzhaut\" target=\"_blank\" rel=\"noopener noreferrer\">Netzhaut<\/a> betrachtet wird.<\/p>\n<p class=\"p1\">Bitte beachten Sie, dass Sie daf\u00fcr Tropfen in das Auge bekommen, die die Pupillen erweitern und Sie daher an diesem Tag nicht mehr selbst mit dem Auto fahren d\u00fcrfen.<\/p>\n<p class=\"p1\">Bei diesem Termin sprechen wir genau \u00fcber die Erkrankung sowie alles Wichtige rund um die Operation. M\u00f6gliche Termine, Spit\u00e4ler, in denen ich den Eingriff durchf\u00fchren kann und die Art der An\u00e4sthesie kl\u00e4ren wir gemeinsam ab.<\/p>\n<p class=\"p1\">F\u00fcr die Narkose gibt es zwei M\u00f6glichkeiten: Entweder werden Sie mittels Infusion in einen angenehmen D\u00e4mmerschlaf versetzt (\u201eSedoanalgesie\u201c) oder Sie erhalten eine Vollnarkose. Dabei d\u00fcrfen Sie mindestens sechs Stunden vor dem Eingriff nichts essen.<\/p>\n<p class=\"p1\">Auch eine\u00a0<a href=\"https:\/\/de.wikipedia.org\/wiki\/Katarakt_(Medizin)\" target=\"_blank\" rel=\"noopener noreferrer\">Tropfan\u00e4sthesie<\/a>\u00a0kann m\u00f6glicherweise eine Option f\u00fcr Sie sein \u2013\u00a0 wegen der sehr geringen Komplikationsrate und der einfachen Anwendung. Dabei werden auf das Auge\u00a0\u00f6rtlich bet\u00e4ubende Augentropfen\u00a0gegeben, um eine Schmerzfreiheit bei der Operation zu erreichen. Bei dieser\u00a0Methode gibt es keine Nahrungskarenz und sie k\u00f6nnen meist eine Stunde nach der Augenoperation nach Hause gehen.<\/p>\n<p class=\"p1\">Eventuell ist es auch \u2013 abh\u00e4ngig von Ihrer Gesundheit \u2013 notwendig, vor der Augen-OP zus\u00e4tzliche Befunde einzuholen (Blutbild, EKG und Lungenr\u00f6ntgen).<\/p>\n<h4 class=\"p1\">Kurz vor der Operation<\/h4>\n<p class=\"p1\">Ich erkl\u00e4re Ihnen die Operation sowie m\u00f6gliche Komplikationen, die auftreten k\u00f6nnen, noch einmal ganz genau. Bei diesem Gespr\u00e4ch erhalten Sie auch einen Aufkl\u00e4rungsbogen mit allen Details und ich beantworte Ihnen alle <a href=\"https:\/\/augenchirurgie.org\/augenchirurgie\/haufige-fragen-operationen\/\">Fragen<\/a>, die Sie haben.<\/p>\n<p class=\"p1\">Dann wird Ihr Auge genau vermessen, um die Intraokularlinse (dies ist eine k\u00fcnstliche Linse, die nach der Operation Ihre eigene Linse ersetzt) genau anzupassen.<\/p>\n<p class=\"p1\">Ebenso wird besprochen, welche Art Linse f\u00fcr Sie optimal ist: M\u00f6glich sind eine Monofokallinse, mit der Sie ohne Brille entweder in die Ferne oder in der N\u00e4he scharf sehen k\u00f6nnen. Bei dieser Variante ben\u00f6tigen Sie eine zus\u00e4tzliche Fern- oder Lesebrille. Mit einer Multifokallinse ben\u00f6tigen Sie gar keine Brille mehr und durch eine torische Linse kann auch ein Astigmatismus (Hornhautverkr\u00fcmmung) ausgeglichen werden.<\/p>\n<p class=\"p1\">Nat\u00fcrlich erhalten Sie auch alle Informationen \u00fcber die damit verbundenen Kosten.<\/p>\n<p class=\"p1\">Wir sprechen auch dar\u00fcber, wie es nach der Operation weitergeht: Welche Augentropfen f\u00fcr ca. vier Wochen notwendig sein werden und was Sie vermeiden sollten (kein Wasserkontakt, kein Saunabesuch, nicht im Auge reiben, keine k\u00f6rperliche Anstrengung wie schweres Heben f\u00fcr etwa\u00a0eine Woche).<\/p>\n<h4 class=\"p1\">Nach der Operation<\/h4>\n<p class=\"p1\">Wenn Sie eine Tropfan\u00e4sthesie erhalten haben, k\u00f6nnen Sie etwa eine Stunde nach der Operation wieder nach Hause gehen. Insgesamt betr\u00e4gt der Zeitaufwand ca. drei Stunden.<\/p>\n<p class=\"p1\">Bei einer Vollnarkose werden Sie auf der Station des Spitals f\u00fcr etwa vier bis f\u00fcnf Stunden betreut und d\u00fcrfen dann nach Hause gehen.<\/p>\n<p class=\"p1\">Der Verband, den Sie nach der OP erhalten, kann am n\u00e4chsten Tag abgenommen werden. Gleichzeitig beginnen Sie damit, die verordneten Augentropfen zu verwenden.<\/p>\n<p class=\"p1\">Bei Beschwerdefreiheit kommen Sie\u00a0innerhalb einer Woche nach der Operation zu mir in die <a href=\"https:\/\/augenchirurgie.org\/ordination\/\">Ordination<\/a> zur Kontrolle, bei Beschwerden k\u00f6nnen Sie nat\u00fcrlich jederzeit kommen.<\/p>\n<p class=\"p1\">Nach ca. f\u00fcnf Wochen kann dann eine neue Brille angepasst werden.<\/p>\n<hr \/>\n<h3><a name=\"vitrektomie\"><\/a>Ablauf einer Glask\u00f6rperoperation bzw. Netzhautoperation (Vitrektomie):<\/h3>\n<h4>Entscheidung f\u00fcr eine Operation<\/h4>\n<p>Zun\u00e4chst stelle ich in einer gr\u00fcndlichen Erstuntersuchung die genaue Diagnose. So kann ich die Art der Erkrankung des hinteren Augenabschnittes (<a href=\"https:\/\/augenchirurgie.org\/augenchirurgie\/glaskorpererkrankungen\/\">Glask\u00f6rper, Makula, Netzhaut<\/a>) feststellen und auch feststellen, ob Sie\u00a0zus\u00e4tzlich einen <a href=\"https:\/\/augenchirurgie.org\/augenchirurgie\/grauer-star-katarakt\/\">Grauen Star (Katarakt)<\/a> haben. Bitte beachten Sie, dass diese Untersuchung Tropfen erfordern, die die Pupillen weit stellen und Sie daher an diesem Tag nicht mehr selbst mit dem Auto fahren d\u00fcrfen. Weiters brauche ich zur Diagnosesicherung einer Erkrankung des hinteren Augenabschnittes eine <a href=\"https:\/\/augenchirurgie.org\/leistungen\/augenuntersuchung\/\">OCT-Untersuchung<\/a>, bei der mittels Laserlicht die Netzhaut gescannt wird.<\/p>\n<p>Bei diesem Termin sprechen wir genau \u00fcber die Art Ihrer Erkrankung, das Fortschreiten sowie alles Wichtige rund um die Operation, wenn diese erforderlich sein sollte. M\u00f6gliche Termine, Spit\u00e4ler, in denen ich einen Eingriff durchf\u00fchren kann und die Art der An\u00e4sthesie kl\u00e4ren wir gemeinsam ab.<\/p>\n<p>In der Regel f\u00fchre ich Netzhaut- und Glask\u00f6rperoperationen in Vollnarkose durch, da der Eingriff einige Zeit \u2013 je nach Diagnose zwischen 1 Stunde bis 2 Stunden \u2013 in Anspruch nehmen kann, und eine so lange R\u00fcckenlage als unbequem und schmerzhaft empfunden werden kann.<\/p>\n<p>F\u00fcr die Narkose gibt es generell zwei M\u00f6glichkeiten:\u00a0Entweder eine Vollnarkose \u2013 dabei d\u00fcrfen Sie mindestens sechs Stunden vor dem Eingriff nichts essen.\u00a0Oder die M\u00f6glichkeit einer \u00f6rtlichen Bet\u00e4ubung mit einer zus\u00e4tzlichen Bet\u00e4ubung des Auges (Injektion),\u00a0bei der es keine Nahrungskarenz gibt, und Sie bei k\u00f6rperlichem Wohlbefinden nach ca 1 Stunde nach Hause gehen k\u00f6nnen.<\/p>\n<p>Bei einer Vollnarkose kann es \u2013 auch abh\u00e4ngig von Ihrer Gesundheit \u2013erforderlich sein vor der Augen-OP zus\u00e4tzliche Befunde einzuholen (Blutbild, EKG und Lungenr\u00f6ntgen).<\/p>\n<h4>Kurz vor der Operation<\/h4>\n<p>Ich erkl\u00e4re Ihnen die Operation sowie m\u00f6gliche Komplikationen, die auftreten k\u00f6nnen, noch einmal ganz genau. Bei diesem Gespr\u00e4ch erhalten Sie auch alle Aufkl\u00e4rungsb\u00f6gen mit allen Details und ich beantworte Ihnen gerne noch offene Fragen.<\/p>\n<p>Eine bekannte \u201cNebenwirkung\u201dder <a href=\"https:\/\/augenchirurgie.org\/augenchirurgie\/glaskorpererkrankungen\/\">Vitrektomie<\/a> ist die Graue Starbildung (Linsentr\u00fcbung) oder das Voranschreiten dieser. Daher besprechen wir auch, ob eine kombinierte Operation (Kataraktoperation und Vitrektomie) in Ihrem Fall sinnvoll w\u00e4re. Wenn ja, vermesse ich dann Ihr Auge, um die Intraokularlinse (dies ist eine k\u00fcnstliche Linse, die nach der Operation Ihre eigene Linse ersetzt) genau anzupassen.<\/p>\n<p>Ebenso wird besprochen, welche Art Linse f\u00fcr Sie optimal ist: M\u00f6glich sind eine Monofokallinse, mit der Sie ohne Brille entweder in die Ferne oder in der N\u00e4he scharf sehen k\u00f6nnen. Bei dieser Variante ben\u00f6tigen Sie eine zus\u00e4tzliche Fern- oder Lesebrille. Eine Multifokallinse (Brillenfreiheit) oder eine torische Linse (Ausgleich eines Astigmatismus, d.h. Hornhautverkr\u00fcmmung) wird bei Erkrankungen des hinteren Augenabschnittes nicht empfohlen.<\/p>\n<p>Nat\u00fcrlich erhalten Sie auch alle Informationen \u00fcber die damit verbundenen Kosten.<\/p>\n<p>Wir sprechen auch dar\u00fcber, wie es nach der Operation weitergeht: Welche Augentropfen f\u00fcr ca. vier Wochen notwendig sein werden und was Sie vermeiden sollten (kein Wasserkontakt, kein Saunabesuch, nicht das Auge reiben, keine k\u00f6rperliche Anstrengung wie schweres Heben f\u00fcr etwa drei bis vier Wochen).<\/p>\n<h4>Nach der Operation<\/h4>\n<p>Bei einer Vollnarkose werden Sie auf der Station des Spitals betreut und bleiben meist eine oder zwei Nacht station\u00e4r. Ich entlasse Sie bei Beschwerdefreiheit und abh\u00e4ngig von der Operationsdauer \u00fcblicherweise am Morgen nach der Operation oder am Folgetag.<\/p>\n<p>Bei \u00f6rtlicher Bet\u00e4ubung k\u00f6nnen Sie auch wenige Stunden nach dem Eingriff nach Hause gehen. Sie k\u00f6nnen den Verband, den Sie nach der OP erhalten, am n\u00e4chsten Tag selbst entfernen und beginnen mit den verordneten Augentropfen, oder ich entferne den Verband in der Ordination, da eine Kontrolle bei mir am n\u00e4chsten Tag erforderlich ist.<\/p>\n<p>Sollte bei Ihnen neben der Vitrektomie auch eine Kataraktoperation durchgef\u00fchrt worden sein, kann nach ca. 5 Wochen eine neue Brille angepasst werden. Wenn nur eine Vitrektomie erfolgt ist, \u00e4ndert sich in der Regel die Brechkraft des Auges kaum, sodass keine neue Brille erforderlich ist.<\/p>\n<hr \/>\n<h3 class=\"p1\"><span class=\"s1\"><a name=\"lid\"><\/a>Ablauf einer Lid-Operation <\/span><\/h3>\n<h4 class=\"p1\">Entscheidung f\u00fcr eine Operation<\/h4>\n<p class=\"p1\">Zun\u00e4chst stelle ich in einer gr\u00fcndlichen <a href=\"https:\/\/augenchirurgie.org\/leistungen\/augenuntersuchung\/\">Erstuntersuchung<\/a> die genaue Diagnose &#8211; dies betrifft sowohl <a href=\"https:\/\/augenchirurgie.org\/augenchirurgie\/lidprobleme\/\">Lidfehlstellungen, Lidhauterschlaffungen (Dermatochalasis) oder andere Lidprobleme<\/a>. Sie k\u00f6nnen gerne mit dem Auto kommen, da ich f\u00fcr diese Untersuchung kein pupillenerweiternden Augentropfen ben\u00f6tige.<\/p>\n<p class=\"p1\">Bei diesem Termin sprechen wir im Detail \u00fcber die Erkrankung, sowie alles Wichtige rund um die Operation. M\u00f6gliche Termine und Spit\u00e4ler, in denen ich diesen Eingriff durchf\u00fchren kann \u2013 und auch die Art der An\u00e4sthesie \u2013 kl\u00e4ren wir gemeinsam ab. Nat\u00fcrlich erhalten Sie auch alle Informationen \u00fcber die damit verbundenen Kosten.<\/p>\n<p class=\"p1\">Meist k\u00f6nnen solche Eingriffe in Lokalan\u00e4sthesie durchgef\u00fchrt werde. Dabei wird das betroffene Areal Ihrer Lidhaut mittels einer Injektion bet\u00e4ubt, um bei der Operation Schmerzfreiheit zu gew\u00e4hrleisten. Hierbei brauchen Sie vor der Operation nicht auf Essen zu verzichten.<\/p>\n<p class=\"p1\">Solche Eingriffe sind auch in Narkose m\u00f6glich, hierbei gibt es zwei M\u00f6glichkeiten: Entweder werden Sie mittels Infusion in einen angenehmen D\u00e4mmerschlaf versetzt (\u201eSedoanalgesie\u201c) oder Sie erhalten eine Vollnarkose. Dabei d\u00fcrfen Sie mindestens sechs Stunden vor dem Eingriff nichts essen. Eventuell ist es auch \u2013 abh\u00e4ngig von Ihrer Gesundheit \u2013 notwendig, vor der OP zus\u00e4tzliche Befunde einzuholen (Blutbild, EKG und Lungenr\u00f6ntgen).<\/p>\n<h4 class=\"p1\">Kurz vor der Operation<\/h4>\n<p class=\"p1\">Ich erkl\u00e4re Ihnen die Operation sowie m\u00f6gliche Komplikationen, die auftreten k\u00f6nnen, noch einmal ganz genau. Bei diesem Gespr\u00e4ch erhalten Sie auch einen Aufkl\u00e4rungsbogen mit allen Details und ich beantworte Ihnen alle Fragen, die Sie haben.<\/p>\n<p class=\"p1\">Gewebeneubildungen lasse ich zur Sicherheit immer histologisch untersuchen, die Auswertung bekommen in der Regel 1 bis 2 Wochen nach der Operation.<\/p>\n<p class=\"p1\">Sollten bei Ihnen eine <a href=\"https:\/\/augenchirurgie.org\/augenchirurgie\/lidprobleme\/\">Lidhauterschlaffung<\/a> der Oberlider vorliegen (<a href=\"https:\/\/augenchirurgie.org\/augenchirurgie\/lidprobleme\/\">Dermatochalasis<\/a>) wird an diesem Tag eine <a href=\"https:\/\/augenchirurgie.org\/leistungen\/augenuntersuchung\/\">Gesichtsfelduntersuchung<\/a> durchgef\u00fchrt, damit diese Operation aus medizinischer Sicht indiziert ist und von der Krankenkasse bewilligt werden kann. Auch hierf\u00fcr sind keine pupillenerweiternden Tropfen erforderlich und Sie k\u00f6nnen mit dem Auto kommen.<\/p>\n<p class=\"p1\">Sollten Sie blutverd\u00fcnnende Medikamente (Thrombo Ass, Aspirin, Herzschutz Ass, Tomapyrin, Marcoumar oder \u00e4hnliches) einnehmen, muss deren Einnahme nach R\u00fccksprache mit Ihrem Internisten einige Tagen bis eine Woche vor dem Eingriff pausiert werden.<\/p>\n<p class=\"p1\">Wir sprechen auch dar\u00fcber, wie es nach der Operation weitergeht: Welche Augensalbe f\u00fcr ca. eine Woche notwendig sein wird und was Sie vermeiden sollten (zum Beispiel: kein Wasser f\u00fcr etwa eine Woche, keine Saunabesuche, nicht das Auge reiben).<\/p>\n<h4 class=\"p1\">Nach der Operation<\/h4>\n<p class=\"p1\">Wenn Sie eine Lokalan\u00e4sthesie erhalten, kann die Operation ambulant oder tagesklinisch durchgef\u00fchrt werden und Sie gehen gleich (nach ein bis zwei Stunden nach der Operation) wieder nach Hause. Je nach Ausma\u00df der Operation betr\u00e4gt der Zeitaufwand zwischen einer bis drei Stunden.<\/p>\n<p class=\"p1\">Bei einer Sedoanalgesie oder Vollnarkose d\u00fcrfen Sie bis etwa sechs Stunden vor der Augenoperation nichts essen oder trinken. Danach werden Sie auf der Station des Spitals f\u00fcr etwa vier bis f\u00fcnf Stunden betreut und d\u00fcrfen dann nach Hause gehen.<\/p>\n<p class=\"p1\">Der Verband, den Sie nach der OP erhalten, kann am n\u00e4chsten Tag abgenommen werden. Gleichzeitig beginnen Sie damit, die verordnete Augentherapie anzuwenden.<\/p>\n<p class=\"p1\">Bei Beschwerdefreiheit kommen Sie in ca. 1 bis 2 Wochen zur Kontrolle zu mir in die <a href=\"https:\/\/augenchirurgie.org\/ordination\/\">Ordination<\/a>, bei Beschwerden k\u00f6nnen und sollten Sie nat\u00fcrlich jederzeit kommen. Sollte eine Nahtentfernung erforderlich sind, wird diese ungef\u00e4hr 1 Woche nach der Operation von mir in der Ordination durchgef\u00fchrt.<\/p>\n<hr \/>\n<p><i> <\/i><br \/>\n<i> <\/i><\/p>\n<p class=\"p1\">Ich hoffe diese Informationen zum Ablauf Augenoperation sind Ihnen hilfreich. Ob Katarakt-OP, Vitrektomie, IVOM oder Buckelchirurgie: Die Entscheidung f\u00fcr eine Operation erfordert viel Vertrauen. Deshalb lege ich gro\u00dfen Wert auf ausf\u00fchrliche Erkl\u00e4rungen, empathische Kommunikation und absolute Transparenz. Mein Ziel ist es, Ihnen alle Unsicherheit zu nehmen und Sie durch jeden Schritt zu begleiten.<\/p>\n<p class=\"p1\">Haben Sie noch Fragen? <a href=\"https:\/\/augenchirurgie.org\/augenchirurgie\/haufige-fragen-operationen\/\">Hier k\u00f6nnen Sie h\u00e4ufige Fragen zu Augenoperationen lesen<\/a>. Bei weiteren Fragen zum Ablauf\u00a0 der Augenoperation k\u00f6nnen Sie mich \u00fcber meine <a href=\"https:\/\/augenchirurgie.org\/ordination\/\">Ordination<\/a>\u00a0(auch au\u00dferhalb der Ordinationszeiten) kontaktieren, diese leitet Anfragen rasch an mich pers\u00f6nlich weiter. Weiters stehe ich Ihnen gerne auch per\u00a0<a href=\"mailto:ordination@falkner-radler.at\">E-Mail\u00a0<\/a>zur Verf\u00fcgung.<\/p>\n","protected":false},"excerpt":{"rendered":"<p>Ablauf Augenoperation: Wie l\u00e4uft eine Augenoperation ab? Lesen Sie hier alles Wissenswerte zum Ablauf einer Augenoperation. Diese Informationen zu Augen-OPs k\u00f6nnen Ihnen helfen besser zu verstehen, wie die Operation abl\u00e4uft und was dabei zu beachten ist. Hier k\u00f6nnen Sie auch h\u00e4ufige Fragen zu Augenoperationen lesen. Erfahren Sie in diesem Video Wissenswertes zum Ablauf einer Augen-OP  [&#8230;]<\/p>\n","protected":false},"author":1,"featured_media":0,"parent":331,"menu_order":6,"comment_status":"closed","ping_status":"closed","template":"","meta":{"footnotes":""},"class_list":["post-12655","page","type-page","status-publish","hentry"],"translation":{"provider":"WPGlobus","version":"3.0.2","language":"ru","enabled_languages":["de","en","ru"],"languages":{"de":{"title":true,"content":true,"excerpt":false},"en":{"title":true,"content":true,"excerpt":false},"ru":{"title":false,"content":false,"excerpt":false}}},"_links":{"self":[{"href":"https:\/\/augenchirurgie.org\/ru\/wp-json\/wp\/v2\/pages\/12655","targetHints":{"allow":["GET"]}}],"collection":[{"href":"https:\/\/augenchirurgie.org\/ru\/wp-json\/wp\/v2\/pages"}],"about":[{"href":"https:\/\/augenchirurgie.org\/ru\/wp-json\/wp\/v2\/types\/page"}],"author":[{"embeddable":true,"href":"https:\/\/augenchirurgie.org\/ru\/wp-json\/wp\/v2\/users\/1"}],"replies":[{"embeddable":true,"href":"https:\/\/augenchirurgie.org\/ru\/wp-json\/wp\/v2\/comments?post=12655"}],"version-history":[{"count":74,"href":"https:\/\/augenchirurgie.org\/ru\/wp-json\/wp\/v2\/pages\/12655\/revisions"}],"predecessor-version":[{"id":13594,"href":"https:\/\/augenchirurgie.org\/ru\/wp-json\/wp\/v2\/pages\/12655\/revisions\/13594"}],"up":[{"embeddable":true,"href":"https:\/\/augenchirurgie.org\/ru\/wp-json\/wp\/v2\/pages\/331"}],"wp:attachment":[{"href":"https:\/\/augenchirurgie.org\/ru\/wp-json\/wp\/v2\/media?parent=12655"}],"curies":[{"name":"wp","href":"https:\/\/api.w.org\/{rel}","templated":true}]}}