{"id":12579,"date":"2018-01-25T17:43:51","date_gmt":"2018-01-25T15:43:51","guid":{"rendered":"https:\/\/augenchirurgie.org\/?page_id=12579"},"modified":"2023-04-26T15:16:03","modified_gmt":"2023-04-26T13:16:03","slug":"ehrenamtliche-augen-chirurgie-trainings","status":"publish","type":"page","link":"https:\/\/augenchirurgie.org\/ru\/kompetenz\/ehrenamtliche-augen-chirurgie-trainings\/","title":{"rendered":"Ehrenamtliche Augenchirurgie-Trainings"},"content":{"rendered":"<p><a href=\"https:\/\/augenchirurgie.org\/wp-content\/uploads\/2018\/01\/reisen.jpg\"><img decoding=\"async\" class=\"lazyload alignnone size-full wp-image-12589\" src=\"https:\/\/augenchirurgie.org\/wp-content\/uploads\/2018\/01\/reisen.jpg\" data-orig-src=\"https:\/\/augenchirurgie.org\/wp-content\/uploads\/2018\/01\/reisen.jpg\" alt=\"reise chirurgie Augen\" width=\"780\" height=\"300\" srcset=\"data:image\/svg+xml,%3Csvg%20xmlns%3D%27http%3A%2F%2Fwww.w3.org%2F2000%2Fsvg%27%20width%3D%27780%27%20height%3D%27300%27%20viewBox%3D%270%200%20780%20300%27%3E%3Crect%20width%3D%27780%27%20height%3D%27300%27%20fill-opacity%3D%220%22%2F%3E%3C%2Fsvg%3E\" data-srcset=\"https:\/\/augenchirurgie.org\/wp-content\/uploads\/2018\/01\/reisen-300x115.jpg 300w, https:\/\/augenchirurgie.org\/wp-content\/uploads\/2018\/01\/reisen.jpg 780w\" data-sizes=\"auto\" data-orig-sizes=\"(max-width: 780px) 100vw, 780px\" \/><\/a><\/p>\n<h2><span style=\"font-weight: 400;\">Reisen \u00f6ffnet die Augen f\u00fcr Neues. <\/span><\/h2>\n<p><span style=\"font-weight: 400;\">Und manchmal kann eine Reise sogar den Augen anderer helfen. Nachdem das Augenlicht eines der kostbarsten Dinge ist, die wir haben, ist es mir ein Anliegen auch Menschen zu helfen, die an Orten unserer Welt leben, die medizinisch und medizintechnisch weniger gut ausgestattet sind. <\/span><\/p>\n<p><span style=\"font-weight: 400;\">Diese Reisen bereichern auch mein Leben: Ich sehe Neues, lerne viel, darf helfen und aus manchen Begegnungen entstehen Freundschaften.<\/span><\/p>\n<p><span style=\"font-weight: 400;\">Lesen Sie hier \u00fcber meine Reisen und Erfahrungen im Rahmen meiner ehrenamtlichen T\u00e4tigigkeit als Augen\u00e4rztin und Augenchirurgin:<\/span><\/p>\n<h4><span style=\"font-weight: 400;\"><span style=\"font-weight: 400;\"> <a href=\"https:\/\/augenchirurgie.org\/chirurgie-training\/\">Tagada, kleine Schnitte und neue Freunde:<br \/>\n<\/a><\/span><\/span><em><span style=\"font-weight: 400;\"><span style=\"font-weight: 400;\">\u00dcber eine holprige Reise, ungewohnte&nbsp;St\u00fchle und Dankbarkeit.<\/span><\/span>&nbsp;<\/em><\/h4>\n<h4><span style=\"font-weight: 400;\"><a href=\"https:\/\/augenchirurgie.org\/ehrenamtliche-augenchirurgie\/\">Gemeinsam Augenlicht retten in Kampala:<br \/>\n<\/a><\/span><span style=\"font-weight: 400;\"><em>\u00dcber Hammer und Meisel, Augenlaser und&nbsp;die Freude \u00fcber einen neuen Stuhl.<\/em><br \/>\n<\/span><\/h4>\n<hr>\n<h2 class=\"p1\">Augenchirurgie Trainings<\/h2>\n<p class=\"p1\">Im Rahmen meiner T\u00e4tigkeit als Augenarzt ist es mir ein besonderes Anliegen bei meinen Reisen Augenchirurgie Trainings mit dem Team vor Ort durchzuf\u00fchren, um meine Erfahrungen weiterzugeben.<\/p>\n<p class=\"p1\">Die Palette reicht dabei von <a href=\"https:\/\/augenchirurgie.org\/leistungen\/augenuntersuchung\/\">Augenutersuchungen<\/a> \u00fcber Operationen von <a href=\"https:\/\/augenchirurgie.org\/augenchirurgie\/grauer-star-katarakt\/\">Katarakt (Grauer Star)<\/a>, <a href=\"https:\/\/augenchirurgie.org\/augenchirurgie\/netzhaut\/\">Netzhaut (Retina)<\/a> und <a href=\"https:\/\/augenchirurgie.org\/augenchirurgie\/glaskorpererkrankungen\/\">Glask\u00f6rper (Vitrektomie)<\/a> bis zu postoperativer Versorgung und Nachuntersuchungen.<\/p>\n<p class=\"p1\">Eine besondere Freude ist es mir, wenn ich zus\u00e4tzlich zu meinem Know-How technische Ausr\u00fcstung mitbringen darf, wie zum Beispiel Augenlaser, Instrumente f\u00fcr Kleinschnitttechnik und Utensilien f\u00fcr Vitrektomien.<\/p>\n<p class=\"p1\">Gemeinsam mit den \u00c4rzten und Assistenten vor Ort haben wir zahlreiche Netzhautabhebungen, Glask\u00f6rperblutungen und Makulaerkrankungen \u2013 wie Makulaforamen \u2013 heilen k\u00f6nnen. Wir haben schwierige Katarakt-Operation und Netzhautoperation durchgef\u00fchrt und auch schwere F\u00e4lle wie \u201eein\u00e4ugige Patienten\u201c, mit Netzhautabhebungen am besseren Auge behandeln k\u00f6nnen.<\/p>\n<p class=\"p1\">So kann ich mit dem helfen, was ich am besten kann: so vielen Menschen wie m\u00f6glich Ihr Augenlicht zu bewahren.<\/p>\n","protected":false},"excerpt":{"rendered":"<p>Reisen \u00f6ffnet die Augen f\u00fcr Neues. Und manchmal kann eine Reise sogar den Augen anderer helfen. Nachdem das Augenlicht eines der kostbarsten Dinge ist, die wir haben, ist es mir ein Anliegen auch Menschen zu helfen, die an Orten unserer Welt leben, die medizinisch und medizintechnisch weniger gut ausgestattet sind. Diese Reisen bereichern auch mein  [&#8230;]<\/p>\n","protected":false},"author":1,"featured_media":0,"parent":6,"menu_order":6,"comment_status":"closed","ping_status":"closed","template":"","meta":{"footnotes":""},"class_list":["post-12579","page","type-page","status-publish","hentry"],"translation":{"provider":"WPGlobus","version":"3.0.2","language":"ru","enabled_languages":["de","en","ru"],"languages":{"de":{"title":true,"content":true,"excerpt":false},"en":{"title":true,"content":true,"excerpt":false},"ru":{"title":false,"content":false,"excerpt":false}}},"_links":{"self":[{"href":"https:\/\/augenchirurgie.org\/ru\/wp-json\/wp\/v2\/pages\/12579","targetHints":{"allow":["GET"]}}],"collection":[{"href":"https:\/\/augenchirurgie.org\/ru\/wp-json\/wp\/v2\/pages"}],"about":[{"href":"https:\/\/augenchirurgie.org\/ru\/wp-json\/wp\/v2\/types\/page"}],"author":[{"embeddable":true,"href":"https:\/\/augenchirurgie.org\/ru\/wp-json\/wp\/v2\/users\/1"}],"replies":[{"embeddable":true,"href":"https:\/\/augenchirurgie.org\/ru\/wp-json\/wp\/v2\/comments?post=12579"}],"version-history":[{"count":34,"href":"https:\/\/augenchirurgie.org\/ru\/wp-json\/wp\/v2\/pages\/12579\/revisions"}],"predecessor-version":[{"id":12653,"href":"https:\/\/augenchirurgie.org\/ru\/wp-json\/wp\/v2\/pages\/12579\/revisions\/12653"}],"up":[{"embeddable":true,"href":"https:\/\/augenchirurgie.org\/ru\/wp-json\/wp\/v2\/pages\/6"}],"wp:attachment":[{"href":"https:\/\/augenchirurgie.org\/ru\/wp-json\/wp\/v2\/media?parent=12579"}],"curies":[{"name":"wp","href":"https:\/\/api.w.org\/{rel}","templated":true}]}}