{"id":12,"date":"2010-08-12T08:14:18","date_gmt":"2010-08-12T08:14:18","guid":{"rendered":"http:\/\/www.falkner-radler.at\/?page_id=12"},"modified":"2023-04-26T15:16:03","modified_gmt":"2023-04-26T13:16:03","slug":"impressum","status":"publish","type":"page","link":"https:\/\/augenchirurgie.org\/ru\/ordination\/impressum\/","title":{"rendered":"Impressum"},"content":{"rendered":"<p><a href=\"https:\/\/augenchirurgie.org\/wp-content\/uploads\/2010\/08\/akut1.jpg\"><img decoding=\"async\" class=\"lazyload alignnone size-full wp-image-54\" title=\"Ordination Dr. Falkner-Radler Augenchirurgie\" src=\"https:\/\/augenchirurgie.org\/wp-content\/uploads\/2010\/08\/akut1.jpg\" data-orig-src=\"https:\/\/augenchirurgie.org\/wp-content\/uploads\/2010\/08\/akut1.jpg\" alt=\"Ordination Dr. Falkner-Radler Augenarzt\" width=\"570\" height=\"116\" srcset=\"data:image\/svg+xml,%3Csvg%20xmlns%3D%27http%3A%2F%2Fwww.w3.org%2F2000%2Fsvg%27%20width%3D%27570%27%20height%3D%27116%27%20viewBox%3D%270%200%20570%20116%27%3E%3Crect%20width%3D%27570%27%20height%3D%27116%27%20fill-opacity%3D%220%22%2F%3E%3C%2Fsvg%3E\" data-srcset=\"https:\/\/augenchirurgie.org\/wp-content\/uploads\/2010\/08\/akut1-300x61.jpg 300w, https:\/\/augenchirurgie.org\/wp-content\/uploads\/2010\/08\/akut1.jpg 507w\" data-sizes=\"auto\" data-orig-sizes=\"(max-width: 570px) 100vw, 570px\" \/><\/a><\/p>\n<p><strong>Priv.-Doz. Dr. Christiane I. Falkner-Radler<br \/>\n<\/strong>Fach\u00e4rztin f\u00fcr Augenheilkunde und Optometrie, Augenchirurgin<br \/>\nOber\u00e4rztin an der Klinik Landstra\u00dfe, Wiener Gesundheitsverbund<br \/>\nAdjunct Associate Professor of Clinical Ophthalmology, Cornell University<br \/>\nGastprofessorin an der Medizinischen Universit\u00e4t Wien<\/p>\n<p>Sensengasse 3\/1, 1090 Wien<\/p>\n<p>Tel: 01\/406 11 21 &#8211; 155<\/p>\n<p>Fax: 01\/ 406 11 21 &#8211; 500<\/p>\n<p>E-Mail:\u00a0<a href=\"mailto:ordination@falkner-radler.at\">ordination@falkner-radler.at<\/a><\/p>\n<p>Zust\u00e4ndige Kammer: \u00c4rztekammer Wien<\/p>\n<p>Bundesgesetz \u00fcber die Aus\u00fcbung des \u00e4rztlichen Berufes (\u00c4rzteG 1998): ersichtlich unter <a title=\"www.ris.bka.gv.at\" href=\"http:\/\/www.ris.bka.gv.at\/\" target=\"_blank\" rel=\"noopener noreferrer\">www.ris.bka.gv.at<\/a><\/p>\n<p>Jede \u00fcber die Nutzung zu Informationszwecken hinausgehende Verwertung der auf dieser Website befindlichen Informationen (Texte und Bilder) ist unzul\u00e4ssig und stellt einen Versto\u00df gegen das Urheberrecht dar. F\u00fcr weiterf\u00fchrende Links wird keine Haftung \u00fcbernommen.<\/p>\n<p>Design: <a href=\"http:\/\/visionworks.net\/\">vision|works<\/a><\/p>\n<p><strong>Datenschutz:<\/strong><br \/>\nDer Schutz Ihrer pers\u00f6nlichen Daten ist uns ein besonderes Anliegen.\u00a0Die Datenverarbeitung erfolgt auf Basis der gesetzlichen Bestimmungen des \u00a7 96 Abs 3 TKG sowie des Art 6 Abs 1 lit a (Einwilligung) und\/oder f (berechtigtes Interesse) der DSGVO. Unser Anliegen im Sinne der DSGVO (berechtigtes Interesse) ist die Verbesserung unseres Angebotes und unseres Webauftritts. Da uns die Privatsph\u00e4re unserer Nutzer wichtig ist, werden die Nutzerdaten pseudonymisiert. Diese Website benutzt Google Analytics, einen Webanalysedienst der Firma Google Inc. (\u201eGoogle\u201c). Google Analytics verwendet sog. \u201eCookies\u201c. Bei Cookies handelt es sich um kleine Textdateien, die mit Hilfe des Browsers auf Ihrem Endger\u00e4t abgelegt werden. Sie richten keinen Schaden an. Die durch Cookies erzeugten Informationen \u00fcber Ihre Benutzung dieser Website werden in der Regel an einen Server von Google in den USA \u00fcbertragen und dort gespeichert.\u00a0Durch die Aktivierung der IP-Anonymisierung auf dieser Website, wird Ihre IP-Adresse von Google jedoch innerhalb von Mitgliedstaaten der Europ\u00e4ischen Union oder in anderen Vertragsstaaten des Abkommens \u00fcber den Europ\u00e4ischen Wirtschaftsraum zuvor gek\u00fcrzt. Nur in Ausnahmef\u00e4llen wird die volle IP-Adresse an einen Server von Google in den USA \u00fcbertragen und dort gek\u00fcrzt. Im Auftrag des Betreibers dieser Website wird Google diese Informationen benutzen, um Ihre Nutzung der Website auszuwerten, um Reports \u00fcber die Websiteaktivit\u00e4ten zusammenzustellen und um weitere mit der Websitenutzung und der Internetnutzung verbundene Dienstleistungen gegen\u00fcber dem Websitebetreiber zu erbringen. Die im Rahmen von Google Analytics von Ihrem Browser \u00fcbermittelte IP-Adresse wird nicht mit anderen Daten von Google zusammengef\u00fchrt. Sie k\u00f6nnen die Speicherung der Cookies durch eine entsprechende Einstellung Ihrer Browser-Software verhindern; wir weisen Sie jedoch darauf hin, dass Sie in diesem Fall gegebenenfalls nicht s\u00e4mtliche Funktionen dieser Website vollumf\u00e4nglich werden nutzen k\u00f6nnen. Sie k\u00f6nnen dar\u00fcber hinaus die Erfassung der durch das Cookie erzeugten und auf Ihre Nutzung der Website bezogenen Daten (inkl. Ihrer IP-Adresse) an Google sowie die Verarbeitung dieser Daten durch Google verhindern, indem Sie das unter dem folgenden Link (<a href=\"http:\/\/tools.google.com\/dlpage\/gaoptout?hl=de\" target=\"_blank\" rel=\"noopener noreferrer\">http:\/\/tools.google.com\/dlpage\/gaoptout?hl=de<\/a>) verf\u00fcgbare Browser-Plugin herunterladen und installieren.<br \/>\nInnerhalb unseres Onlineangebotes wird weiterhin das sogenannte Facebook-Pixel des sozialen Netzwerkes Facebook, welches von Facebook Inc., 1 Hacker Way, Menlo Park, CA 94025, USA, bzw. falls Sie in der EU ans\u00e4ssig sind, Facebook Ireland Ltd., 4 Grand Canal Square, Grand Canal Harbour, Dublin 2, Irland betrieben wird, eingesetzt. Facebook ist unter dem Privacy-Shield-Abkommen zertifiziert und bietet hierdurch eine Garantie, das europ\u00e4ische Datenschutzrecht einzuhalten (<a href=\"https:\/\/www.privacyshield.gov\/participant?id=a2zt0000000GnywAAC\">https:\/\/www.privacyshield.gov\/participant?id=a2zt0000000GnywAAC<\/a>).<br \/>\nMit Hilfe des Facebook-Pixels ist es Facebook m\u00f6glich, die Besucher unseres Onlineangebotes als Zielgruppe f\u00fcr die Darstellung von Anzeigen zu bestimmen. Dementsprechend setzen wir das Facebook-Pixel ein, um die durch uns geschalteten Facebook-Ads nur solchen Facebook-Nutzern anzuzeigen, die auch ein Interesse an unserem Onlineangebot gezeigt haben oder die bestimmte Merkmale aufweisen, die wir an Facebook \u00fcbermitteln Mit Hilfe des Facebook-Pixels m\u00f6chten wir auch sicherstellen, dass unsere Facebook-Ads dem potentiellen Interesse der Nutzer entsprechen und nicht bel\u00e4stigend wirken. Mit Hilfe des Facebook-Pixels k\u00f6nnen wir ferner die Wirksamkeit der Facebook-Werbeanzeigen f\u00fcr statistische und Marktforschungszwecke nachvollziehen, in dem wir sehen ob Nutzer nach dem Klick auf eine Facebook-Werbeanzeige auf unsere Website weitergeleitet wurden. Die Verarbeitung der Daten durch Facebook erfolgt im Rahmen von Facebooks Datenverwendungsrichtlinie: <a href=\"https:\/\/www.facebook.com\/policy\">https:\/\/www.facebook.com\/policy<br \/>\n<\/a>Sie k\u00f6nnen der Erfassung durch den Facebook-Pixel und Verwendung Ihrer Daten zur Darstellung von Facebook-Ads widersprechen. Um einzustellen, welche Arten von Werbeanzeigen Ihnen innerhalb von Facebook angezeigt werden, k\u00f6nnen Sie die von Facebook eingerichtete Seite aufrufen und dort die Hinweise zu den Einstellungen nutzungsbasierter Werbung befolgen: <a href=\"https:\/\/www.facebook.com\/settings?tab=ads\">https:\/\/www.facebook.com\/settings?tab=ads<\/a>. Die Einstellungen erfolgen plattformunabh\u00e4ngig, d.h. sie werden f\u00fcr alle Ger\u00e4te, wie Desktopcomputer oder mobile Ger\u00e4te \u00fcbernommen.<\/p>\n","protected":false},"excerpt":{"rendered":"<p>Priv.-Doz. Dr. Christiane I. Falkner-Radler Fach\u00e4rztin f\u00fcr Augenheilkunde und Optometrie, Augenchirurgin Ober\u00e4rztin an der Klinik Landstra\u00dfe, Wiener Gesundheitsverbund Adjunct Associate Professor of Clinical Ophthalmology, Cornell University Gastprofessorin an der Medizinischen Universit\u00e4t Wien Sensengasse 3\/1, 1090 Wien Tel: 01\/406 11 21 &#8211; 155 Fax: 01\/ 406 11 21 &#8211; 500 E-Mail:\u00a0ordination@falkner-radler.at Zust\u00e4ndige Kammer: \u00c4rztekammer Wien Bundesgesetz  [&#8230;]<\/p>\n","protected":false},"author":1,"featured_media":0,"parent":10,"menu_order":5,"comment_status":"closed","ping_status":"open","template":"","meta":{"footnotes":""},"class_list":["post-12","page","type-page","status-publish","hentry"],"translation":{"provider":"WPGlobus","version":"3.0.2","language":"ru","enabled_languages":["de","en","ru"],"languages":{"de":{"title":true,"content":true,"excerpt":false},"en":{"title":true,"content":true,"excerpt":false},"ru":{"title":false,"content":false,"excerpt":false}}},"_links":{"self":[{"href":"https:\/\/augenchirurgie.org\/ru\/wp-json\/wp\/v2\/pages\/12","targetHints":{"allow":["GET"]}}],"collection":[{"href":"https:\/\/augenchirurgie.org\/ru\/wp-json\/wp\/v2\/pages"}],"about":[{"href":"https:\/\/augenchirurgie.org\/ru\/wp-json\/wp\/v2\/types\/page"}],"author":[{"embeddable":true,"href":"https:\/\/augenchirurgie.org\/ru\/wp-json\/wp\/v2\/users\/1"}],"replies":[{"embeddable":true,"href":"https:\/\/augenchirurgie.org\/ru\/wp-json\/wp\/v2\/comments?post=12"}],"version-history":[{"count":19,"href":"https:\/\/augenchirurgie.org\/ru\/wp-json\/wp\/v2\/pages\/12\/revisions"}],"predecessor-version":[{"id":13122,"href":"https:\/\/augenchirurgie.org\/ru\/wp-json\/wp\/v2\/pages\/12\/revisions\/13122"}],"up":[{"embeddable":true,"href":"https:\/\/augenchirurgie.org\/ru\/wp-json\/wp\/v2\/pages\/10"}],"wp:attachment":[{"href":"https:\/\/augenchirurgie.org\/ru\/wp-json\/wp\/v2\/media?parent=12"}],"curies":[{"name":"wp","href":"https:\/\/api.w.org\/{rel}","templated":true}]}}