{"id":11962,"date":"2015-11-01T04:40:06","date_gmt":"2015-11-01T02:40:06","guid":{"rendered":"http:\/\/augenchirurgie.org\/?page_id=11962"},"modified":"2023-04-26T15:16:02","modified_gmt":"2023-04-26T13:16:02","slug":"augentest","status":"publish","type":"page","link":"https:\/\/augenchirurgie.org\/ru\/leistungen\/augentest\/","title":{"rendered":"Online-Augentest"},"content":{"rendered":"<p>Pr\u00fcfen Sie gleich hier mit diesem einfachen Online-Augentest, ob Sie unter Umst\u00e4nden an einer Augenerkrankung leiden.<br \/>\nF\u00fcr diesen Sehtest brauchen Sie nur wenige Minuten und er kann Ihnen&nbsp;Hinweise auf eine m\u00f6gliche Erkrankung Ihrer Augen liefern.<\/p>\n<div class=\"riddle_target\" data-rid-id=\"16427\" data-fg=\"#67b7e1\" data-bg=\"#ffffff\" style=\"margin:0 auto;max-width:100%;width:640px;\" data-auto-scroll=\"true\" data-auto-scroll-offset=\"5\">\n<script src=\"https:\/\/www.riddle.com\/embed\/files\/js\/embed.js\"><\/script>\n<link href=\"https:\/\/www.riddle.com\/embed\/files\/css\/embed.css\" rel=\"stylesheet\">\n<iframe style=\"width:100%;height:300px;border:1px solid #cfcfcf;\" src=\"https:\/\/www.riddle.com\/embed\/a\/16427?\" allow=\"autoplay\" title=\"Personality Test - Testen Sie Ihre Augen!\"><\/p>\n<section>\n<h2>Testen Sie Ihre Augen!<\/h2>\n<p><div>Dieser einfach durchzuf\u00fchrende Augentest kann Sie auf m\u00f6gliche Sehprobleme hinweisen. <\/div>\n<div><\/div>\n<div>Informationen zu Ihren Augen, m\u00f6gliche Erkrankungen und Therapien erfahren Sie auf: <a href=\"https:\/\/augenchirurgie.org\/\" target=\"_blank\" rel=\"noopener noreferrer\">augenchirurgie.org<\/a><\/div>\n<\/p>\n<\/section>\n<section>\n<h2>M\u00f6gliche Glask\u00f6rper- und \/ oder Netzhauterkrankung<\/h2>\n<p><div><\/div>\n<div>M\u00f6glicherweise leiden Sie an einer Glask\u00f6rper- und\/oder Netzhauterkrankung. <\/div>\n<div>Wenn Sie Blitze, Punkte, Ru\u00dfregen oder fliegende M\u00fccken sehen: Sie k\u00f6nnten unter einer akuten hinteren Glask\u00f6rperabhebung leiden (mit oder ohne Netzhautdefekt).&nbsp;<\/div>\n<div>Wenn dies pl\u00f6tzlich aufgetreten ist, sollten Sie so rasch wie m\u00f6glich (innerhalb 1 Tag!) zum Augenarzt. &nbsp;<\/div>\n<div><\/div>\n<div>Lesen Sie mehr zu: <a href=\"https:\/\/augenchirurgie.org\/augenchirurgie\/glaskorpererkrankungen\/\" target=\"_blank\" rel=\"noopener noreferrer\">Glask\u00f6rpererkrankungen<\/a> und <a href=\"https:\/\/augenchirurgie.org\/augenchirurgie\/netzhauterkrankungen\/\" target=\"_blank\" rel=\"noopener noreferrer\">Netzhauterkrankungen<\/a>.<\/div>\n<div><\/div>\n<div><a href=\"https:\/\/augenchirurgie.org\/\" target=\"_blank\" rel=\"noopener noreferrer\">Priv.-Doz. Dr. Christiane Falkner-Radler<\/a><\/div>\n<div><a href=\"https:\/\/augenchirurgie.org\/\" target=\"_blank\" rel=\"noopener noreferrer\">Fach\u00e4rztin f\u00fcr Augenheilkunde und Optometrie, Augenchirurgin<\/a><\/div>\n<\/p>\n<\/section>\n<section>\n<h3>M\u00f6gliche Glask\u00f6rpertr\u00fcbung oder Netzhautabhebung<\/h3>\n<p><div><\/div>\n<div>M\u00f6glicherweise leiden Sie an einer Glask\u00f6rper- und\/oder Netzhauterkrankung. Wenn Sie Schlieren, Schleier oder Schatten sehen: Sie k\u00f6nnten unter einer Glask\u00f6rpertr\u00fcbung oder sogar einer Netzhautabhebung leiden. Wenn dies pl\u00f6tzlich aufgetreten ist (vor allem: wenn Sie Schatten sehen, wo keine sind), sollten Sie so rasch wie m\u00f6glich (innerhalb der n\u00e4chsten Tage) zum Augenarzt. &nbsp;<\/div>\n<div><\/div>\n<div>Lesen Sie mehr zu: <a href=\"https:\/\/augenchirurgie.org\/augenchirurgie\/glaskorpererkrankungen\/\" target=\"_blank\" rel=\"noopener noreferrer\">Glask\u00f6rpererkrankungen<\/a> und <a href=\"https:\/\/augenchirurgie.org\/augenchirurgie\/netzhauterkrankungen\/\" target=\"_blank\" rel=\"noopener noreferrer\">Netzhauterkrankungen<\/a>.<\/div>\n<div><\/div>\n<div><\/div>\n<div><a href=\"https:\/\/augenchirurgie.org\/\" target=\"_blank\" rel=\"noopener noreferrer\">Priv.-Doz. Dr. Christiane Falkner-Radler<\/a><\/div>\n<div><a href=\"https:\/\/augenchirurgie.org\/\" target=\"_blank\" rel=\"noopener noreferrer\">Fach\u00e4rztin f\u00fcr Augenheilkunde und Optometrie, Augenchirurgin<\/a><\/div>\n<\/p>\n<\/section>\n<section>\n<h3>M\u00f6gliche Makulaerkrankung<\/h3>\n<p><div><\/div>\n<div>M\u00f6glicherweise leiden Sie an einer Erkrankung der Netzhautmitte (Makulaerkrankung).&nbsp;<\/div>\n<div>Die Makula ist der Bereich der menschlichen Netzhaut mit der gr\u00f6\u00dften Dichte von Sehzellen<\/div>\n<div><\/div>\n<div>Lesen Sie mehr zu Makulaerkrankungen hier: <a href=\"https:\/\/augenchirurgie.org\/augenchirurgie\/netzhauterkrankungen\/\" target=\"_blank\" rel=\"noopener noreferrer\">Netzhaut &#038; Makula<\/a><\/div>\n<div><\/div>\n<div><\/div>\n<div><a href=\"https:\/\/augenchirurgie.org\/\" target=\"_blank\" rel=\"noopener noreferrer\">Priv.-Doz. Dr. Christiane Falkner-Radler<\/a><\/div>\n<div><a href=\"https:\/\/augenchirurgie.org\/\" target=\"_blank\" rel=\"noopener noreferrer\">Fach\u00e4rztin f\u00fcr Augenheilkunde und Optometrie, Augenchirurgin<\/a><\/div>\n<\/p>\n<\/section>\n<section>\n<h3>M\u00f6glicher Katarakt (Grauer Star)<\/h3>\n<p><div><\/div>\n<div>M\u00f6glicherweise leiden Sie an einem Katarakt (Grauer Star, Tr\u00fcbung der Augenlinse). <\/div>\n<div>Oder Sie brauchen vielleicht eine Brille.&nbsp;<\/div>\n<div><\/div>\n<div>Informieren Sie sich hier \u00fcber den <a href=\"https:\/\/augenchirurgie.org\/augenchirurgie\/grauer-star-katarakt\/\" target=\"_blank\" rel=\"noopener noreferrer\">Grauen Star (Katarakt)<\/a> und \u00fcber <a href=\"https:\/\/augenchirurgie.org\/leistungen\/vorsorgeuntersuchung\/\" target=\"_blank\" rel=\"noopener noreferrer\">Vorsorgeuntersuchungen<\/a>.<\/div>\n<div><\/div>\n<div><\/div>\n<div><a href=\"https:\/\/augenchirurgie.org\/\" target=\"_blank\" rel=\"noopener noreferrer\">Priv.-Doz. Dr. Christiane Falkner-Radler<\/a><\/div>\n<div><a href=\"https:\/\/augenchirurgie.org\/\" target=\"_blank\" rel=\"noopener noreferrer\">Fach\u00e4rztin f\u00fcr Augenheilkunde und Optometrie, Augenchirurgin<\/a><\/div>\n<\/p>\n<\/section>\n<section>\n<h3>Keine Anzeichen f\u00fcr eine Erkrankung der Augen<\/h3>\n<p><div><\/div>\n<div><b>Sehr gut. Es gibt keine offensichtlichen Zeichen f\u00fcr eine Erkrankung.<\/b><\/div>\n<div><\/div>\n<div><\/div>\n<div><b><a href=\"https:\/\/augenchirurgie.org\/\" target=\"_blank\" rel=\"noopener noreferrer\">Priv.-Doz. Dr. Christiane Falkner-Radler<\/a><\/b><\/div>\n<div><a href=\"https:\/\/augenchirurgie.org\/\" target=\"_blank\" rel=\"noopener noreferrer\">Fach\u00e4rztin f\u00fcr Augenheilkunde und Optometrie, Augenchirurgin<\/a><\/div>\n<\/p>\n<\/section>\n<section>\n<h2>Das ist das Foto einer Insel im Meer. Testen Sie zun\u00e4chst beide Augen, dann das linke und das rechte Auge getrennt.<\/h2>\n<\/section>\n<section>\n<h3>Betrachten Sie das Bild aus ca. 30 Zentimeter Entfernung. Am besten bei Tageslicht. Fixieren Sie den Punkt in der Gittermitte.<\/h3>\n<\/section>\n<section>\n<h3>Fixieren Sie mit dem linken Auge den Punkt in der Gittermitte, und decken Sie das rechte Auge mit der Hand ab \u2013 nicht zukneifen. Achten Sie darauf, ob Sie Ver\u00e4nderungen im Gitternetz bemerken.<\/h3>\n<\/section>\n<section>\n<h3>Nun fixieren Sie mit dem rechten Auge den Punkt in der Gittermitte, und decken Sie das linke Auge mit der Hand ab \u2013 nicht zukneifen. Achten Sie darauf, ob Sie Ver\u00e4nderungen im Gitternetz bemerken.<\/h3>\n<\/section>\n<p><\/iframe>\n<\/div>\n<p>Dieser Augentest kann&nbsp;Sie auf m\u00f6gliche Sehprobleme hinweisen, ersetzt aber keinesfalls einen fachgerecht durchgef\u00fchrten Sehtest.&nbsp;Nicht alle Ver\u00e4nderungen der Augen sind mit diesem Test zu erkennen.<\/p>\n<p>Lassen Sie Ihre Augen daher alle ein bis zwei Jahre vom Augenarzt pr\u00fcfen.<\/p>\n<p>Sie k\u00f6nnen <a href=\"https:\/\/augenchirurgie.org\/ordination\/\">das gerne bei mir tun<\/a>, ich nehme mir Zeit f\u00fcr Sie und beantworte geduldig all&nbsp;Ihre Fragen.<br \/>\nKontaktieren Sie mich bei Fragen oder f\u00fcr einen Termin per Telefon 01\/406 11 21 \u2013 155 oder E-Mail: <a href=\"mailto:ordination@falkner-radler.at\">ordination@falkner-radler.at<\/a><\/p>\n","protected":false},"excerpt":{"rendered":"<p>Pr\u00fcfen Sie gleich hier mit diesem einfachen Online-Augentest, ob Sie unter Umst\u00e4nden an einer Augenerkrankung leiden. F\u00fcr diesen Sehtest brauchen Sie nur wenige Minuten und er kann Ihnen&nbsp;Hinweise auf eine m\u00f6gliche Erkrankung Ihrer Augen liefern. Testen Sie Ihre Augen! Dieser einfach durchzuf\u00fchrende Augentest kann Sie auf m\u00f6gliche Sehprobleme hinweisen. Informationen zu Ihren Augen, m\u00f6gliche Erkrankungen  [&#8230;]<\/p>\n","protected":false},"author":1,"featured_media":0,"parent":240,"menu_order":5,"comment_status":"closed","ping_status":"closed","template":"","meta":{"footnotes":""},"class_list":["post-11962","page","type-page","status-publish","hentry"],"translation":{"provider":"WPGlobus","version":"3.0.2","language":"ru","enabled_languages":["de","en","ru"],"languages":{"de":{"title":true,"content":true,"excerpt":false},"en":{"title":true,"content":true,"excerpt":false},"ru":{"title":false,"content":false,"excerpt":false}}},"_links":{"self":[{"href":"https:\/\/augenchirurgie.org\/ru\/wp-json\/wp\/v2\/pages\/11962","targetHints":{"allow":["GET"]}}],"collection":[{"href":"https:\/\/augenchirurgie.org\/ru\/wp-json\/wp\/v2\/pages"}],"about":[{"href":"https:\/\/augenchirurgie.org\/ru\/wp-json\/wp\/v2\/types\/page"}],"author":[{"embeddable":true,"href":"https:\/\/augenchirurgie.org\/ru\/wp-json\/wp\/v2\/users\/1"}],"replies":[{"embeddable":true,"href":"https:\/\/augenchirurgie.org\/ru\/wp-json\/wp\/v2\/comments?post=11962"}],"version-history":[{"count":29,"href":"https:\/\/augenchirurgie.org\/ru\/wp-json\/wp\/v2\/pages\/11962\/revisions"}],"predecessor-version":[{"id":13212,"href":"https:\/\/augenchirurgie.org\/ru\/wp-json\/wp\/v2\/pages\/11962\/revisions\/13212"}],"up":[{"embeddable":true,"href":"https:\/\/augenchirurgie.org\/ru\/wp-json\/wp\/v2\/pages\/240"}],"wp:attachment":[{"href":"https:\/\/augenchirurgie.org\/ru\/wp-json\/wp\/v2\/media?parent=11962"}],"curies":[{"name":"wp","href":"https:\/\/api.w.org\/{rel}","templated":true}]}}