{"id":10,"date":"2010-08-12T08:14:09","date_gmt":"2010-08-12T08:14:09","guid":{"rendered":"http:\/\/www.falkner-radler.at\/?page_id=10"},"modified":"2025-03-13T18:41:12","modified_gmt":"2025-03-13T17:41:12","slug":"ordination","status":"publish","type":"page","link":"https:\/\/augenchirurgie.org\/ru\/ordination\/","title":{"rendered":"\u043a\u043b\u0438\u043d\u0438\u043a\u0438"},"content":{"rendered":"<p><strong>\u041a\u0440\u0438\u0441\u0442\u0438\u0430\u043d\u0430 \u0424\u0430\u043b\u044c\u043a\u043d\u0435\u0440-\u0420\u0430\u0434\u043b\u0435\u0440, \u043f\u0440\u0438\u0432\u0430\u0442-\u0434\u043e\u0446\u0435\u043d\u0442 <\/strong><br \/>\n\u0410\u0434\u044a\u044e\u043d\u043a\u0442-\u043f\u0440\u043e\u0444\u0435\u0441\u0441\u043e\u0440 \u043e\u0444\u0442\u0430\u043b\u044c\u043c\u043e\u043b\u043e\u0433\u0438\u0438<br \/>\n\u0421\u043f\u0435\u0446\u0438\u0430\u043b\u0438\u0441\u0442 \u0432 \u043e\u0431\u043b\u0430\u0441\u0442\u0438 \u043e\u0444\u0442\u0430\u043b\u044c\u043c\u043e\u043b\u043e\u0433\u0438\u0438 \u0438 \u043e\u043f\u0442\u043e\u043c\u0435\u0442\u0440\u0438\u0438, \u0433\u043b\u0430\u0437\u043d\u043e\u0439 \u0445\u0438\u0440\u0443\u0440\u0433<br \/>\n\u0421\u0442\u0430\u0440\u0448\u0438\u0439 \u0432\u0440\u0430\u0447 \u043a\u043b\u0438\u043d\u0438\u043a\u0438 \u0424\u043e\u043d\u0434\u0430 \u0420\u0443\u0434\u043e\u043b\u044c\u0444\u0430<\/p>\n<hr \/>\n<p><a href=\"https:\/\/augenchirurgie.org\/wp-content\/uploads\/2010\/08\/medvienna2.jpg\" target=\"_blank\" rel=\"noopener noreferrer\"><img decoding=\"async\" class=\"lazyload alignnone wp-image-11936 size-full\" title=\"MedVienna\" src=\"https:\/\/augenchirurgie.org\/wp-content\/uploads\/2010\/08\/medvienna2.jpg\" data-orig-src=\"https:\/\/augenchirurgie.org\/wp-content\/uploads\/2010\/08\/medvienna2.jpg\" alt=\"Ordination Augenarzt Wien Dr. Falkner Radler\" width=\"900\" height=\"280\" srcset=\"data:image\/svg+xml,%3Csvg%20xmlns%3D%27http%3A%2F%2Fwww.w3.org%2F2000%2Fsvg%27%20width%3D%27900%27%20height%3D%27280%27%20viewBox%3D%270%200%20900%20280%27%3E%3Crect%20width%3D%27900%27%20height%3D%27280%27%20fill-opacity%3D%220%22%2F%3E%3C%2Fsvg%3E\" data-srcset=\"https:\/\/augenchirurgie.org\/wp-content\/uploads\/2010\/08\/medvienna2-300x93.jpg 300w, https:\/\/augenchirurgie.org\/wp-content\/uploads\/2010\/08\/medvienna2.jpg 900w\" data-sizes=\"auto\" data-orig-sizes=\"(max-width: 900px) 100vw, 900px\" \/><\/a><\/p>\n<h2>\u041a\u043b\u0438\u043d\u0438\u043a\u0430 \u0412\u0435\u043d\u0430 9<br \/>\n\u041c\u0435\u0434\u0438\u0446\u0438\u043d\u0441\u043a\u0438\u0439 \u0446\u0435\u043d\u0442\u0440 MEDVIENNA, 1090 \u0412\u0435\u043d\u0430, \u0443\u043b. Sensengasse 3<br \/>\n\u041f\u043e \u0432\u0442\u043e\u0440\u043d\u0438\u043a\u0430\u043c \u0441 13:00 \u0434\u043e 19:00<br \/>\n\u041f\u043e \u0441\u0443\u0431\u0431\u043e\u0442\u0430\u043c \u0432 \u043f\u0435\u0440\u0432\u043e\u0439 \u043f\u043e\u043b\u043e\u0432\u0438\u043d\u0435 \u0434\u043d\u044f (\u043f\u043e \u043f\u0440\u0435\u0434\u0432\u0430\u0440\u0438\u0442\u0435\u043b\u044c\u043d\u043e\u0439 \u0437\u0430\u043f\u0438\u0441\u0438 \u043f\u043e \u044d\u043b\u0435\u043a\u0442\u0440\u043e\u043d\u043d\u043e\u0439 \u043f\u043e\u0447\u0442\u0435)<\/h2>\n<p>\u0422\u0435\u043b\u0435\u0444\u043e\u043d \u0434\u043b\u044f \u0437\u0430\u043f\u0438\u0441\u0438 \u0438 \u0441\u043f\u0440\u0430\u0432\u043e\u043a: <a href=\"tel:004314061121155\">+431\/406 11 21 \u2013 155<\/a><br \/>\n\u041f\u043e\u043d\u0435\u0434\u0435\u043b\u044c\u043d\u0438\u043a \u2013 \u043f\u044f\u0442\u043d\u0438\u0446\u0430, 09:00 \u2013 18:00<\/p>\n<p>\u0412\u044b \u043c\u043e\u0436\u0435\u0442\u0435 \u0442\u0430\u043a\u0436\u0435 <a href=\"http:\/\/www.medvienna.at\/arzt\/priv-doz-dr-christiane-isolde-falkner-radler\">\u0437\u0430\u043a\u0430\u0437\u0430\u0442\u044c \u043e\u0431\u0440\u0430\u0442\u043d\u044b\u0439 \u0437\u0432\u043e\u043d\u043e\u043a<\/a> \u0438\u043b\u0438 \u043e\u0442\u043f\u0440\u0430\u0432\u0438\u0442\u044c \u043d\u0430\u043c \u043f\u0438\u0441\u044c\u043c\u043e \u043f\u043e \u044d\u043b\u0435\u043a\u0442\u0440\u043e\u043d\u043d\u043e\u0439 \u043f\u043e\u0447\u0442\u0435: <a href=\"mailto:ordination@falkner-radler.at\">ordination@falkner-radler.at<\/a><\/p>\n<p>\u041a\u043b\u0438\u043d\u0438\u043a\u0430 \u0440\u0430\u0441\u043f\u043e\u043b\u043e\u0436\u0435\u043d\u0430 \u0432 \u043c\u0435\u0434\u0438\u0446\u0438\u043d\u0441\u043a\u043e\u043c \u0446\u0435\u043d\u0442\u0440\u0435\u00a0<strong><a href=\"http:\/\/www.medvienna.at\/arzt\/priv-doz-dr-christiane-isolde-falkner-radler\" target=\"_blank\" rel=\"noopener noreferrer\">MEDVIENNA<\/a><\/strong>.<br \/>\n\u0420\u0435\u0433\u0438\u0441\u0442\u0440\u0430\u0442\u0443\u0440\u0430 \u043d\u0430\u0445\u043e\u0434\u0438\u0442\u0441\u044f \u043d\u0430 \u043f\u0435\u0440\u0432\u043e\u043c \u044d\u0442\u0430\u0436\u0435, \u0441\u0430\u043c\u0430 \u043a\u043b\u0438\u043d\u0438\u043a\u0430 \u2013 \u043d\u0430 \u0432\u0442\u043e\u0440\u043e\u043c \u044d\u0442\u0430\u0436\u0435. \u041a\u043b\u0438\u043d\u0438\u043a\u0430 \u0440\u0430\u0441\u043f\u043e\u043b\u043e\u0436\u0435\u043d\u0430 \u0432 \u0446\u0435\u043d\u0442\u0440\u0435 \u0433\u043e\u0440\u043e\u0434\u0430, \u043f\u0440\u044f\u043c\u043e \u043f\u043e \u0441\u043e\u0441\u0435\u0434\u0441\u0442\u0432\u0443 \u043d\u0430\u0445\u043e\u0434\u0438\u0442\u0441\u044f \u043f\u043b\u0430\u0442\u043d\u044b\u0439 \u0433\u0430\u0440\u0430\u0436-\u043f\u0430\u0440\u043a\u043e\u0432\u043a\u0430, \u043f\u043e\u044d\u0442\u043e\u043c\u0443 \u0441\u044e\u0434\u0430 \u043b\u0435\u0433\u043a\u043e \u0434\u043e\u0431\u0440\u0430\u0442\u044c\u0441\u044f \u0438 \u043d\u0430 \u043c\u0430\u0448\u0438\u043d\u0435, \u0438 \u043e\u0431\u0449\u0435\u0441\u0442\u0432\u0435\u043d\u043d\u044b\u043c \u0442\u0440\u0430\u043d\u0441\u043f\u043e\u0440\u0442\u043e\u043c.<\/p>\n<p><a href=\"https:\/\/www.google.at\/maps\/place\/Priv.-Doz.+Dr.+Christiane+Falkner-Radler+\/+Augenchirurgie\/@48.21976,16.353449,17z\/data=!3m1!4b1!4m2!3m1!1s0x0:0xc5a9b8af01653e37\">\u0417\u0434\u0435\u0441\u044c \u0432\u044b \u043c\u043e\u0436\u0435\u0442\u0435 \u043d\u0430\u0439\u0442\u0438 \u043a\u043b\u0438\u043d\u0438\u043a\u0443 \u043d\u0430 \u043a\u0430\u0440\u0442\u0435 Google \u0438 \u043e\u043f\u0440\u0435\u0434\u0435\u043b\u0438\u0442\u044c \u043d\u0430\u0438\u0431\u043e\u043b\u0435\u0435 \u0443\u0434\u043e\u0431\u043d\u044b\u0439 \u043c\u0430\u0440\u0448\u0440\u0443\u0442 \u043a \u043d\u0435\u0439<\/a>.<br \/>\n\t\t\t\t\t<script type=\"text\/javascript\">\n\t\t\t\t\t\tvar map_fusion_map_69fa07f345cb5;\n\t\t\t\t\t\tvar markers = [];\n\t\t\t\t\t\tvar counter = 0;\n\t\t\t\t\t\t\t\t\t\t\t\t\t\t\t\t\t\t\t\tvar fusionMapNonce = '5c9a06a06c';\n\t\t\t\t\t\t\t\t\t\t\t\tfunction fusion_run_map_fusion_map_69fa07f345cb5() {\n\t\t\t\t\t\t\tjQuery('#fusion_map_69fa07f345cb5').fusion_maps({\n\t\t\t\t\t\t\t\taddresses: [{\"address\":\"Sensengasse 3, 1090 Wien\",\"infobox_content\":\"Dr. Falkner-Radler, (01) 406 11 21-155, 1090, Sensengasse 3\",\"coordinates\":false,\"cache\":true,\"latitude\":\"48.2197597\",\"longitude\":\"16.353448699999944\"}],\n\t\t\t\t\t\t\t\tanimations: true,\n\t\t\t\t\t\t\t\tinfobox_background_color: '#6b97bf',\n\t\t\t\t\t\t\t\tinfobox_styling: 'default',\n\t\t\t\t\t\t\t\tinfobox_text_color: '',\n\t\t\t\t\t\t\t\tmap_style: 'custom',\n\t\t\t\t\t\t\t\tmap_type: 'roadmap',\n\t\t\t\t\t\t\t\tmarker_icon: '',\n\t\t\t\t\t\t\t\toverlay_color: '#67b7e1',\n\t\t\t\t\t\t\t\toverlay_color_hsl: {\"hue\":201,\"sat\":67,\"lum\":64},\n\t\t\t\t\t\t\t\tshow_address: true,\n\t\t\t\t\t\t\t\tscale_control: true,\n\t\t\t\t\t\t\t\tscrollwheel: true,\n\t\t\t\t\t\t\t\tzoom: 16,\n\t\t\t\t\t\t\t\tzoom_control: true,\n\t\t\t\t\t\t\t});\n\t\t\t\t\t\t}\n\n\t\t\t\t\t\tgoogle.maps.event.addDomListener(window, 'load', fusion_run_map_fusion_map_69fa07f345cb5);\n\t\t\t\t\t<\/script>\n\t\t\t\t\t<div class=\"shortcode-map fusion-google-map fusion-maps-js-type\" style=\"--awb-height:400px;\" id=\"fusion_map_69fa07f345cb5\"><\/div><div class=\"fusion-text fusion-text-1\"><\/p>\n<hr \/>\n<hr \/>\n<h2>\u041a\u043b\u0438\u043d\u0438\u043a\u0430 \u0412\u0435\u043d\u0430 19<br \/>\nPRIVATKLINIK D\u00d6BLING, 1190 \u0412\u0435\u043d\u0430, \u0443\u043b. Heiligenst\u00e4dter Stra\u00dfe 46-48<br \/>\n\u041f\u043e \u043f\u044f\u0442\u043d\u0438\u0446\u0430\u043c \u0441 16:30 \u0434\u043e 18:30<br \/>\n\u0414\u043e\u0431\u0430\u0432\u0438\u0442\u044c. \u041a\u0430\u0436\u0434\u044b\u0439 1-\u0439 \u043f\u043e\u043d\u0435\u0434\u0435\u043b\u044c\u043d\u0438\u043a \u043c\u0435\u0441\u044f\u0446\u0430 \u0441 9:00 \u0434\u043e 12:00<br \/>\n\u0414\u043e\u0431\u0430\u0432\u0438\u0442\u044c. \u041a\u0430\u0436\u0434\u044b\u0439 4-\u0439 \u043f\u043e\u043d\u0435\u0434\u0435\u043b\u044c\u043d\u0438\u043a \u043c\u0435\u0441\u044f\u0446\u0430\u00a0\u0441 8:30 \u0434\u043e 11:30<\/h2>\n<p>\u0422\u0435\u043b\u0435\u0444\u043e\u043d \u0434\u043b\u044f \u0437\u0430\u043f\u0438\u0441\u0438 \u0438 \u0441\u043f\u0440\u0430\u0432\u043e\u043a: <a href=\"tel:00431360668000\">+431\/360 66 8000<\/a><br \/>\n\u041f\u043e\u043d\u0435\u0434\u0435\u043b\u044c\u043d\u0438\u043a \u2013 \u043f\u044f\u0442\u043d\u0438\u0446\u0430, 08:00 \u2013 17:00<\/p>\n<p>\u0412\u044b \u043c\u043e\u0436\u0435\u0442\u0435 \u0442\u0430\u043a\u0436\u0435 \u043e\u0442\u043f\u0440\u0430\u0432\u0438\u0442\u044c \u043d\u0430\u043c \u043f\u0438\u0441\u044c\u043c\u043e \u043f\u043e \u044d\u043b\u0435\u043a\u0442\u0440\u043e\u043d\u043d\u043e\u0439 \u043f\u043e\u0447\u0442\u0435: <a href=\"mailto:ordination@falkner-radler.at\">ordination@falkner-radler.at<\/a><\/p>\n<p class=\"p2\">\u041a\u0430\u043a \u0432\u0440\u0430\u0447 \u0441\u0442\u0430\u0446\u0438\u043e\u043d\u0430\u0440\u0430 \u043a\u043b\u0438\u043d\u0438\u043a\u0438 Privatkilink D\u00f6bling, \u044f \u043c\u043e\u0433\u0443 \u0432\u044b\u043f\u043e\u043b\u043d\u0438\u0442\u044c \u0442\u0440\u0435\u0431\u0443\u0435\u043c\u044b\u0435 \u0440\u0430\u0441\u0447\u0435\u0442\u044b \u0434\u043b\u044f \u0443\u0441\u0442\u0430\u043d\u043e\u0432\u043a\u0438 \u0438\u043d\u0442\u0440\u0430\u043e\u043a\u0443\u043b\u044f\u0440\u043d\u043e\u0439 \u043b\u0438\u043d\u0437\u044b (\u0431\u0438\u043e\u043c\u0435\u0442\u0440\u0438\u044e) \u0432 \u0441\u043b\u0443\u0447\u0430\u0435 \u043d\u0435\u043e\u0431\u0445\u043e\u0434\u0438\u043c\u043e\u0441\u0442\u0438 \u043e\u043f\u0435\u0440\u0430\u0446\u0438\u0438 \u043f\u043e \u043f\u043e\u0432\u043e\u0434\u0443 \u043a\u0430\u0442\u0430\u0440\u0430\u043a\u0442\u044b. \u041a\u0440\u043e\u043c\u0435 \u0442\u043e\u0433\u043e, \u044f \u043c\u043e\u0433\u0443 \u043f\u0440\u044f\u043c\u043e \u043d\u0430 \u043c\u0435\u0441\u0442\u0435 \u043f\u0440\u043e\u0432\u0435\u0441\u0442\u0438 \u043f\u043e\u043a\u0430\u0437\u0430\u043d\u043d\u0443\u044e \u043f\u0430\u0446\u0438\u0435\u043d\u0442\u0443 \u043b\u0430\u0437\u0435\u0440\u043d\u0443\u044e \u0442\u0435\u0440\u0430\u043f\u0438\u044e \u0441\u0435\u0442\u0447\u0430\u0442\u043a\u0438 \u2013 \u043f\u043e \u043f\u043e\u0432\u043e\u0434\u0443 \u0434\u0435\u0444\u0435\u043a\u0442\u043e\u0432 \u0441\u0435\u0442\u0447\u0430\u0442\u043a\u0438 \u0438\u043b\u0438 \u0441\u043e\u0441\u0443\u0434\u0438\u0441\u0442\u044b\u0445 \u0438\u0437\u043c\u0435\u043d\u0435\u043d\u0438\u0439 \u0441\u0435\u0442\u0447\u0430\u0442\u043a\u0438, \u0438\u043b\u0438 \u043f\u043e \u043f\u043e\u0432\u043e\u0434\u0443 \u043a\u0430\u043f\u0441\u0443\u043b\u044f\u0440\u043d\u043e\u0433\u043e \u0444\u0438\u0431\u0440\u043e\u0437\u0430 \u043f\u043e\u0441\u043b\u0435 \u0443\u0434\u0430\u043b\u0435\u043d\u0438\u044f \u043a\u0430\u0442\u0430\u0440\u0430\u043a\u0442\u044b<\/p>\n<p class=\"p2\"><a href=\"https:\/\/www.google.at\/maps\/place\/Privatklinik+D%C3%B6bling\/@48.2394216,16.3569513,17z\/data=!3m1!4b1!4m5!3m4!1s0x476d06312289887d:0x522607752e341cc4!8m2!3d48.239418!4d16.35914\">\u0417\u0434\u0435\u0441\u044c \u0432\u044b \u043c\u043e\u0436\u0435\u0442\u0435 \u043d\u0430\u0439\u0442\u0438 \u043a\u043b\u0438\u043d\u0438\u043a\u0443 \u043d\u0430 \u043a\u0430\u0440\u0442\u0435 Google \u0438 \u043e\u043f\u0440\u0435\u0434\u0435\u043b\u0438\u0442\u044c \u043d\u0430\u0438\u0431\u043e\u043b\u0435\u0435 \u0443\u0434\u043e\u0431\u043d\u044b\u0439 \u043c\u0430\u0440\u0448\u0440\u0443\u0442 \u043a \u043d\u0435\u0439.<\/a><\/p>\n<p>\n<\/div><div class=\"fusion-layout-column fusion_builder_column fusion-builder-column-0 fusion_builder_column_1_1 1_1 fusion-one-full fusion-column-first fusion-column-last fusion-column-no-min-height\" style=\"--awb-bg-size:cover;--awb-margin-bottom:0px;width:100%;\"><div class=\"fusion-column-wrapper fusion-flex-column-wrapper-legacy\">\t\t\t\t\t<script type=\"text\/javascript\">\n\t\t\t\t\t\tvar map_fusion_map_69fa07f346181;\n\t\t\t\t\t\tvar markers = [];\n\t\t\t\t\t\tvar counter = 0;\n\t\t\t\t\t\t\t\t\t\t\t\tfunction fusion_run_map_fusion_map_69fa07f346181() {\n\t\t\t\t\t\t\tjQuery('#fusion_map_69fa07f346181').fusion_maps({\n\t\t\t\t\t\t\t\taddresses: [{\"address\":\"Heiligenst\\u00e4dter Stra\\u00dfe 55-63, 1190 Wien\",\"infobox_content\":\"Dr. Falkner-Radler, Ordinationszentrum D\\u00f6bling, (01) 360 66 8000, 1190, Heiligenst\\u00e4dter Stra\\u00dfe 46-48\",\"coordinates\":false,\"cache\":true,\"latitude\":\"48.2388336\",\"longitude\":\"16.358542100000022\"}],\n\t\t\t\t\t\t\t\tanimations: true,\n\t\t\t\t\t\t\t\tinfobox_background_color: '#6b97bf',\n\t\t\t\t\t\t\t\tinfobox_styling: 'default',\n\t\t\t\t\t\t\t\tinfobox_text_color: '',\n\t\t\t\t\t\t\t\tmap_style: 'custom',\n\t\t\t\t\t\t\t\tmap_type: 'roadmap',\n\t\t\t\t\t\t\t\tmarker_icon: '',\n\t\t\t\t\t\t\t\toverlay_color: '#67b7e1',\n\t\t\t\t\t\t\t\toverlay_color_hsl: {\"hue\":201,\"sat\":67,\"lum\":64},\n\t\t\t\t\t\t\t\tshow_address: true,\n\t\t\t\t\t\t\t\tscale_control: true,\n\t\t\t\t\t\t\t\tscrollwheel: true,\n\t\t\t\t\t\t\t\tzoom: 16,\n\t\t\t\t\t\t\t\tzoom_control: true,\n\t\t\t\t\t\t\t});\n\t\t\t\t\t\t}\n\n\t\t\t\t\t\tgoogle.maps.event.addDomListener(window, 'load', fusion_run_map_fusion_map_69fa07f346181);\n\t\t\t\t\t<\/script>\n\t\t\t\t\t<div class=\"shortcode-map fusion-google-map fusion-maps-js-type\" style=\"--awb-height:400px;\" id=\"fusion_map_69fa07f346181\"><\/div><div class=\"fusion-text fusion-text-2\"><hr \/>\n<hr \/>\n<h2>\u043a\u043e\u043d\u0441\u0443\u043b\u044c\u0442\u0430\u0446\u0438\u044f \u0412\u0435\u043d\u0430 19<br \/>\nRUDOLFINERHAUS, 1190 \u0412\u0435\u043d\u0430, \u0443\u043b. Billrothstra\u00dfe 78<br \/>\n\u041f\u043e \u043f\u044f\u0442\u043d\u0438\u0446\u0430\u043c \u0441 14:30 \u0434\u043e 15:30<\/h2>\n<p>\u0422\u0435\u043b\u0435\u0444\u043e\u043d \u0434\u043b\u044f \u0437\u0430\u043f\u0438\u0441\u0438 \u0438 \u0441\u043f\u0440\u0430\u0432\u043e\u043a: <a href=\"tel:00431360365900\">+431\/360 36 5900<\/a><br \/>\n\u041f\u043e\u043d\u0435\u0434\u0435\u043b\u044c\u043d\u0438\u043a \u2013 \u043f\u044f\u0442\u043d\u0438\u0446\u0430, 08:00 \u2013 17:00<\/p>\n<p>\u0412\u044b \u043c\u043e\u0436\u0435\u0442\u0435 \u0442\u0430\u043a\u0436\u0435 \u043e\u0442\u043f\u0440\u0430\u0432\u0438\u0442\u044c \u043d\u0430\u043c \u043f\u0438\u0441\u044c\u043c\u043e \u043f\u043e \u044d\u043b\u0435\u043a\u0442\u0440\u043e\u043d\u043d\u043e\u0439 \u043f\u043e\u0447\u0442\u0435: <a href=\"mailto:ordination@falkner-radler.at\">ordination@falkner-radler.at<\/a><br \/>\n<a href=\"https:\/\/www.google.at\/maps\/place\/Rudolfinerhaus+Privatklinik+GmbH\/@48.2433685,16.3450545,17z\/data=!3m1!4b1!4m5!3m4!1s0x476d0628941ca599:0x5aa8bae416698f41!8m2!3d48.2433649!4d16.3472432\">\u0417\u0434\u0435\u0441\u044c \u0432\u044b \u043c\u043e\u0436\u0435\u0442\u0435 \u043d\u0430\u0439\u0442\u0438 \u043a\u043b\u0438\u043d\u0438\u043a\u0443 \u043d\u0430 \u043a\u0430\u0440\u0442\u0435 Google \u0438 \u043e\u043f\u0440\u0435\u0434\u0435\u043b\u0438\u0442\u044c \u043d\u0430\u0438\u0431\u043e\u043b\u0435\u0435 \u0443\u0434\u043e\u0431\u043d\u044b\u0439 \u043c\u0430\u0440\u0448\u0440\u0443\u0442 \u043a \u043d\u0435\u0439.<\/a><\/p>\n<\/div><div class=\"fusion-clearfix\"><\/div><\/div><\/div><div class=\"fusion-layout-column fusion_builder_column fusion-builder-column-1 fusion_builder_column_1_1 1_1 fusion-one-full fusion-column-first fusion-column-last fusion-column-no-min-height\" style=\"--awb-bg-size:cover;--awb-margin-bottom:0px;width:100%;\"><div class=\"fusion-column-wrapper fusion-flex-column-wrapper-legacy\"><div class=\"fusion-clearfix\"><\/div><\/div><\/div>\t\t\t\t\t<script type=\"text\/javascript\">\n\t\t\t\t\t\tvar map_fusion_map_69fa07f346423;\n\t\t\t\t\t\tvar markers = [];\n\t\t\t\t\t\tvar counter = 0;\n\t\t\t\t\t\t\t\t\t\t\t\tfunction fusion_run_map_fusion_map_69fa07f346423() {\n\t\t\t\t\t\t\tjQuery('#fusion_map_69fa07f346423').fusion_maps({\n\t\t\t\t\t\t\t\taddresses: [{\"address\":\"Billrothstra\\u00dfe 78, 1190 Wien\",\"infobox_content\":\"Dr. Falkner-Radler, Rudolfinerhaus, (01) 360 36 5900, 1190, Billrothstra\\u00dfe 78\",\"coordinates\":false,\"cache\":true,\"latitude\":\"48.2433849\",\"longitude\":\"16.347500500000024\"}],\n\t\t\t\t\t\t\t\tanimations: true,\n\t\t\t\t\t\t\t\tinfobox_background_color: '#6b97bf',\n\t\t\t\t\t\t\t\tinfobox_styling: 'default',\n\t\t\t\t\t\t\t\tinfobox_text_color: '',\n\t\t\t\t\t\t\t\tmap_style: 'custom',\n\t\t\t\t\t\t\t\tmap_type: 'roadmap',\n\t\t\t\t\t\t\t\tmarker_icon: '',\n\t\t\t\t\t\t\t\toverlay_color: '#67b7e1',\n\t\t\t\t\t\t\t\toverlay_color_hsl: {\"hue\":201,\"sat\":67,\"lum\":64},\n\t\t\t\t\t\t\t\tshow_address: true,\n\t\t\t\t\t\t\t\tscale_control: true,\n\t\t\t\t\t\t\t\tscrollwheel: true,\n\t\t\t\t\t\t\t\tzoom: 16,\n\t\t\t\t\t\t\t\tzoom_control: true,\n\t\t\t\t\t\t\t});\n\t\t\t\t\t\t}\n\n\t\t\t\t\t\tgoogle.maps.event.addDomListener(window, 'load', fusion_run_map_fusion_map_69fa07f346423);\n\t\t\t\t\t<\/script>\n\t\t\t\t\t<div class=\"shortcode-map fusion-google-map fusion-maps-js-type\" style=\"--awb-height:400px;\" id=\"fusion_map_69fa07f346423\"><\/div><div class=\"fusion-text fusion-text-3\"><\/div><\/p>\n","protected":false},"excerpt":{"rendered":"<p>Priv.-Doz. Dr. Christiane Falkner-Radler, Augenchirurgie Fach\u00e4rztin f\u00fcr Augenheilkunde und Optometrie, Augenarzt Gastprofessorin an der Medizinischen Universit\u00e4t Wien Ober\u00e4rztin an der Klinik Landstra\u00dfe F\u00fcr meine Ordinationen in Wien 9. (Sensengasse 3) und Wien 19. (Heiligenst\u00e4dter Stra\u00dfe 46-48) k\u00f6nnen Sie gleich hier online einen Termin buchen: Ordination Wien 9. MEDVIENNA, 1090 Wien, Sensengasse 3 Dienstag 13.00\u201319.00 Uhr  [&#8230;]<\/p>\n","protected":false},"author":1,"featured_media":0,"parent":0,"menu_order":4,"comment_status":"closed","ping_status":"closed","template":"","meta":{"footnotes":""},"class_list":["post-10","page","type-page","status-publish","hentry"],"translation":{"provider":"WPGlobus","version":"3.0.2","language":"ru","enabled_languages":["de","en","ru"],"languages":{"de":{"title":true,"content":true,"excerpt":false},"en":{"title":true,"content":true,"excerpt":false},"ru":{"title":true,"content":true,"excerpt":false}}},"_links":{"self":[{"href":"https:\/\/augenchirurgie.org\/ru\/wp-json\/wp\/v2\/pages\/10","targetHints":{"allow":["GET"]}}],"collection":[{"href":"https:\/\/augenchirurgie.org\/ru\/wp-json\/wp\/v2\/pages"}],"about":[{"href":"https:\/\/augenchirurgie.org\/ru\/wp-json\/wp\/v2\/types\/page"}],"author":[{"embeddable":true,"href":"https:\/\/augenchirurgie.org\/ru\/wp-json\/wp\/v2\/users\/1"}],"replies":[{"embeddable":true,"href":"https:\/\/augenchirurgie.org\/ru\/wp-json\/wp\/v2\/comments?post=10"}],"version-history":[{"count":235,"href":"https:\/\/augenchirurgie.org\/ru\/wp-json\/wp\/v2\/pages\/10\/revisions"}],"predecessor-version":[{"id":13610,"href":"https:\/\/augenchirurgie.org\/ru\/wp-json\/wp\/v2\/pages\/10\/revisions\/13610"}],"wp:attachment":[{"href":"https:\/\/augenchirurgie.org\/ru\/wp-json\/wp\/v2\/media?parent=10"}],"curies":[{"name":"wp","href":"https:\/\/api.w.org\/{rel}","templated":true}]}}