{"id":13010,"date":"2020-09-24T18:14:55","date_gmt":"2020-09-24T16:14:55","guid":{"rendered":"https:\/\/augenchirurgie.org\/?page_id=13010"},"modified":"2024-04-10T18:05:51","modified_gmt":"2024-04-10T16:05:51","slug":"katarakt-grauer-star-operation","status":"publish","type":"page","link":"https:\/\/augenchirurgie.org\/en\/katarakt-grauer-star-operation\/","title":{"rendered":"Grauer Star &#8211; Katarakt \/ Operation"},"content":{"rendered":"<h2>Grauer Star (Katarakt) &#8211; Operation<\/h2>\n<p>Erfahren Sie hier das Wichtigste zu: Grauer Star (Katarakt), Symptome und die Katarakt-OP:<\/p>\n<p>Sie haben eine verschwommene Sicht? Sie sehen alles wie durch einen Nebel und sehen wenig Kontraste? Nimmt Ihre Sehkraft ab oder sind Sie nachts beim Autofahren geblendet?<\/p>\n<p>Erfahren Sie hier, welche Symptome Anzeichen f\u00fcr den Grauen Star (Katarakt) sein k\u00f6nnten.<\/p>\n<p>Der Graue Star l\u00e4sst sich durch eine Augenoperation einfach behandeln. Diese Augen-Op kann auch im D\u00e4mmerschlaf erfolgen. Ich f\u00fchre jedes Jahr 600 Katarakt-Operationen in Wien erfolgreich durch.<\/p>\n<h2 data-fontsize=\"19\" data-lineheight=\"19\">Der graue Star (Katarakt)<\/h2>\n<p>Der graue Star (Katarakt) kommt meist mit dem Alter und ist eine langsam zunehmende Tr\u00fcbung der Linse im Auge. Diese Linsentr\u00fcbung unterbricht den Weg des Lichtes und f\u00fchrt daher zu Sehst\u00f6rungen. Der Name \u201egrauer Star\u201d bezieht sich auf die graue F\u00e4rbung hinter der Pupille, die mit fortgeschrittener Erkrankung zu sehen ist.<\/p>\n<p><img decoding=\"async\" class=\"lazyload alignnone size-full wp-image-647\" src=\"https:\/\/augenchirurgie.org\/wp-content\/uploads\/2014\/07\/katarakt.jpg\" data-orig-src=\"https:\/\/augenchirurgie.org\/wp-content\/uploads\/2014\/07\/katarakt.jpg\" alt=\"Katarakt (Grauer Star)\" width=\"570\" height=\"250\" srcset=\"data:image\/svg+xml,%3Csvg%20xmlns%3D%27http%3A%2F%2Fwww.w3.org%2F2000%2Fsvg%27%20width%3D%27570%27%20height%3D%27250%27%20viewBox%3D%270%200%20570%20250%27%3E%3Crect%20width%3D%27570%27%20height%3D%27250%27%20fill-opacity%3D%220%22%2F%3E%3C%2Fsvg%3E\" data-srcset=\"https:\/\/augenchirurgie.org\/wp-content\/uploads\/2014\/07\/katarakt-300x132.jpg 300w, https:\/\/augenchirurgie.org\/wp-content\/uploads\/2014\/07\/katarakt.jpg 570w\" data-sizes=\"auto\" data-orig-sizes=\"(max-width: 570px) 100vw, 570px\" \/><\/p>\n<p>&nbsp;<\/p>\n<h3 data-fontsize=\"19\" data-lineheight=\"19\">Wie bemerken Sie den grauen Star, was sind Katarakt-Symptome?<\/h3>\n<p>\u2022 Verschwommenes Sehen, vermehrte Blendung (vor allem nachts beim Autofahren) der Augen.<\/p>\n<p>\u2022 Kontraste sind reduziert, Sie sehen \u201ewie durch einen Nebel\u201c.<\/p>\n<p>\u2022 Ihre Sehkraft nimmt ab.<\/p>\n<p>\u2022 Augentropfen helfen nicht, Sie sehen dennoch verschwommen.<\/p>\n<p>Sollten Sie solche oder \u00e4hnliche Augen-Beschwerden haben, k\u00f6nnen Sie als ersten Schritt <a href=\"https:\/\/augenchirurgie.org\/leistungen\/augentest\/\">gleich hier einen kostenlosen online Augentest machen: Grauer Star Test<\/a>.<\/p>\n<p>Danach ist eine sorgf\u00e4ltige <a href=\"https:\/\/augenchirurgie.org\/leistungen\/augenuntersuchung\/\">Augenuntersuchung<\/a> unbedingt erforderlich, um die genaue Ursache oder andere Augenkrankheiten abzukl\u00e4ren.<\/p>\n<h4 data-fontsize=\"19\" data-lineheight=\"19\">Die Untersuchung des Grauen Stars<\/h4>\n<p>F\u00fcr die Abkl\u00e4rung und Diagnose des grauen Stars ist ein Sehtest mit einer v\u00f6llig schmerzfreien Erweiterung der Pupille notwendig.<br \/>\nLassen Sie bitte Ihr Auto daher zu Hause. Kommen Sie \u00f6ffentlich oder nehmen Sie einen \u201eFahrer\u201d mit. Die pupillenerweiternden Tropfen beeintr\u00e4chtigen Ihre Fahrt\u00fcchtigkeit f\u00fcr ca. 4 Stunden.<\/p>\n<p>Je nach dem Ergebnis der durchgef\u00fchrten Augenuntersuchung k\u00f6nnte eine Grauer-Star-Operation erforderlich sein oder nicht.<\/p>\n<p>In einem ausf\u00fchrlichen Gespr\u00e4ch berate ich Sie gerne \u00fcber die Notwendigkeit der <a href=\"https:\/\/augenchirurgie.org\/augenchirurgie\/grauer-star-katarakt\/\">Katarakt-Operation<\/a> und m\u00f6gliche Nebenwirkungen. Dabei ist es mir wichtig, auf all Ihre Fragen einzugehen und Ihnen genau zu erkl\u00e4ren, wie die Operation des Grauen Stars abl\u00e4uft.<\/p>\n<h4 data-fontsize=\"19\" data-lineheight=\"19\">Die Katarakt-Operation<\/h4>\n<p>Ich f\u00fchre die Kataraktoperation mit den aktuellsten Techniken und neuestem Linsenmaterialien durch. Es gibt auch spezielle Linsen f\u00fcr die N\u00e4he und Ferne oder f\u00fcr die Korrektur einer starken Hornhautverkr\u00fcmmung. Durch die Anwendung neuester Technik genesen Sie schnell und haben ein optimales Ergebnis nach der Karakat-OP.<\/p>\n<p>&nbsp;<\/p>\n<div id=\"attachment_651\" style=\"width: 580px\" class=\"wp-caption alignnone\"><img decoding=\"async\" aria-describedby=\"caption-attachment-651\" class=\"lazyload size-full wp-image-651 \" title=\"katarakt2\" src=\"data:image\/svg+xml,%3Csvg%20xmlns%3D%27http%3A%2F%2Fwww.w3.org%2F2000%2Fsvg%27%20width%3D%27570%27%20height%3D%27250%27%20viewBox%3D%270%200%20570%20250%27%3E%3Crect%20width%3D%27570%27%20height%3D%27250%27%20fill-opacity%3D%220%22%2F%3E%3C%2Fsvg%3E\" data-orig-src=\"https:\/\/augenchirurgie.org\/wp-content\/uploads\/2014\/07\/katarakt31.jpg\" alt=\"Katarakt (Grauer Star) Erkl\u00e4rung, Ursachen, Operation\" width=\"570\" height=\"250\" \/><p id=\"caption-attachment-651\" class=\"wp-caption-text\">Grauer Star \/ Katarakt (vor und nach der Operation, Sim.)<\/p><\/div>\n<p>&nbsp;<\/p>\n<p>Mittels einer relativ schmerzfreien und kurzen OP wird Ihre getr\u00fcbte (graue) Linse entfernt und durch eine Kunstlinse ersetzt. Diese Augenoperation erfolgt in Wien meist ambulant (Sie gehen einige Stunden nach der Operation nach Hause) oder seltener station\u00e4r (Sie bleiben eine Nacht im Krankenhaus). Sie kann mit Tropfan\u00e4sthesie, im D\u00e4mmerschlaf oder Vollnarkose durchgef\u00fchrt werden.<\/p>\n<p>Meist k\u00f6nnen Sie nach der OP sofort wieder arbeiten und k\u00f6nnen, abh\u00e4ngig vom Sehverm\u00f6gen Ihres zweiten Auges, am n\u00e4chsten Tag wieder Autofahren.<\/p>\n<p>F\u00fcr 3 bis 4 Wochen ist eine Behandlung mit Augentropfen vorgesehen und eine neue Brillenbestimmung k\u00f6nnen Sie 4 bis 6 Wochen nach der Operation durchf\u00fchren.<\/p>\n<p>M\u00f6chten Sie wissen, wie der genaue Ablauf der Katarakt-Operation ist? Klicken Sie dazu bitte hier: <a href=\"https:\/\/augenchirurgie.org\/augenchirurgie\/ablauf-augenoperation\/\">Grauer-Star-OP-Ablauf<\/a>.<\/p>\n<div class=\"mceTemp\"><\/div>\n<p>&nbsp;<\/p>\n<p>Ich habe\u00a0<strong>tausende<\/strong><strong>\u00a0Kataraktoperationen erfolgreich<\/strong>\u00a0durchgef\u00fchrt, sodass Sie hier von meiner langj\u00e4hrigen\u00a0<a href=\"https:\/\/augenchirurgie.org\/kompetenz\/erfahrung\/\">Erfahrung<\/a>\u00a0und neuesten <a href=\"https:\/\/augenchirurgie.org\/kompetenz\/forschung\/\">Forschung<\/a> profitieren.<\/p>\n<p>Im \u00c4rzte-Ranking des Wirtschaftsmagazin\u00a0<a href=\"https:\/\/www.trend.at\/service\/gesundheit\/das-aerzte-oesterreich-360086\" target=\"_blank\" rel=\"noopener noreferrer\">Trend<\/a>\u00a0w\u00e4hlte man mich unter die besten Augen\u00e4rzte des Landes und der\u00a0<a href=\"https:\/\/kurier.at\/\" target=\"_blank\" rel=\"noopener noreferrer\">Kurier<\/a>\u00a0zeichnete mich in der Liste der beliebtesten \u00c4rzte aus.<\/p>\n<p>&nbsp;<\/p>\n<p><img decoding=\"async\" class=\"lazyload alignnone size-full wp-image-12412\" src=\"https:\/\/augenchirurgie.org\/wp-content\/uploads\/2014\/07\/Erfahrung-Augenarzt-Falkner-Radler-neu.jpg\" data-orig-src=\"https:\/\/augenchirurgie.org\/wp-content\/uploads\/2014\/07\/Erfahrung-Augenarzt-Falkner-Radler-neu.jpg\" alt=\"Augenchirurgin, Augenchirurgie, Augenarzt mit Erfahrung Falkner Radler\" width=\"780\" height=\"320\" srcset=\"data:image\/svg+xml,%3Csvg%20xmlns%3D%27http%3A%2F%2Fwww.w3.org%2F2000%2Fsvg%27%20width%3D%27780%27%20height%3D%27320%27%20viewBox%3D%270%200%20780%20320%27%3E%3Crect%20width%3D%27780%27%20height%3D%27320%27%20fill-opacity%3D%220%22%2F%3E%3C%2Fsvg%3E\" data-srcset=\"https:\/\/augenchirurgie.org\/wp-content\/uploads\/2014\/07\/Erfahrung-Augenarzt-Falkner-Radler-neu-300x123.jpg 300w, https:\/\/augenchirurgie.org\/wp-content\/uploads\/2014\/07\/Erfahrung-Augenarzt-Falkner-Radler-neu.jpg 780w\" data-sizes=\"auto\" data-orig-sizes=\"(max-width: 780px) 100vw, 780px\" \/><\/p>\n<p>Ich freue mich darauf, Sie betreuen zu d\u00fcrfen:<\/p>\n<p><strong>Priv.-Doz. Dr. Christiane Falkner-Radler<\/strong><br \/>\nFach\u00e4rztin f\u00fcr Augenheilkunde und Optometrie, Augenchirurgin<br \/>\nOber\u00e4rztin an der Klinik Landstra\u00dfe (ehemals Rudolfstiftung), Augenarzt<\/p>\n<div class=\"fusion-alignleft\"><a class=\"fusion-button button-flat fusion-button-default-size button-custom fusion-button-default button-1 fusion-button-default-span fusion-has-button-gradient\" style=\"--button_accent_color:#105378;--button_accent_hover_color:#105378;--button_border_hover_color:#ffffff;--button_border_width-top:1px;--button_border_width-right:1px;--button_border_width-bottom:1px;--button_border_width-left:1px;--button_gradient_top_color:#90c9e8;--button_gradient_bottom_color:#5aabd6;--button_gradient_top_color_hover:#5aabd6;--button_gradient_bottom_color_hover:#90c9e8;\" target=\"_self\" href=\"https:\/\/augenchirurgie.org\/ordination\/\"><span class=\"fusion-button-icon-divider button-icon-divider-left\"><i class=\" fa fa-eye\" aria-hidden=\"true\"><\/i><\/span><span class=\"fusion-button-text fusion-button-text-left\">Vereinbaren Sie jetzt einen Termin oder kontaktiern Sie mich bei Fragen<\/span><\/a><\/div>\n<p>&nbsp;<\/p>\n<p><iframe id=\"ritetag-cps-check\" style=\"display: none;\" src=\"https:\/\/cdn.ritekit.com\/csp-cookie-check.html\"><\/iframe><\/p>\n","protected":false},"excerpt":{"rendered":"<p>Grauer Star (Katarakt) &#8211; Operation Erfahren Sie hier das Wichtigste zu: Grauer Star (Katarakt), Symptome und die Katarakt-OP: Sie haben eine verschwommene Sicht? Sie sehen alles wie durch einen Nebel und sehen wenig Kontraste? Nimmt Ihre Sehkraft ab oder sind Sie nachts beim Autofahren geblendet? Erfahren Sie hier, welche Symptome Anzeichen f\u00fcr den Grauen Star  [&#8230;]<\/p>\n","protected":false},"author":1,"featured_media":0,"parent":0,"menu_order":10,"comment_status":"closed","ping_status":"closed","template":"100-width.php","meta":{"footnotes":""},"class_list":["post-13010","page","type-page","status-publish","hentry"],"translation":{"provider":"WPGlobus","version":"3.0.2","language":"en","enabled_languages":["de","en","ru"],"languages":{"de":{"title":true,"content":true,"excerpt":false},"en":{"title":false,"content":false,"excerpt":false},"ru":{"title":false,"content":false,"excerpt":false}}},"_links":{"self":[{"href":"https:\/\/augenchirurgie.org\/en\/wp-json\/wp\/v2\/pages\/13010","targetHints":{"allow":["GET"]}}],"collection":[{"href":"https:\/\/augenchirurgie.org\/en\/wp-json\/wp\/v2\/pages"}],"about":[{"href":"https:\/\/augenchirurgie.org\/en\/wp-json\/wp\/v2\/types\/page"}],"author":[{"embeddable":true,"href":"https:\/\/augenchirurgie.org\/en\/wp-json\/wp\/v2\/users\/1"}],"replies":[{"embeddable":true,"href":"https:\/\/augenchirurgie.org\/en\/wp-json\/wp\/v2\/comments?post=13010"}],"version-history":[{"count":29,"href":"https:\/\/augenchirurgie.org\/en\/wp-json\/wp\/v2\/pages\/13010\/revisions"}],"predecessor-version":[{"id":13296,"href":"https:\/\/augenchirurgie.org\/en\/wp-json\/wp\/v2\/pages\/13010\/revisions\/13296"}],"wp:attachment":[{"href":"https:\/\/augenchirurgie.org\/en\/wp-json\/wp\/v2\/media?parent=13010"}],"curies":[{"name":"wp","href":"https:\/\/api.w.org\/{rel}","templated":true}]}}