{"id":12959,"date":"2020-07-22T17:27:01","date_gmt":"2020-07-22T15:27:01","guid":{"rendered":"https:\/\/augenchirurgie.org\/?page_id=12959"},"modified":"2026-03-11T20:25:06","modified_gmt":"2026-03-11T19:25:06","slug":"presse","status":"publish","type":"page","link":"https:\/\/augenchirurgie.org\/en\/kompetenz\/presse\/","title":{"rendered":"In the press"},"content":{"rendered":"<p class=\"p2\">The business magazine &#8220;<a href=\"https:\/\/www.trend.at\/service\/gesundheit\/das-aerzte-oesterreich-360086\" target=\"_blank\" rel=\"noopener noreferrer\">Trend<\/a>&#8221; listed me in their doctors ranking among the best ophthalmologists in Austria.<\/p>\n<p><a href=\"https:\/\/augenchirurgie.org\/wp-content\/uploads\/2015\/09\/trend.jpg\"><img decoding=\"async\" class=\"lazyload alignnone wp-image-12032\" src=\"https:\/\/augenchirurgie.org\/wp-content\/uploads\/2015\/09\/trend-300x193.jpg\" data-orig-src=\"https:\/\/augenchirurgie.org\/wp-content\/uploads\/2015\/09\/trend-300x193.jpg\" alt=\"Trend - best Austrian Ophthalmologists\" width=\"500\" height=\"321\" srcset=\"data:image\/svg+xml,%3Csvg%20xmlns%3D%27http%3A%2F%2Fwww.w3.org%2F2000%2Fsvg%27%20width%3D%27500%27%20height%3D%27321%27%20viewBox%3D%270%200%20500%20321%27%3E%3Crect%20width%3D%27500%27%20height%3D%27321%27%20fill-opacity%3D%220%22%2F%3E%3C%2Fsvg%3E\" data-srcset=\"https:\/\/augenchirurgie.org\/wp-content\/uploads\/2015\/09\/trend-300x193.jpg 300w, https:\/\/augenchirurgie.org\/wp-content\/uploads\/2015\/09\/trend-460x295.jpg 460w, https:\/\/augenchirurgie.org\/wp-content\/uploads\/2015\/09\/trend.jpg 857w\" data-sizes=\"auto\" data-orig-sizes=\"(max-width: 500px) 100vw, 500px\" \/><\/a><\/p>\n<hr \/>\n<p>The Austrian newspaper <a href=\"https:\/\/epaper.kurier.at\/issue.act?issueId=111413&amp;issueMutation=themenwoche&amp;issueDate=2021-07-01%C2%AEion=wien\" target=\"_blank\" rel=\"noopener noreferrer\">Kurier<\/a> listed me multiple times as one of the most popular physicians in Austria:<br \/>\n(By clicking on the picture you can read the whole article.)<\/p>\n<p><a href=\"https:\/\/imwf.at\/studien\/siegelstudien\/beliebte-aerzte-2026\/\" target=\"_blank\" rel=\"noopener\"><img decoding=\"async\" class=\"lazyload alignnone wp-image-13617 size-full\" src=\"https:\/\/augenchirurgie.org\/wp-content\/uploads\/2026\/03\/beliebteste-augenaerzte-2026-kurier-beste-aerzte-wien.jpg\" data-orig-src=\"https:\/\/augenchirurgie.org\/wp-content\/uploads\/2026\/03\/beliebteste-augenaerzte-2026-kurier-beste-aerzte-wien.jpg\" alt=\"Beliebteste Augen\u00e4rzte Kurier 2026 Wien\" width=\"500\" height=\"915\" srcset=\"data:image\/svg+xml,%3Csvg%20xmlns%3D%27http%3A%2F%2Fwww.w3.org%2F2000%2Fsvg%27%20width%3D%27500%27%20height%3D%27915%27%20viewBox%3D%270%200%20500%20915%27%3E%3Crect%20width%3D%27500%27%20height%3D%27915%27%20fill-opacity%3D%220%22%2F%3E%3C%2Fsvg%3E\" data-srcset=\"https:\/\/augenchirurgie.org\/wp-content\/uploads\/2026\/03\/beliebteste-augenaerzte-2026-kurier-beste-aerzte-wien-164x300.jpg 164w, https:\/\/augenchirurgie.org\/wp-content\/uploads\/2026\/03\/beliebteste-augenaerzte-2026-kurier-beste-aerzte-wien-200x366.jpg 200w, https:\/\/augenchirurgie.org\/wp-content\/uploads\/2026\/03\/beliebteste-augenaerzte-2026-kurier-beste-aerzte-wien-400x732.jpg 400w, https:\/\/augenchirurgie.org\/wp-content\/uploads\/2026\/03\/beliebteste-augenaerzte-2026-kurier-beste-aerzte-wien.jpg 500w\" data-sizes=\"auto\" data-orig-sizes=\"(max-width: 500px) 100vw, 500px\" \/><\/a><\/p>\n<p><a href=\"https:\/\/imwf.at\/media\/kurier_beliebte_aerzte_tag1.pdf\" target=\"_blank\" rel=\"noopener\"><img decoding=\"async\" class=\"lazyload alignnone wp-image-13549 size-full\" src=\"https:\/\/augenchirurgie.org\/wp-content\/uploads\/2025\/03\/beliebteste-augenaerzte-2025-kurier-beste-aerzte.jpg\" data-orig-src=\"https:\/\/augenchirurgie.org\/wp-content\/uploads\/2025\/03\/beliebteste-augenaerzte-2025-kurier-beste-aerzte.jpg\" alt=\"Augen\u00e4rzte \u00d6sterreich beste \u00c4rzte Kurier\" width=\"500\" height=\"915\" srcset=\"data:image\/svg+xml,%3Csvg%20xmlns%3D%27http%3A%2F%2Fwww.w3.org%2F2000%2Fsvg%27%20width%3D%27500%27%20height%3D%27915%27%20viewBox%3D%270%200%20500%20915%27%3E%3Crect%20width%3D%27500%27%20height%3D%27915%27%20fill-opacity%3D%220%22%2F%3E%3C%2Fsvg%3E\" data-srcset=\"https:\/\/augenchirurgie.org\/wp-content\/uploads\/2025\/03\/beliebteste-augenaerzte-2025-kurier-beste-aerzte-164x300.jpg 164w, https:\/\/augenchirurgie.org\/wp-content\/uploads\/2025\/03\/beliebteste-augenaerzte-2025-kurier-beste-aerzte-200x366.jpg 200w, https:\/\/augenchirurgie.org\/wp-content\/uploads\/2025\/03\/beliebteste-augenaerzte-2025-kurier-beste-aerzte-400x732.jpg 400w, https:\/\/augenchirurgie.org\/wp-content\/uploads\/2025\/03\/beliebteste-augenaerzte-2025-kurier-beste-aerzte.jpg 500w\" data-sizes=\"auto\" data-orig-sizes=\"(max-width: 500px) 100vw, 500px\" \/><\/a><\/p>\n<p><a href=\"https:\/\/imwf.at\/wp-content\/uploads\/2024\/03\/Tag1.pdf\" target=\"_blank\" rel=\"noopener noreferrer\"><img decoding=\"async\" class=\"lazyload alignnone wp-image-13264 size-full\" src=\"https:\/\/augenchirurgie.org\/wp-content\/uploads\/2024\/03\/beliebteste-augenaerzte-2024-kurier-beste-aerzte-2.jpg\" data-orig-src=\"https:\/\/augenchirurgie.org\/wp-content\/uploads\/2024\/03\/beliebteste-augenaerzte-2024-kurier-beste-aerzte-2.jpg\" alt=\"\u00d6sterreich beste Augen\u00e4rzte \u00d6sterreich beliebteste \u00c4rzte\" width=\"500\" height=\"915\" srcset=\"data:image\/svg+xml,%3Csvg%20xmlns%3D%27http%3A%2F%2Fwww.w3.org%2F2000%2Fsvg%27%20width%3D%27500%27%20height%3D%27915%27%20viewBox%3D%270%200%20500%20915%27%3E%3Crect%20width%3D%27500%27%20height%3D%27915%27%20fill-opacity%3D%220%22%2F%3E%3C%2Fsvg%3E\" data-srcset=\"https:\/\/augenchirurgie.org\/wp-content\/uploads\/2024\/03\/beliebteste-augenaerzte-2024-kurier-beste-aerzte-2-164x300.jpg 164w, https:\/\/augenchirurgie.org\/wp-content\/uploads\/2024\/03\/beliebteste-augenaerzte-2024-kurier-beste-aerzte-2-200x366.jpg 200w, https:\/\/augenchirurgie.org\/wp-content\/uploads\/2024\/03\/beliebteste-augenaerzte-2024-kurier-beste-aerzte-2-400x732.jpg 400w, https:\/\/augenchirurgie.org\/wp-content\/uploads\/2024\/03\/beliebteste-augenaerzte-2024-kurier-beste-aerzte-2.jpg 500w\" data-sizes=\"auto\" data-orig-sizes=\"(max-width: 500px) 100vw, 500px\" \/><\/a><\/p>\n<p><a href=\"https:\/\/imwf.at\/wp-content\/uploads\/2023\/05\/Beliebte-Aerzte-2023-10.05.2023.pdf\"><img decoding=\"async\" class=\"lazyload alignnone size-full wp-image-13243\" src=\"https:\/\/augenchirurgie.org\/wp-content\/uploads\/2023\/05\/beliebteste-augenaerzte-2023-kurier-beste-aerzte.jpg\" data-orig-src=\"https:\/\/augenchirurgie.org\/wp-content\/uploads\/2023\/05\/beliebteste-augenaerzte-2023-kurier-beste-aerzte.jpg\" alt=\"Beste Augen\u00e4rzte 2023 Beliebteste \u00c4rzte Ranking Augenarzt\" width=\"500\" height=\"915\" srcset=\"data:image\/svg+xml,%3Csvg%20xmlns%3D%27http%3A%2F%2Fwww.w3.org%2F2000%2Fsvg%27%20width%3D%27500%27%20height%3D%27915%27%20viewBox%3D%270%200%20500%20915%27%3E%3Crect%20width%3D%27500%27%20height%3D%27915%27%20fill-opacity%3D%220%22%2F%3E%3C%2Fsvg%3E\" data-srcset=\"https:\/\/augenchirurgie.org\/wp-content\/uploads\/2023\/05\/beliebteste-augenaerzte-2023-kurier-beste-aerzte-164x300.jpg 164w, https:\/\/augenchirurgie.org\/wp-content\/uploads\/2023\/05\/beliebteste-augenaerzte-2023-kurier-beste-aerzte-200x366.jpg 200w, https:\/\/augenchirurgie.org\/wp-content\/uploads\/2023\/05\/beliebteste-augenaerzte-2023-kurier-beste-aerzte-400x732.jpg 400w, https:\/\/augenchirurgie.org\/wp-content\/uploads\/2023\/05\/beliebteste-augenaerzte-2023-kurier-beste-aerzte.jpg 500w\" data-sizes=\"auto\" data-orig-sizes=\"(max-width: 500px) 100vw, 500px\" \/><\/a><\/p>\n<p><a href=\"https:\/\/imwf.at\/wp-content\/uploads\/2022\/05\/KURIER-Nachbericht-Beliebte-Aerzte-2022.pdf\"><img decoding=\"async\" class=\"lazyload alignnone wp-image-13202 size-full\" src=\"https:\/\/augenchirurgie.org\/wp-content\/uploads\/2022\/05\/beliebteste-augenaerzte-2022-kurier-beste.jpg\" data-orig-src=\"https:\/\/augenchirurgie.org\/wp-content\/uploads\/2022\/05\/beliebteste-augenaerzte-2022-kurier-beste.jpg\" alt=\"Beliebteste \u00c4rzte Empfehlung \u00d6sterreich Kurier\" width=\"500\" height=\"341\" srcset=\"data:image\/svg+xml,%3Csvg%20xmlns%3D%27http%3A%2F%2Fwww.w3.org%2F2000%2Fsvg%27%20width%3D%27500%27%20height%3D%27341%27%20viewBox%3D%270%200%20500%20341%27%3E%3Crect%20width%3D%27500%27%20height%3D%27341%27%20fill-opacity%3D%220%22%2F%3E%3C%2Fsvg%3E\" data-srcset=\"https:\/\/augenchirurgie.org\/wp-content\/uploads\/2022\/05\/beliebteste-augenaerzte-2022-kurier-beste-200x136.jpg 200w, https:\/\/augenchirurgie.org\/wp-content\/uploads\/2022\/05\/beliebteste-augenaerzte-2022-kurier-beste-300x205.jpg 300w, https:\/\/augenchirurgie.org\/wp-content\/uploads\/2022\/05\/beliebteste-augenaerzte-2022-kurier-beste-400x273.jpg 400w, https:\/\/augenchirurgie.org\/wp-content\/uploads\/2022\/05\/beliebteste-augenaerzte-2022-kurier-beste.jpg 500w\" data-sizes=\"auto\" data-orig-sizes=\"(max-width: 500px) 100vw, 500px\" \/><\/a><\/p>\n<p><a href=\"https:\/\/epaper.kurier.at\/issue.act?issueId=111413&amp;issueMutation=themenwoche&amp;issueDate=2021-07-01%C2%AEion=wien\" target=\"_blank\" rel=\"noopener noreferrer\"><img decoding=\"async\" class=\"lazyload alignnone wp-image-13136 size-full\" src=\"https:\/\/augenchirurgie.org\/wp-content\/uploads\/2021\/07\/kurier-aerzte-augen-2021.jpg\" data-orig-src=\"https:\/\/augenchirurgie.org\/wp-content\/uploads\/2021\/07\/kurier-aerzte-augen-2021.jpg\" alt=\"Kurier beliebte \u00c4rzte 2021\" width=\"500\" height=\"955\" srcset=\"data:image\/svg+xml,%3Csvg%20xmlns%3D%27http%3A%2F%2Fwww.w3.org%2F2000%2Fsvg%27%20width%3D%27500%27%20height%3D%27955%27%20viewBox%3D%270%200%20500%20955%27%3E%3Crect%20width%3D%27500%27%20height%3D%27955%27%20fill-opacity%3D%220%22%2F%3E%3C%2Fsvg%3E\" data-srcset=\"https:\/\/augenchirurgie.org\/wp-content\/uploads\/2021\/07\/kurier-aerzte-augen-2021-157x300.jpg 157w, https:\/\/augenchirurgie.org\/wp-content\/uploads\/2021\/07\/kurier-aerzte-augen-2021-200x382.jpg 200w, https:\/\/augenchirurgie.org\/wp-content\/uploads\/2021\/07\/kurier-aerzte-augen-2021-400x764.jpg 400w, https:\/\/augenchirurgie.org\/wp-content\/uploads\/2021\/07\/kurier-aerzte-augen-2021.jpg 500w\" data-sizes=\"auto\" data-orig-sizes=\"(max-width: 500px) 100vw, 500px\" \/><\/a><\/p>\n<p><a href=\"https:\/\/augenchirurgie.org\/wp-content\/uploads\/2020\/07\/kurier-beliebteste-aerzte-2020.pdf\" target=\"_blank\" rel=\"noopener noreferrer\"><img decoding=\"async\" class=\"lazyload alignnone wp-image-12983 size-full\" src=\"https:\/\/augenchirurgie.org\/wp-content\/uploads\/2020\/07\/beliebteste-arzte-kurier-2.jpg\" data-orig-src=\"https:\/\/augenchirurgie.org\/wp-content\/uploads\/2020\/07\/beliebteste-arzte-kurier-2.jpg\" alt=\"Beliebtester Arzt Augenarzt \u00d6sterreichs 2020\" width=\"500\" height=\"321\" srcset=\"data:image\/svg+xml,%3Csvg%20xmlns%3D%27http%3A%2F%2Fwww.w3.org%2F2000%2Fsvg%27%20width%3D%27500%27%20height%3D%27321%27%20viewBox%3D%270%200%20500%20321%27%3E%3Crect%20width%3D%27500%27%20height%3D%27321%27%20fill-opacity%3D%220%22%2F%3E%3C%2Fsvg%3E\" data-srcset=\"https:\/\/augenchirurgie.org\/wp-content\/uploads\/2020\/07\/beliebteste-arzte-kurier-2-200x128.jpg 200w, https:\/\/augenchirurgie.org\/wp-content\/uploads\/2020\/07\/beliebteste-arzte-kurier-2-300x193.jpg 300w, https:\/\/augenchirurgie.org\/wp-content\/uploads\/2020\/07\/beliebteste-arzte-kurier-2-400x257.jpg 400w, https:\/\/augenchirurgie.org\/wp-content\/uploads\/2020\/07\/beliebteste-arzte-kurier-2-460x295.jpg 460w, https:\/\/augenchirurgie.org\/wp-content\/uploads\/2020\/07\/beliebteste-arzte-kurier-2.jpg 500w\" data-sizes=\"auto\" data-orig-sizes=\"(max-width: 500px) 100vw, 500px\" \/><\/a><\/p>\n<hr \/>\n<p class=\"p1\"><a href=\"https:\/\/metropole.at\/where-your-needs-are-seen-ophthalmologist-eye-surgeon-dr-christiane-falkner-radler\/\" target=\"_blank\" rel=\"noopener noreferrer\">Metropole<\/a>, the magazine for Expats living in Vienna featured an article about me as an eye surgery specialist (and about my research and expertise)<\/p>\n<p><a href=\"https:\/\/augenchirurgie.org\/wp-content\/uploads\/2020\/12\/metropole-article-eye-surgery.jpg\" target=\"_blank\" rel=\"noopener noreferrer\"><img decoding=\"async\" class=\"lazyload alignnone wp-image-13079 size-fusion-600\" src=\"https:\/\/augenchirurgie.org\/wp-content\/uploads\/2020\/12\/metropole-article-eye-surgery-600x549.jpg\" data-orig-src=\"https:\/\/augenchirurgie.org\/wp-content\/uploads\/2020\/12\/metropole-article-eye-surgery-600x549.jpg\" alt=\"Metropole expat magazin eye surgery\" width=\"600\" height=\"549\" srcset=\"data:image\/svg+xml,%3Csvg%20xmlns%3D%27http%3A%2F%2Fwww.w3.org%2F2000%2Fsvg%27%20width%3D%27600%27%20height%3D%27549%27%20viewBox%3D%270%200%20600%20549%27%3E%3Crect%20width%3D%27600%27%20height%3D%27549%27%20fill-opacity%3D%220%22%2F%3E%3C%2Fsvg%3E\" data-srcset=\"https:\/\/augenchirurgie.org\/wp-content\/uploads\/2020\/12\/metropole-article-eye-surgery-200x183.jpg 200w, https:\/\/augenchirurgie.org\/wp-content\/uploads\/2020\/12\/metropole-article-eye-surgery-300x274.jpg 300w, https:\/\/augenchirurgie.org\/wp-content\/uploads\/2020\/12\/metropole-article-eye-surgery-400x366.jpg 400w, https:\/\/augenchirurgie.org\/wp-content\/uploads\/2020\/12\/metropole-article-eye-surgery-600x549.jpg 600w, https:\/\/augenchirurgie.org\/wp-content\/uploads\/2020\/12\/metropole-article-eye-surgery.jpg 760w\" data-sizes=\"auto\" data-orig-sizes=\"(max-width: 600px) 100vw, 600px\" \/><\/a><\/p>\n<p>&nbsp;<\/p>\n<p>&nbsp;<\/p>\n<hr \/>\n<p class=\"p1\">The Newspaper <a href=\"https:\/\/www.diepresse.com\/5801912\/im-club-der-kurzsichtigen-kinder\" target=\"_blank\" rel=\"noopener noreferrer\">Presse am Sonntag<\/a> asked me for my opinion:<br \/>\n(By clicking on the picture you can read the whole article)<\/p>\n<p><a href=\"https:\/\/augenchirurgie.org\/wp-content\/uploads\/2020\/04\/presse-augenarzt-falkner-radler.jpg\" target=\"_blank\" rel=\"noopener noreferrer\"><img decoding=\"async\" class=\"lazyload alignnone size-full wp-image-12924\" src=\"https:\/\/augenchirurgie.org\/wp-content\/uploads\/2020\/04\/presse-augenarzt-falkner-radler-klein.jpg\" data-orig-src=\"https:\/\/augenchirurgie.org\/wp-content\/uploads\/2020\/04\/presse-augenarzt-falkner-radler-klein.jpg\" alt=\"Die Presse Falkner-Radler Augenchirurgie\" width=\"600\" height=\"482\" srcset=\"data:image\/svg+xml,%3Csvg%20xmlns%3D%27http%3A%2F%2Fwww.w3.org%2F2000%2Fsvg%27%20width%3D%27600%27%20height%3D%27482%27%20viewBox%3D%270%200%20600%20482%27%3E%3Crect%20width%3D%27600%27%20height%3D%27482%27%20fill-opacity%3D%220%22%2F%3E%3C%2Fsvg%3E\" data-srcset=\"https:\/\/augenchirurgie.org\/wp-content\/uploads\/2020\/04\/presse-augenarzt-falkner-radler-klein-177x142.jpg 177w, https:\/\/augenchirurgie.org\/wp-content\/uploads\/2020\/04\/presse-augenarzt-falkner-radler-klein-200x161.jpg 200w, https:\/\/augenchirurgie.org\/wp-content\/uploads\/2020\/04\/presse-augenarzt-falkner-radler-klein-300x241.jpg 300w, https:\/\/augenchirurgie.org\/wp-content\/uploads\/2020\/04\/presse-augenarzt-falkner-radler-klein-400x321.jpg 400w, https:\/\/augenchirurgie.org\/wp-content\/uploads\/2020\/04\/presse-augenarzt-falkner-radler-klein.jpg 600w\" data-sizes=\"auto\" data-orig-sizes=\"(max-width: 600px) 100vw, 600px\" \/><\/a><\/p>\n<hr \/>\n<p>I was interviewed about myopia in <a href=\"https:\/\/www.puls4.com\/cafepuls\" target=\"_blank\" rel=\"noopener noreferrer\">Caf\u00e9 Puls<\/a> from <a href=\"https:\/\/www.puls4.com\/\" target=\"_blank\" rel=\"noopener noreferrer\">Puls4<\/a>:<\/p>\n<div style=\"width: 640px;\" class=\"wp-video\"><!--[if lt IE 9]><script>document.createElement('video');<\/script><![endif]-->\n<video class=\"wp-video-shortcode\" id=\"video-12959-1\" width=\"640\" height=\"360\" preload=\"metadata\" controls=\"controls\"><source type=\"video\/mp4\" src=\"https:\/\/augenchirurgie.org\/wp-content\/uploads\/2020\/07\/Puls4-Interview-small.mp4?_=1\" \/><a href=\"https:\/\/augenchirurgie.org\/wp-content\/uploads\/2020\/07\/Puls4-Interview-small.mp4\">https:\/\/augenchirurgie.org\/wp-content\/uploads\/2020\/07\/Puls4-Interview-small.mp4<\/a><\/video><\/div>\n<p>&nbsp;<\/p>\n<hr \/>\n<p><a href=\"https:\/\/epaper.heute.at\/#\/documents\/201209_HEU\/34\" target=\"_blank\" rel=\"noopener noreferrer\">Heute<\/a> I answered the question by\u00a0<a href=\"https:\/\/arztsuche.netdoktor.at\/priv-doz-dr-christiane-falkner-radler-3743991\" target=\"_blank\" rel=\"noopener noreferrer\">netdoktor.at<\/a> what you can do if you have dry eyes:<br \/>\n(By clicking on the picture you can read the whole article)<\/p>\n<p><a href=\"https:\/\/augenchirurgie.org\/wp-content\/uploads\/2020\/12\/heute-augenchirurgie-falkner-radler.jpg\"><img decoding=\"async\" class=\"lazyload alignnone wp-image-13072 size-fusion-600\" src=\"https:\/\/augenchirurgie.org\/wp-content\/uploads\/2020\/12\/heute-augenchirurgie-falkner-radler-600x338.jpg\" data-orig-src=\"https:\/\/augenchirurgie.org\/wp-content\/uploads\/2020\/12\/heute-augenchirurgie-falkner-radler-600x338.jpg\" alt=\"Heute Augenchirurgie Sprechstunde Falkner-Radler\" width=\"600\" height=\"338\" srcset=\"data:image\/svg+xml,%3Csvg%20xmlns%3D%27http%3A%2F%2Fwww.w3.org%2F2000%2Fsvg%27%20width%3D%27600%27%20height%3D%27338%27%20viewBox%3D%270%200%20600%20338%27%3E%3Crect%20width%3D%27600%27%20height%3D%27338%27%20fill-opacity%3D%220%22%2F%3E%3C%2Fsvg%3E\" data-srcset=\"https:\/\/augenchirurgie.org\/wp-content\/uploads\/2020\/12\/heute-augenchirurgie-falkner-radler-200x113.jpg 200w, https:\/\/augenchirurgie.org\/wp-content\/uploads\/2020\/12\/heute-augenchirurgie-falkner-radler-300x169.jpg 300w, https:\/\/augenchirurgie.org\/wp-content\/uploads\/2020\/12\/heute-augenchirurgie-falkner-radler-400x225.jpg 400w, https:\/\/augenchirurgie.org\/wp-content\/uploads\/2020\/12\/heute-augenchirurgie-falkner-radler-600x338.jpg 600w, https:\/\/augenchirurgie.org\/wp-content\/uploads\/2020\/12\/heute-augenchirurgie-falkner-radler-768x432.jpg 768w, https:\/\/augenchirurgie.org\/wp-content\/uploads\/2020\/12\/heute-augenchirurgie-falkner-radler-800x450.jpg 800w, https:\/\/augenchirurgie.org\/wp-content\/uploads\/2020\/12\/heute-augenchirurgie-falkner-radler-1024x576.jpg 1024w, https:\/\/augenchirurgie.org\/wp-content\/uploads\/2020\/12\/heute-augenchirurgie-falkner-radler-1200x675.jpg 1200w, https:\/\/augenchirurgie.org\/wp-content\/uploads\/2020\/12\/heute-augenchirurgie-falkner-radler.jpg 1400w\" data-sizes=\"auto\" data-orig-sizes=\"(max-width: 600px) 100vw, 600px\" \/><\/a><\/p>\n<p><iframe id=\"ritetag-cps-check\" style=\"display: none;\" src=\"https:\/\/cdn.ritekit.com\/csp-cookie-check.html\"><\/iframe><\/p>\n<p><iframe id=\"ritetag-cps-check\" style=\"display: none;\" src=\"https:\/\/cdn.ritekit.com\/csp-cookie-check.html\"><\/iframe><\/p>\n","protected":false},"excerpt":{"rendered":"<p>The business magazine &#8220;Trend&#8221; listed me in their doctors ranking among the best ophthalmologists in Austria. The Austrian newspaper Kurier listed me multiple times as one of the most popular physicians in Austria: (By clicking on the picture you can read the whole article.) Metropole, the magazine for Expats living in Vienna featured an article  [&#8230;]<\/p>\n","protected":false},"author":1,"featured_media":0,"parent":6,"menu_order":1,"comment_status":"closed","ping_status":"open","template":"","meta":{"footnotes":""},"class_list":["post-12959","page","type-page","status-publish","hentry"],"translation":{"provider":"WPGlobus","version":"3.0.2","language":"en","enabled_languages":["de","en","ru"],"languages":{"de":{"title":true,"content":true,"excerpt":false},"en":{"title":true,"content":true,"excerpt":false},"ru":{"title":true,"content":true,"excerpt":false}}},"_links":{"self":[{"href":"https:\/\/augenchirurgie.org\/en\/wp-json\/wp\/v2\/pages\/12959","targetHints":{"allow":["GET"]}}],"collection":[{"href":"https:\/\/augenchirurgie.org\/en\/wp-json\/wp\/v2\/pages"}],"about":[{"href":"https:\/\/augenchirurgie.org\/en\/wp-json\/wp\/v2\/types\/page"}],"author":[{"embeddable":true,"href":"https:\/\/augenchirurgie.org\/en\/wp-json\/wp\/v2\/users\/1"}],"replies":[{"embeddable":true,"href":"https:\/\/augenchirurgie.org\/en\/wp-json\/wp\/v2\/comments?post=12959"}],"version-history":[{"count":66,"href":"https:\/\/augenchirurgie.org\/en\/wp-json\/wp\/v2\/pages\/12959\/revisions"}],"predecessor-version":[{"id":13548,"href":"https:\/\/augenchirurgie.org\/en\/wp-json\/wp\/v2\/pages\/12959\/revisions\/13548"}],"up":[{"embeddable":true,"href":"https:\/\/augenchirurgie.org\/en\/wp-json\/wp\/v2\/pages\/6"}],"wp:attachment":[{"href":"https:\/\/augenchirurgie.org\/en\/wp-json\/wp\/v2\/media?parent=12959"}],"curies":[{"name":"wp","href":"https:\/\/api.w.org\/{rel}","templated":true}]}}