{"id":10,"date":"2010-08-12T08:14:09","date_gmt":"2010-08-12T08:14:09","guid":{"rendered":"http:\/\/www.falkner-radler.at\/?page_id=10"},"modified":"2025-03-13T18:41:12","modified_gmt":"2025-03-13T17:41:12","slug":"ordination","status":"publish","type":"page","link":"https:\/\/augenchirurgie.org\/en\/ordination\/","title":{"rendered":"Medical practice in Vienna"},"content":{"rendered":"<p><strong>Christiane Falkner-Radler, M.D.<\/strong><br \/>\nAssociate Professor of Ophthalmology<br \/>\nSpecialist in Ophthalmology and Optometry, Eye Surgeon<br \/>\nVisiting professor at the Medical University of Vienna<br \/>\nSenior physician at the Clinic Landstra\u00dfe<\/p>\n<p>You can book an appointment for my practices in Vienna 9. (Sensengasse 3) and Vienna 19. (Heiligenst\u00e4dter Stra\u00dfe 46-48) right here online:<\/p>\n<div class=\"fusion-fullwidth fullwidth-box fusion-builder-row-1 hundred-percent-fullwidth non-hundred-percent-height-scrolling\" style=\"--awb-border-radius-top-left:0px;--awb-border-radius-top-right:0px;--awb-border-radius-bottom-right:0px;--awb-border-radius-bottom-left:0px;--awb-overflow:visible;--awb-flex-wrap:wrap;\" ><div class=\"fusion-builder-row fusion-row\">\n<div class=\"fusion-layout-column fusion_builder_column fusion-builder-column-0 fusion_builder_column_1_2 1_2 fusion-one-half fusion-column-first fusion-column-no-min-height\" style=\"--awb-bg-size:cover;--awb-margin-bottom:0px;width:48%; margin-right: 4%;\"><div class=\"fusion-column-wrapper fusion-flex-column-wrapper-legacy\">\n<div class=\"fusion-alignleft\"><a class=\"fusion-button button-flat fusion-button-default-size button-custom fusion-button-default button-1 fusion-button-default-span fusion-has-button-gradient\" style=\"--button_accent_color:#105378;--button_accent_hover_color:#105378;--button_border_hover_color:#ffffff;--button_border_width-top:1px;--button_border_width-right:1px;--button_border_width-bottom:1px;--button_border_width-left:1px;--button_gradient_top_color:#90c9e8;--button_gradient_bottom_color:#5aabd6;--button_gradient_top_color_hover:#5aabd6;--button_gradient_bottom_color_hover:#90c9e8;\" target=\"_blank\" rel=\"noopener noreferrer\" href=\"https:\/\/www.doctena.at\/en\/specialty\/ophthalmologist-eye-doctor\/fr-priv-doz-dr-christiane-falkner-radler-1515995#21086\"><span class=\"fusion-button-icon-divider button-icon-divider-left\"><i class=\" fa fa-eye\" aria-hidden=\"true\"><\/i><\/span><span class=\"fusion-button-text fusion-button-text-left\">Appointment in 1090 Vienna<\/span><\/a><\/div>\n<div class=\"fusion-clearfix\"><\/div><\/div><\/div>\n<div class=\"fusion-layout-column fusion_builder_column fusion-builder-column-1 fusion_builder_column_1_2 1_2 fusion-one-half fusion-column-last fusion-column-no-min-height\" style=\"--awb-bg-size:cover;--awb-margin-bottom:0px;width:48%;\"><div class=\"fusion-column-wrapper fusion-flex-column-wrapper-legacy\">\n<div class=\"fusion-alignleft\"><a class=\"fusion-button button-flat fusion-button-default-size button-custom fusion-button-default button-2 fusion-button-default-span fusion-has-button-gradient\" style=\"--button_accent_color:#105378;--button_accent_hover_color:#105378;--button_border_hover_color:#ffffff;--button_border_width-top:1px;--button_border_width-right:1px;--button_border_width-bottom:1px;--button_border_width-left:1px;--button_gradient_top_color:#90c9e8;--button_gradient_bottom_color:#5aabd6;--button_gradient_top_color_hover:#5aabd6;--button_gradient_bottom_color_hover:#90c9e8;\" target=\"_blank\" rel=\"noopener noreferrer\" href=\"https:\/\/www.privatklinik-doebling.at\/webservice\/mednanny.php?id=9adf1f50-b161-4ecd-91da-8d7c34cbaa44\"><span class=\"fusion-button-icon-divider button-icon-divider-left\"><i class=\" fa fa-eye\" aria-hidden=\"true\"><\/i><\/span><span class=\"fusion-button-text fusion-button-text-left\">Appointment in 1190 Vienna<\/span><\/a><\/div>\n<div class=\"fusion-clearfix\"><\/div><\/div><\/div>\n<\/div>\n<\/div>\n<hr \/>\n<p>&nbsp;<\/p>\n<p><a href=\"https:\/\/augenchirurgie.org\/wp-content\/uploads\/2010\/08\/medvienna2.jpg\" target=\"_blank\" rel=\"noopener noreferrer\"><img decoding=\"async\" class=\"lazyload alignnone wp-image-11936 size-full\" title=\"MedVienna\" src=\"https:\/\/augenchirurgie.org\/wp-content\/uploads\/2010\/08\/medvienna2.jpg\" data-orig-src=\"https:\/\/augenchirurgie.org\/wp-content\/uploads\/2010\/08\/medvienna2.jpg\" alt=\"Ordination Augenarzt Wien Dr. Falkner Radler\" width=\"900\" height=\"280\" srcset=\"data:image\/svg+xml,%3Csvg%20xmlns%3D%27http%3A%2F%2Fwww.w3.org%2F2000%2Fsvg%27%20width%3D%27900%27%20height%3D%27280%27%20viewBox%3D%270%200%20900%20280%27%3E%3Crect%20width%3D%27900%27%20height%3D%27280%27%20fill-opacity%3D%220%22%2F%3E%3C%2Fsvg%3E\" data-srcset=\"https:\/\/augenchirurgie.org\/wp-content\/uploads\/2010\/08\/medvienna2-300x93.jpg 300w, https:\/\/augenchirurgie.org\/wp-content\/uploads\/2010\/08\/medvienna2.jpg 900w\" data-sizes=\"auto\" data-orig-sizes=\"(max-width: 900px) 100vw, 900px\" \/><\/a><\/p>\n<h2>Medical practice Vienna\u00a09.<strong><br \/>\n<\/strong>MEDVIENNA, 1090 Vienna, Sensengasse 3<br \/>\nTuesday\u00a013.00\u201319.00 Uhr<br \/>\nSaturday morning (per appointment via E-Mail)<\/h2>\n<p>Appointment &amp; information:<br \/>\nMonday to Friday from 9:00 to 18:00 at <a href=\"tel:004314061121155\">+431\/406 11 21 \u2013 155<\/a><\/p>\n<p>You can also use the <a href=\"http:\/\/www.medvienna.at\/arzt\/priv-doz-dr-christiane-isolde-falkner-radler\" target=\"_blank\" rel=\"noopener noreferrer\">call-back service<\/a>, book an appointment directly here online: <a href=\"https:\/\/www.doctena.at\/en\/doctor\/fr_priv_doz_dr_christiane_falkner_radler-1515995\" target=\"_blank\" rel=\"noopener noreferrer\">appointment booking<\/a> or send an e-mail: <a href=\"mailto:ordination@falkner-radler.at\">ordination@falkner-radler.at<\/a><\/p>\n<p>The medical practice is located at the\u00a0<strong><a href=\"http:\/\/www.medvienna.at\/arzt\/priv-doz-dr-christiane-isolde-falkner-radler\" target=\"_blank\" rel=\"noopener noreferrer\">MEDVIENNA medical centre<\/a><\/strong>.<br \/>\nThe reception area is located on the ground floor, the premises of the medical practice are on the 1st floor. Because of its central location and a directly adjacent parking garage, the medical centre offers easy access via public transportation, as well as by car.<\/p>\n<p><a href=\"https:\/\/www.google.at\/maps\/place\/Priv.-Doz.+Dr.+Christiane+Falkner-Radler+%2F+Augenchirurgie\/@48.21976,16.353449,17z\/data=!3m1!4b1!4m2!3m1!1s0x0:0xc5a9b8af01653e37\" target=\"_blank\" rel=\"noopener noreferrer\">Click here to see the location on Google maps and calculate your route.<br \/>\n<\/a>\t\t\t\t\t<script type=\"text\/javascript\">\n\t\t\t\t\t\tvar map_fusion_map_69def2f90582a;\n\t\t\t\t\t\tvar markers = [];\n\t\t\t\t\t\tvar counter = 0;\n\t\t\t\t\t\t\t\t\t\t\t\t\t\t\t\t\t\t\t\tvar fusionMapNonce = '6c7f4f6205';\n\t\t\t\t\t\t\t\t\t\t\t\tfunction fusion_run_map_fusion_map_69def2f90582a() {\n\t\t\t\t\t\t\tjQuery('#fusion_map_69def2f90582a').fusion_maps({\n\t\t\t\t\t\t\t\taddresses: [{\"address\":\"Sensengasse 3, 1090 Wien\",\"infobox_content\":\"Dr. Falkner-Radler, (01) 406 11 21-155, 1090, Sensengasse 3\",\"coordinates\":false,\"cache\":true,\"latitude\":\"48.2197597\",\"longitude\":\"16.353448699999944\"}],\n\t\t\t\t\t\t\t\tanimations: true,\n\t\t\t\t\t\t\t\tinfobox_background_color: '#6b97bf',\n\t\t\t\t\t\t\t\tinfobox_styling: 'custom',\n\t\t\t\t\t\t\t\tinfobox_text_color: '',\n\t\t\t\t\t\t\t\tmap_style: 'custom',\n\t\t\t\t\t\t\t\tmap_type: 'roadmap',\n\t\t\t\t\t\t\t\tmarker_icon: '',\n\t\t\t\t\t\t\t\toverlay_color: '#67b7e1',\n\t\t\t\t\t\t\t\toverlay_color_hsl: {\"hue\":201,\"sat\":67,\"lum\":64},\n\t\t\t\t\t\t\t\tshow_address: true,\n\t\t\t\t\t\t\t\tscale_control: true,\n\t\t\t\t\t\t\t\tscrollwheel: true,\n\t\t\t\t\t\t\t\tzoom: 16,\n\t\t\t\t\t\t\t\tzoom_control: true,\n\t\t\t\t\t\t\t});\n\t\t\t\t\t\t}\n\n\t\t\t\t\t\tgoogle.maps.event.addDomListener(window, 'load', fusion_run_map_fusion_map_69def2f90582a);\n\t\t\t\t\t<\/script>\n\t\t\t\t\t<div class=\"shortcode-map fusion-google-map fusion-maps-js-type\" style=\"--awb-height:400px;\" id=\"fusion_map_69def2f90582a\"><\/div><div class=\"fusion-text fusion-text-1\"><\/p>\n<hr \/>\n<hr \/>\n<h2>Medical practice Vienna 19.<br \/>\nDoctor&#8217;s Office Center Private Hospital D\u00d6BLING, 1190 Vienna, Heiligenst\u00e4dter Stra\u00dfe 46-48<br \/>\nFriday 16:30-18:30<br \/>\nAdd. every 1st Monday of the month 9.00 to 12.00<br \/>\nAdd. every 4th Monday of the month 8.30 to 11.30<\/h2>\n<p>Appointment &amp; information:<br \/>\nMonday to Friday from 8:00 to 17:00 at <a href=\"tel:00431360668000\">+431\/360 66 8000<\/a><br \/>\n(Please mention, that you want an appointment with me).<\/p>\n<p>You can also send an email to:\u00a0<a href=\"mailto:ordination@falkner-radler.at\">ordination@falkner-radler.at<\/a> or book an appointment directly here online: <a href=\"https:\/\/www.privatklinik-doebling.at\/webservice\/mednanny.php?id=9adf1f50-b161-4ecd-91da-8d7c34cbaa44\" target=\"_blank\" rel=\"noopener noreferrer\">appointment booking<\/a><\/p>\n<p class=\"p2\">As an inpatient physician at the Private Hospital D\u00f6bling I can perform the necessary intraocular lens calculation (biometry) for a required cataract surgery. In addition, I can do necessary laser treatments \u2013 at the retina, for retinal defects or vascular changes in the retina, or for capsular fibrosis after cataract surgery \u2013 directly on-site.<\/p>\n<p><a href=\"https:\/\/maps.app.goo.gl\/Nhv8Mf5QTxhnvwWx7\" target=\"_blank\" rel=\"noopener noreferrer\">Click here to see the location on Google maps and calculate your route.<\/a><\/p>\n<\/div><div class=\"fusion-layout-column fusion_builder_column fusion-builder-column-2 fusion_builder_column_1_1 1_1 fusion-one-full fusion-column-first fusion-column-last fusion-column-no-min-height\" style=\"--awb-bg-size:cover;--awb-margin-bottom:0px;width:100%;\"><div class=\"fusion-column-wrapper fusion-flex-column-wrapper-legacy\">\t\t\t\t\t<script type=\"text\/javascript\">\n\t\t\t\t\t\tvar map_fusion_map_69def2f905cfb;\n\t\t\t\t\t\tvar markers = [];\n\t\t\t\t\t\tvar counter = 0;\n\t\t\t\t\t\t\t\t\t\t\t\tfunction fusion_run_map_fusion_map_69def2f905cfb() {\n\t\t\t\t\t\t\tjQuery('#fusion_map_69def2f905cfb').fusion_maps({\n\t\t\t\t\t\t\t\taddresses: [{\"address\":\"Heiligenst\\u00e4dter Stra\\u00dfe 55-63, 1190 Wien\",\"infobox_content\":\"Dr. Falkner-Radler, Ordinationszentrum D\\u00f6bling, (01) 360 66 8000, 1190, Heiligenst\\u00e4dter Stra\\u00dfe 46-48\",\"coordinates\":false,\"cache\":true,\"latitude\":\"48.2388336\",\"longitude\":\"16.358542100000022\"}],\n\t\t\t\t\t\t\t\tanimations: true,\n\t\t\t\t\t\t\t\tinfobox_background_color: '#6b97bf',\n\t\t\t\t\t\t\t\tinfobox_styling: 'custom',\n\t\t\t\t\t\t\t\tinfobox_text_color: '',\n\t\t\t\t\t\t\t\tmap_style: 'custom',\n\t\t\t\t\t\t\t\tmap_type: 'roadmap',\n\t\t\t\t\t\t\t\tmarker_icon: '',\n\t\t\t\t\t\t\t\toverlay_color: '#67b7e1',\n\t\t\t\t\t\t\t\toverlay_color_hsl: {\"hue\":201,\"sat\":67,\"lum\":64},\n\t\t\t\t\t\t\t\tshow_address: true,\n\t\t\t\t\t\t\t\tscale_control: true,\n\t\t\t\t\t\t\t\tscrollwheel: true,\n\t\t\t\t\t\t\t\tzoom: 16,\n\t\t\t\t\t\t\t\tzoom_control: true,\n\t\t\t\t\t\t\t});\n\t\t\t\t\t\t}\n\n\t\t\t\t\t\tgoogle.maps.event.addDomListener(window, 'load', fusion_run_map_fusion_map_69def2f905cfb);\n\t\t\t\t\t<\/script>\n\t\t\t\t\t<div class=\"shortcode-map fusion-google-map fusion-maps-js-type\" style=\"--awb-height:400px;\" id=\"fusion_map_69def2f905cfb\"><\/div><div class=\"fusion-text fusion-text-2\"><hr \/>\n<hr \/>\n<h2>Consultation practice Vienna 19.<br \/>\nRudolfinerhaus, 1190 Vienna, Billrothstra\u00dfe 78<br \/>\nFriday 14: 00-16:00<br \/>\nSaturday morning (per appointment via E-Mail)<\/h2>\n<p>Appointment &amp; information:<br \/>\nMonday to Friday from 8:00 to 17:00 at <a href=\"tel:00431360365900\">+431\/360 36 5900<\/a><br \/>\n(Please mention, that you want an appointment with me).<\/p>\n<p>You can also send an email to:\u00a0<a href=\"mailto:ordination@falkner-radler.at\">ordination@falkner-radler.at<\/a><\/p>\n<p class=\"p2\">I am at your disposal for consultations in the Private Hospital Rudolfinerhaus.<\/p>\n<p><a href=\"https:\/\/www.google.at\/maps\/place\/Rudolfinerhaus+Privatklinik+GmbH\/@48.2433685,16.3450545,17z\/data=!3m1!4b1!4m5!3m4!1s0x476d0628941ca599:0x5aa8bae416698f41!8m2!3d48.2433649!4d16.3472432\" target=\"_blank\" rel=\"noopener noreferrer\">Click here to see the location on Google maps and calculate your route.<\/a><\/p>\n<\/div><div class=\"fusion-clearfix\"><\/div><\/div><\/div><div class=\"fusion-layout-column fusion_builder_column fusion-builder-column-3 fusion_builder_column_1_1 1_1 fusion-one-full fusion-column-first fusion-column-last fusion-column-no-min-height\" style=\"--awb-bg-size:cover;--awb-margin-bottom:0px;width:100%;\"><div class=\"fusion-column-wrapper fusion-flex-column-wrapper-legacy\"><div class=\"fusion-clearfix\"><\/div><\/div><\/div>\t\t\t\t\t<script type=\"text\/javascript\">\n\t\t\t\t\t\tvar map_fusion_map_69def2f905f84;\n\t\t\t\t\t\tvar markers = [];\n\t\t\t\t\t\tvar counter = 0;\n\t\t\t\t\t\t\t\t\t\t\t\tfunction fusion_run_map_fusion_map_69def2f905f84() {\n\t\t\t\t\t\t\tjQuery('#fusion_map_69def2f905f84').fusion_maps({\n\t\t\t\t\t\t\t\taddresses: [{\"address\":\"Billrothstra\\u00dfe 78, 1190 Wien\",\"infobox_content\":\"Dr. Falkner-Radler, Rudolfinerhaus, (01) 360 36 5900, 1190, Billrothstra\\u00dfe 78\",\"coordinates\":false,\"cache\":true,\"latitude\":\"48.2433849\",\"longitude\":\"16.347500500000024\"}],\n\t\t\t\t\t\t\t\tanimations: true,\n\t\t\t\t\t\t\t\tinfobox_background_color: '#6b97bf',\n\t\t\t\t\t\t\t\tinfobox_styling: 'custom',\n\t\t\t\t\t\t\t\tinfobox_text_color: '',\n\t\t\t\t\t\t\t\tmap_style: 'custom',\n\t\t\t\t\t\t\t\tmap_type: 'roadmap',\n\t\t\t\t\t\t\t\tmarker_icon: '',\n\t\t\t\t\t\t\t\toverlay_color: '#67b7e1',\n\t\t\t\t\t\t\t\toverlay_color_hsl: {\"hue\":201,\"sat\":67,\"lum\":64},\n\t\t\t\t\t\t\t\tshow_address: true,\n\t\t\t\t\t\t\t\tscale_control: true,\n\t\t\t\t\t\t\t\tscrollwheel: true,\n\t\t\t\t\t\t\t\tzoom: 16,\n\t\t\t\t\t\t\t\tzoom_control: true,\n\t\t\t\t\t\t\t});\n\t\t\t\t\t\t}\n\n\t\t\t\t\t\tgoogle.maps.event.addDomListener(window, 'load', fusion_run_map_fusion_map_69def2f905f84);\n\t\t\t\t\t<\/script>\n\t\t\t\t\t<div class=\"shortcode-map fusion-google-map fusion-maps-js-type\" style=\"--awb-height:400px;\" id=\"fusion_map_69def2f905f84\"><\/div><div class=\"fusion-text fusion-text-3\"><\/div><\/p>\n<p><iframe id=\"ritetag-cps-check\" style=\"display: none;\" src=\"https:\/\/cdn.ritekit.com\/csp-cookie-check.html\"><\/iframe><\/p>\n<p><iframe id=\"ritetag-cps-check\" style=\"display: none;\" src=\"https:\/\/cdn.ritekit.com\/csp-cookie-check.html\"><\/iframe><\/p>\n<p><iframe id=\"ritetag-cps-check\" style=\"display: none;\" src=\"https:\/\/cdn.ritekit.com\/csp-cookie-check.html\"><\/iframe><\/p>\n<p><iframe id=\"ritetag-cps-check\" style=\"display: none;\" src=\"https:\/\/cdn.ritekit.com\/csp-cookie-check.html\"><\/iframe><\/p>\n","protected":false},"excerpt":{"rendered":"<p>Priv.-Doz. Dr. Christiane Falkner-Radler, Augenchirurgie Fach\u00e4rztin f\u00fcr Augenheilkunde und Optometrie, Augenarzt Gastprofessorin an der Medizinischen Universit\u00e4t Wien Ober\u00e4rztin an der Klinik Landstra\u00dfe F\u00fcr meine Ordinationen in Wien 9. (Sensengasse 3) und Wien 19. (Heiligenst\u00e4dter Stra\u00dfe 46-48) k\u00f6nnen Sie gleich hier online einen Termin buchen: Ordination Wien 9. MEDVIENNA, 1090 Wien, Sensengasse 3 Dienstag 13.00\u201319.00 Uhr  [&#8230;]<\/p>\n","protected":false},"author":1,"featured_media":0,"parent":0,"menu_order":4,"comment_status":"closed","ping_status":"closed","template":"","meta":{"footnotes":""},"class_list":["post-10","page","type-page","status-publish","hentry"],"translation":{"provider":"WPGlobus","version":"3.0.2","language":"en","enabled_languages":["de","en","ru"],"languages":{"de":{"title":true,"content":true,"excerpt":false},"en":{"title":true,"content":true,"excerpt":false},"ru":{"title":true,"content":true,"excerpt":false}}},"_links":{"self":[{"href":"https:\/\/augenchirurgie.org\/en\/wp-json\/wp\/v2\/pages\/10","targetHints":{"allow":["GET"]}}],"collection":[{"href":"https:\/\/augenchirurgie.org\/en\/wp-json\/wp\/v2\/pages"}],"about":[{"href":"https:\/\/augenchirurgie.org\/en\/wp-json\/wp\/v2\/types\/page"}],"author":[{"embeddable":true,"href":"https:\/\/augenchirurgie.org\/en\/wp-json\/wp\/v2\/users\/1"}],"replies":[{"embeddable":true,"href":"https:\/\/augenchirurgie.org\/en\/wp-json\/wp\/v2\/comments?post=10"}],"version-history":[{"count":235,"href":"https:\/\/augenchirurgie.org\/en\/wp-json\/wp\/v2\/pages\/10\/revisions"}],"predecessor-version":[{"id":13610,"href":"https:\/\/augenchirurgie.org\/en\/wp-json\/wp\/v2\/pages\/10\/revisions\/13610"}],"wp:attachment":[{"href":"https:\/\/augenchirurgie.org\/en\/wp-json\/wp\/v2\/media?parent=10"}],"curies":[{"name":"wp","href":"https:\/\/api.w.org\/{rel}","templated":true}]}}